{"id":20301,"date":"2021-09-17T15:55:29","date_gmt":"2021-09-17T15:55:29","guid":{"rendered":"https:\/\/subiton.com\/producto\/subiton-espacador-acetabular-do-quadril\/"},"modified":"2025-08-05T14:25:58","modified_gmt":"2025-08-05T14:25:58","slug":"subiton-espacador-acetabular-do-quadril","status":"publish","type":"product","link":"https:\/\/subiton.com\/pt-br\/producto\/subiton-espacador-acetabular-do-quadril\/","title":{"rendered":"Subiton espa\u00e7ador acetabular do quadril"},"content":{"rendered":"","protected":false},"excerpt":{"rendered":"<p><strong>ESPA\u00c7ADOR ACETABULAR DO QUADRIL<\/strong><\/p>\n<p>O Espa\u00e7ador de quadril com componente acetabular complementa a gama de produtos de espa\u00e7adores Subiton.<br \/>\nA vantagem de contar com espa\u00e7ador de c\u00f3tilo junto com o de f\u00eamur \u00e9 que permite a articula\u00e7\u00e3o entre dois componentes desenhados especificamente para agirem em conjunto (cabe\u00e7a femoral e superf\u00edcie interna do c\u00f3tilo).<\/p>\n<p>Isto permite:<\/p>\n<ul>\n<li>Melhorar a mobilidade do quadril do paciente.<\/li>\n<li>Diminuir o risco de prejudicar o remanente \u00f3sseo (stock \u00f3sseo) do c\u00f3tilo do paciente.<\/li>\n<li>Diminuir ou eliminar o rangido que, \u00e0s vezes, gera a fric\u00e7\u00e3o da cabe\u00e7a femoral e o osso do paciente.<\/li>\n<li>Aumentar a estabilidade do espa\u00e7ador.<\/li>\n<li>Aumentar a superf\u00edcie de libera\u00e7\u00e3o antibi\u00f3tica, aumentando as concentra\u00e7\u00f5es locais de antibi\u00f3tico.<\/li>\n<li>Realizar uma displasia acetabular com cimento quando for necess\u00e1rio.<\/li>\n<li>Manter o espa\u00e7ador por mais tempo no paciente se for preciso.<\/li>\n<li>Melhorar o conforto para o paciente.<\/li>\n<li>Fixar o c\u00f3tilo com cimento com atb.<\/li>\n<li>Por meio da superf\u00edcie externa do c\u00f3tilo estriada aumentar a fixa\u00e7\u00e3o sem comprometer a possibilidade de sua extra\u00e7\u00e3o.<\/li>\n<\/ul>\n<p>O espa\u00e7ador acetabular <strong>Subiton<\/strong> implanta-se exclusivamente com o espa\u00e7ador de quadril 40C e 40CXL.<\/p>\n<hr \/>\n<p>REF 886133 \/ 50 mm \/ com gentamicina.<br \/>\nREF 886138 \/ 55 mm \/ com gentamicina.<\/p>\n","protected":false},"featured_media":20296,"template":"","meta":{"_monsterinsights_skip_tracking":false,"_monsterinsights_sitenote_active":false,"_monsterinsights_sitenote_note":"","_monsterinsights_sitenote_category":0},"product_brand":[],"product_cat":[766,763],"product_tag":[],"class_list":{"0":"post-20301","1":"product","2":"type-product","3":"status-publish","4":"has-post-thumbnail","6":"product_cat-espacadores-articulares","7":"product_cat-ortopedia-pt-br","9":"first","10":"instock","11":"shipping-taxable","12":"product-type-simple"},"yoast_head":"<!-- This site is optimized with the Yoast SEO plugin v27.5 - https:\/\/yoast.com\/product\/yoast-seo-wordpress\/ -->\n<title>Subiton espa\u00e7ador acetabular do quadril - Subiton<\/title>\n<meta name=\"robots\" content=\"index, follow, max-snippet:-1, max-image-preview:large, max-video-preview:-1\" \/>\n<link rel=\"canonical\" href=\"https:\/\/subiton.com\/pt-br\/producto\/subiton-espacador-acetabular-do-quadril\/\" \/>\n<meta property=\"og:locale\" content=\"pt_BR\" \/>\n<meta property=\"og:type\" content=\"article\" \/>\n<meta property=\"og:title\" content=\"Subiton espa\u00e7ador acetabular do quadril - Subiton\" \/>\n<meta property=\"og:description\" content=\"ESPA\u00c7ADOR ACETABULAR DO QUADRIL  O Espa\u00e7ador de quadril com componente acetabular complementa a gama de produtos de espa\u00e7adores Subiton. A vantagem de contar com espa\u00e7ador de c\u00f3tilo junto com o de f\u00eamur \u00e9 que permite a articula\u00e7\u00e3o entre dois componentes desenhados especificamente para agirem em conjunto (cabe\u00e7a femoral e superf\u00edcie interna do c\u00f3tilo).  Isto permite:   Melhorar a mobilidade do quadril do paciente.  Diminuir o risco de prejudicar o remanente \u00f3sseo (stock \u00f3sseo) do c\u00f3tilo do paciente.  Diminuir ou eliminar o rangido que, \u00e0s vezes, gera a fric\u00e7\u00e3o da cabe\u00e7a femoral e o osso do paciente.  Aumentar a estabilidade do espa\u00e7ador.  Aumentar a superf\u00edcie de libera\u00e7\u00e3o antibi\u00f3tica, aumentando as concentra\u00e7\u00f5es locais de antibi\u00f3tico.  Realizar uma displasia acetabular com cimento quando for necess\u00e1rio.  Manter o espa\u00e7ador por mais tempo no paciente se for preciso.  Melhorar o conforto para o paciente.  Fixar o c\u00f3tilo com cimento com atb.  Por meio da superf\u00edcie externa do c\u00f3tilo estriada aumentar a fixa\u00e7\u00e3o sem comprometer a possibilidade de sua extra\u00e7\u00e3o.  O espa\u00e7ador acetabular Subiton implanta-se exclusivamente com o espa\u00e7ador de quadril 40C e 40CXL.    REF 886133 \/ 50 mm \/ com gentamicina. REF 886138 \/ 55 mm \/ com gentamicina.\" \/>\n<meta property=\"og:url\" content=\"https:\/\/subiton.com\/pt-br\/producto\/subiton-espacador-acetabular-do-quadril\/\" \/>\n<meta property=\"og:site_name\" content=\"Subiton\" \/>\n<meta property=\"article:modified_time\" content=\"2025-08-05T14:25:58+00:00\" \/>\n<meta property=\"og:image\" content=\"https:\/\/subiton.com\/wp-content\/uploads\/2021\/09\/Subiton-acetabular_01.jpg\" \/>\n\t<meta property=\"og:image:width\" content=\"540\" \/>\n\t<meta property=\"og:image:height\" content=\"400\" \/>\n\t<meta property=\"og:image:type\" content=\"image\/jpeg\" \/>\n<meta name=\"twitter:card\" content=\"summary_large_image\" \/>\n<script type=\"application\/ld+json\" class=\"yoast-schema-graph\">{\"@context\":\"https:\\\/\\\/schema.org\",\"@graph\":[{\"@type\":\"WebPage\",\"@id\":\"https:\\\/\\\/subiton.com\\\/pt-br\\\/producto\\\/subiton-espacador-acetabular-do-quadril\\\/\",\"url\":\"https:\\\/\\\/subiton.com\\\/pt-br\\\/producto\\\/subiton-espacador-acetabular-do-quadril\\\/\",\"name\":\"Subiton espa\u00e7ador acetabular do quadril - Subiton\",\"isPartOf\":{\"@id\":\"https:\\\/\\\/subiton.com\\\/pt-br\\\/#website\"},\"primaryImageOfPage\":{\"@id\":\"https:\\\/\\\/subiton.com\\\/pt-br\\\/producto\\\/subiton-espacador-acetabular-do-quadril\\\/#primaryimage\"},\"image\":{\"@id\":\"https:\\\/\\\/subiton.com\\\/pt-br\\\/producto\\\/subiton-espacador-acetabular-do-quadril\\\/#primaryimage\"},\"thumbnailUrl\":\"https:\\\/\\\/subiton.com\\\/wp-content\\\/uploads\\\/2021\\\/09\\\/Subiton-acetabular_01.jpg\",\"datePublished\":\"2021-09-17T15:55:29+00:00\",\"dateModified\":\"2025-08-05T14:25:58+00:00\",\"breadcrumb\":{\"@id\":\"https:\\\/\\\/subiton.com\\\/pt-br\\\/producto\\\/subiton-espacador-acetabular-do-quadril\\\/#breadcrumb\"},\"inLanguage\":\"pt-BR\",\"potentialAction\":[{\"@type\":\"ReadAction\",\"target\":[\"https:\\\/\\\/subiton.com\\\/pt-br\\\/producto\\\/subiton-espacador-acetabular-do-quadril\\\/\"]}]},{\"@type\":\"ImageObject\",\"inLanguage\":\"pt-BR\",\"@id\":\"https:\\\/\\\/subiton.com\\\/pt-br\\\/producto\\\/subiton-espacador-acetabular-do-quadril\\\/#primaryimage\",\"url\":\"https:\\\/\\\/subiton.com\\\/wp-content\\\/uploads\\\/2021\\\/09\\\/Subiton-acetabular_01.jpg\",\"contentUrl\":\"https:\\\/\\\/subiton.com\\\/wp-content\\\/uploads\\\/2021\\\/09\\\/Subiton-acetabular_01.jpg\",\"width\":540,\"height\":400,\"caption\":\"subiton acetabular\"},{\"@type\":\"BreadcrumbList\",\"@id\":\"https:\\\/\\\/subiton.com\\\/pt-br\\\/producto\\\/subiton-espacador-acetabular-do-quadril\\\/#breadcrumb\",\"itemListElement\":[{\"@type\":\"ListItem\",\"position\":1,\"name\":\"Portada\",\"item\":\"https:\\\/\\\/subiton.com\\\/pt-br\\\/\"},{\"@type\":\"ListItem\",\"position\":2,\"name\":\"Produtos\",\"item\":\"https:\\\/\\\/subiton.com\\\/pt-br\\\/produtos-port\\\/\"},{\"@type\":\"ListItem\",\"position\":3,\"name\":\"Subiton espa\u00e7ador acetabular do quadril\"}]},{\"@type\":\"WebSite\",\"@id\":\"https:\\\/\\\/subiton.com\\\/pt-br\\\/#website\",\"url\":\"https:\\\/\\\/subiton.com\\\/pt-br\\\/\",\"name\":\"Subiton\",\"description\":\"Laboratorios SL S.A.\",\"publisher\":{\"@id\":\"https:\\\/\\\/subiton.com\\\/pt-br\\\/#organization\"},\"potentialAction\":[{\"@type\":\"SearchAction\",\"target\":{\"@type\":\"EntryPoint\",\"urlTemplate\":\"https:\\\/\\\/subiton.com\\\/pt-br\\\/?s={search_term_string}\"},\"query-input\":{\"@type\":\"PropertyValueSpecification\",\"valueRequired\":true,\"valueName\":\"search_term_string\"}}],\"inLanguage\":\"pt-BR\"},{\"@type\":\"Organization\",\"@id\":\"https:\\\/\\\/subiton.com\\\/pt-br\\\/#organization\",\"name\":\"Subiton\",\"url\":\"https:\\\/\\\/subiton.com\\\/pt-br\\\/\",\"logo\":{\"@type\":\"ImageObject\",\"inLanguage\":\"pt-BR\",\"@id\":\"https:\\\/\\\/subiton.com\\\/pt-br\\\/#\\\/schema\\\/logo\\\/image\\\/\",\"url\":\"https:\\\/\\\/subiton.com\\\/wp-content\\\/uploads\\\/2017\\\/11\\\/logo_subiton_azul-1.png\",\"contentUrl\":\"https:\\\/\\\/subiton.com\\\/wp-content\\\/uploads\\\/2017\\\/11\\\/logo_subiton_azul-1.png\",\"width\":180,\"height\":43,\"caption\":\"Subiton\"},\"image\":{\"@id\":\"https:\\\/\\\/subiton.com\\\/pt-br\\\/#\\\/schema\\\/logo\\\/image\\\/\"},\"sameAs\":[\"https:\\\/\\\/www.linkedin.com\\\/company\\\/subiton-laboratorios-sl-sa\\\/\",\"https:\\\/\\\/www.youtube.com\\\/channel\\\/UC8B4_Z3h0_Q1agT-sABTYQw?view_as=subscriber\"]}]}<\/script>\n<!-- \/ Yoast SEO plugin. -->","yoast_head_json":{"title":"Subiton espa\u00e7ador acetabular do quadril - Subiton","robots":{"index":"index","follow":"follow","max-snippet":"max-snippet:-1","max-image-preview":"max-image-preview:large","max-video-preview":"max-video-preview:-1"},"canonical":"https:\/\/subiton.com\/pt-br\/producto\/subiton-espacador-acetabular-do-quadril\/","og_locale":"pt_BR","og_type":"article","og_title":"Subiton espa\u00e7ador acetabular do quadril - Subiton","og_description":"ESPA\u00c7ADOR ACETABULAR DO QUADRIL  O Espa\u00e7ador de quadril com componente acetabular complementa a gama de produtos de espa\u00e7adores Subiton. A vantagem de contar com espa\u00e7ador de c\u00f3tilo junto com o de f\u00eamur \u00e9 que permite a articula\u00e7\u00e3o entre dois componentes desenhados especificamente para agirem em conjunto (cabe\u00e7a femoral e superf\u00edcie interna do c\u00f3tilo).  Isto permite:   Melhorar a mobilidade do quadril do paciente.  Diminuir o risco de prejudicar o remanente \u00f3sseo (stock \u00f3sseo) do c\u00f3tilo do paciente.  Diminuir ou eliminar o rangido que, \u00e0s vezes, gera a fric\u00e7\u00e3o da cabe\u00e7a femoral e o osso do paciente.  Aumentar a estabilidade do espa\u00e7ador.  Aumentar a superf\u00edcie de libera\u00e7\u00e3o antibi\u00f3tica, aumentando as concentra\u00e7\u00f5es locais de antibi\u00f3tico.  Realizar uma displasia acetabular com cimento quando for necess\u00e1rio.  Manter o espa\u00e7ador por mais tempo no paciente se for preciso.  Melhorar o conforto para o paciente.  Fixar o c\u00f3tilo com cimento com atb.  Por meio da superf\u00edcie externa do c\u00f3tilo estriada aumentar a fixa\u00e7\u00e3o sem comprometer a possibilidade de sua extra\u00e7\u00e3o.  O espa\u00e7ador acetabular Subiton implanta-se exclusivamente com o espa\u00e7ador de quadril 40C e 40CXL.    REF 886133 \/ 50 mm \/ com gentamicina. REF 886138 \/ 55 mm \/ com gentamicina.","og_url":"https:\/\/subiton.com\/pt-br\/producto\/subiton-espacador-acetabular-do-quadril\/","og_site_name":"Subiton","article_modified_time":"2025-08-05T14:25:58+00:00","og_image":[{"width":540,"height":400,"url":"https:\/\/subiton.com\/wp-content\/uploads\/2021\/09\/Subiton-acetabular_01.jpg","type":"image\/jpeg"}],"twitter_card":"summary_large_image","schema":{"@context":"https:\/\/schema.org","@graph":[{"@type":"WebPage","@id":"https:\/\/subiton.com\/pt-br\/producto\/subiton-espacador-acetabular-do-quadril\/","url":"https:\/\/subiton.com\/pt-br\/producto\/subiton-espacador-acetabular-do-quadril\/","name":"Subiton espa\u00e7ador acetabular do quadril - Subiton","isPartOf":{"@id":"https:\/\/subiton.com\/pt-br\/#website"},"primaryImageOfPage":{"@id":"https:\/\/subiton.com\/pt-br\/producto\/subiton-espacador-acetabular-do-quadril\/#primaryimage"},"image":{"@id":"https:\/\/subiton.com\/pt-br\/producto\/subiton-espacador-acetabular-do-quadril\/#primaryimage"},"thumbnailUrl":"https:\/\/subiton.com\/wp-content\/uploads\/2021\/09\/Subiton-acetabular_01.jpg","datePublished":"2021-09-17T15:55:29+00:00","dateModified":"2025-08-05T14:25:58+00:00","breadcrumb":{"@id":"https:\/\/subiton.com\/pt-br\/producto\/subiton-espacador-acetabular-do-quadril\/#breadcrumb"},"inLanguage":"pt-BR","potentialAction":[{"@type":"ReadAction","target":["https:\/\/subiton.com\/pt-br\/producto\/subiton-espacador-acetabular-do-quadril\/"]}]},{"@type":"ImageObject","inLanguage":"pt-BR","@id":"https:\/\/subiton.com\/pt-br\/producto\/subiton-espacador-acetabular-do-quadril\/#primaryimage","url":"https:\/\/subiton.com\/wp-content\/uploads\/2021\/09\/Subiton-acetabular_01.jpg","contentUrl":"https:\/\/subiton.com\/wp-content\/uploads\/2021\/09\/Subiton-acetabular_01.jpg","width":540,"height":400,"caption":"subiton acetabular"},{"@type":"BreadcrumbList","@id":"https:\/\/subiton.com\/pt-br\/producto\/subiton-espacador-acetabular-do-quadril\/#breadcrumb","itemListElement":[{"@type":"ListItem","position":1,"name":"Portada","item":"https:\/\/subiton.com\/pt-br\/"},{"@type":"ListItem","position":2,"name":"Produtos","item":"https:\/\/subiton.com\/pt-br\/produtos-port\/"},{"@type":"ListItem","position":3,"name":"Subiton espa\u00e7ador acetabular do quadril"}]},{"@type":"WebSite","@id":"https:\/\/subiton.com\/pt-br\/#website","url":"https:\/\/subiton.com\/pt-br\/","name":"Subiton","description":"Laboratorios SL S.A.","publisher":{"@id":"https:\/\/subiton.com\/pt-br\/#organization"},"potentialAction":[{"@type":"SearchAction","target":{"@type":"EntryPoint","urlTemplate":"https:\/\/subiton.com\/pt-br\/?s={search_term_string}"},"query-input":{"@type":"PropertyValueSpecification","valueRequired":true,"valueName":"search_term_string"}}],"inLanguage":"pt-BR"},{"@type":"Organization","@id":"https:\/\/subiton.com\/pt-br\/#organization","name":"Subiton","url":"https:\/\/subiton.com\/pt-br\/","logo":{"@type":"ImageObject","inLanguage":"pt-BR","@id":"https:\/\/subiton.com\/pt-br\/#\/schema\/logo\/image\/","url":"https:\/\/subiton.com\/wp-content\/uploads\/2017\/11\/logo_subiton_azul-1.png","contentUrl":"https:\/\/subiton.com\/wp-content\/uploads\/2017\/11\/logo_subiton_azul-1.png","width":180,"height":43,"caption":"Subiton"},"image":{"@id":"https:\/\/subiton.com\/pt-br\/#\/schema\/logo\/image\/"},"sameAs":["https:\/\/www.linkedin.com\/company\/subiton-laboratorios-sl-sa\/","https:\/\/www.youtube.com\/channel\/UC8B4_Z3h0_Q1agT-sABTYQw?view_as=subscriber"]}]}},"_links":{"self":[{"href":"https:\/\/subiton.com\/pt-br\/wp-json\/wp\/v2\/product\/20301","targetHints":{"allow":["GET"]}}],"collection":[{"href":"https:\/\/subiton.com\/pt-br\/wp-json\/wp\/v2\/product"}],"about":[{"href":"https:\/\/subiton.com\/pt-br\/wp-json\/wp\/v2\/types\/product"}],"wp:featuredmedia":[{"embeddable":true,"href":"https:\/\/subiton.com\/pt-br\/wp-json\/wp\/v2\/media\/20296"}],"wp:attachment":[{"href":"https:\/\/subiton.com\/pt-br\/wp-json\/wp\/v2\/media?parent=20301"}],"wp:term":[{"taxonomy":"product_brand","embeddable":true,"href":"https:\/\/subiton.com\/pt-br\/wp-json\/wp\/v2\/product_brand?post=20301"},{"taxonomy":"product_cat","embeddable":true,"href":"https:\/\/subiton.com\/pt-br\/wp-json\/wp\/v2\/product_cat?post=20301"},{"taxonomy":"product_tag","embeddable":true,"href":"https:\/\/subiton.com\/pt-br\/wp-json\/wp\/v2\/product_tag?post=20301"}],"curies":[{"name":"wp","href":"https:\/\/api.w.org\/{rel}","templated":true}]}}