{"id":20219,"date":"2020-09-11T17:29:57","date_gmt":"2020-09-11T17:29:57","guid":{"rendered":"https:\/\/subiton.com\/producto\/subiton-cranioplasties-g\/"},"modified":"2025-08-05T15:45:15","modified_gmt":"2025-08-05T15:45:15","slug":"subiton-cranioplasties-g","status":"publish","type":"product","link":"https:\/\/subiton.com\/pt-br\/producto\/subiton-cranioplasties-g\/","title":{"rendered":"Subiton Craneoplast\u00edas G"},"content":{"rendered":"","protected":false},"excerpt":{"rendered":"<p id=\"tw-target-text\" class=\"tw-data-text tw-text-large XcVN5d tw-ta\" dir=\"ltr\" data-placeholder=\"Traducci\u00f3n\"><strong><span class=\"Y2IQFc\" lang=\"pt\">CIMENTO CIR\u00daRGICO EST\u00c9RIL COM GENTAMICINA PARA CRANEOPLASTIA. <\/span><\/strong><\/p>\n<p class=\"tw-data-text tw-text-large XcVN5d tw-ta\" dir=\"ltr\" data-placeholder=\"Traducci\u00f3n\"><span class=\"Y2IQFc\" lang=\"pt\">Sua aplica\u00e7\u00e3o \u00e9 especialmente indicada em Neurocirurgia, Cirurgia Maxilofacial, Otorrinolaringologia e Cirurgia Pl\u00e1stica para a corre\u00e7\u00e3o de defeitos \u00f3sseos cranianos e faciais de origem traum\u00e1tica, cir\u00fargica ou tumoral. Este cimento \u00e9 particularmente indicado em pacientes com hist\u00f3ria cl\u00ednica ou cir\u00fargica que permita prever um maior risco de infec\u00e7\u00e3o da nova pr\u00f3tese, interven\u00e7\u00f5es cir\u00fargicas complexas ou como coadjuvante na preven\u00e7\u00e3o de infec\u00e7\u00f5es do s\u00edtio cir\u00fargico por germes sens\u00edveis \u00e0 gentamicina. <\/span><\/p>\n<ul>\n<li class=\"tw-data-text tw-text-large XcVN5d tw-ta\" dir=\"ltr\" data-placeholder=\"Traducci\u00f3n\"><span class=\"Y2IQFc\" lang=\"pt\">Excelente tempo de trabalho em estado pl\u00e1stico. <\/span><\/li>\n<li class=\"tw-data-text tw-text-large XcVN5d tw-ta\" dir=\"ltr\" data-placeholder=\"Traducci\u00f3n\"><span class=\"Y2IQFc\" lang=\"pt\">Permite uma melhor obten\u00e7\u00e3o de impress\u00f5es. <\/span><\/li>\n<li class=\"tw-data-text tw-text-large XcVN5d tw-ta\" dir=\"ltr\" data-placeholder=\"Traducci\u00f3n\"><span class=\"Y2IQFc\" lang=\"pt\">Radiotransparente.<\/span><\/li>\n<\/ul>\n<hr \/>\n<p><strong>Presentaci\u00f3n:<\/strong><br \/>\n30g + 17ml &#8211; REF 880121 (2 dosis)<br \/>\n30g + 17ml &#8211; REF 880131<\/p>\n","protected":false},"featured_media":20758,"template":"","meta":{"_monsterinsights_skip_tracking":false,"_monsterinsights_sitenote_active":false,"_monsterinsights_sitenote_note":"","_monsterinsights_sitenote_category":0},"product_brand":[],"product_cat":[761,759],"product_tag":[],"class_list":{"0":"post-20219","1":"product","2":"type-product","3":"status-publish","4":"has-post-thumbnail","6":"product_cat-craneoplastia-pt-br","7":"product_cat-nuerosurgia-pt-br","9":"first","10":"instock","11":"shipping-taxable","12":"product-type-simple"},"yoast_head":"<!-- This site is optimized with the Yoast SEO plugin v27.3 - https:\/\/yoast.com\/product\/yoast-seo-wordpress\/ -->\n<title>Subiton Craneoplast\u00edas G - Subiton<\/title>\n<meta name=\"robots\" content=\"index, follow, max-snippet:-1, max-image-preview:large, max-video-preview:-1\" \/>\n<link rel=\"canonical\" href=\"https:\/\/subiton.com\/pt-br\/producto\/subiton-cranioplasties-g\/\" \/>\n<meta property=\"og:locale\" content=\"pt_BR\" \/>\n<meta property=\"og:type\" content=\"article\" \/>\n<meta property=\"og:title\" content=\"Subiton Craneoplast\u00edas G - Subiton\" \/>\n<meta property=\"og:description\" content=\"CIMENTO CIR\u00daRGICO EST\u00c9RIL COM GENTAMICINA PARA CRANEOPLASTIA.  Sua aplica\u00e7\u00e3o \u00e9 especialmente indicada em Neurocirurgia, Cirurgia Maxilofacial, Otorrinolaringologia e Cirurgia Pl\u00e1stica para a corre\u00e7\u00e3o de defeitos \u00f3sseos cranianos e faciais de origem traum\u00e1tica, cir\u00fargica ou tumoral. Este cimento \u00e9 particularmente indicado em pacientes com hist\u00f3ria cl\u00ednica ou cir\u00fargica que permita prever um maior risco de infec\u00e7\u00e3o da nova pr\u00f3tese, interven\u00e7\u00f5es cir\u00fargicas complexas ou como coadjuvante na preven\u00e7\u00e3o de infec\u00e7\u00f5es do s\u00edtio cir\u00fargico por germes sens\u00edveis \u00e0 gentamicina.     Excelente tempo de trabalho em estado pl\u00e1stico.   Permite uma melhor obten\u00e7\u00e3o de impress\u00f5es.   Radiotransparente.     Presentaci\u00f3n: 30g + 17ml - REF 880121 (2 dosis) 30g + 17ml - REF 880131\" \/>\n<meta property=\"og:url\" content=\"https:\/\/subiton.com\/pt-br\/producto\/subiton-cranioplasties-g\/\" \/>\n<meta property=\"og:site_name\" content=\"Subiton\" \/>\n<meta property=\"article:modified_time\" content=\"2025-08-05T15:45:15+00:00\" \/>\n<meta property=\"og:image\" content=\"https:\/\/subiton.com\/wp-content\/uploads\/2020\/09\/subiton-craneoplastias-g_2dosis-5.jpg\" \/>\n\t<meta property=\"og:image:width\" content=\"540\" \/>\n\t<meta property=\"og:image:height\" content=\"400\" \/>\n\t<meta property=\"og:image:type\" content=\"image\/jpeg\" \/>\n<meta name=\"twitter:card\" content=\"summary_large_image\" \/>\n<script type=\"application\/ld+json\" class=\"yoast-schema-graph\">{\"@context\":\"https:\\\/\\\/schema.org\",\"@graph\":[{\"@type\":\"WebPage\",\"@id\":\"https:\\\/\\\/subiton.com\\\/pt-br\\\/producto\\\/subiton-cranioplasties-g\\\/\",\"url\":\"https:\\\/\\\/subiton.com\\\/pt-br\\\/producto\\\/subiton-cranioplasties-g\\\/\",\"name\":\"Subiton Craneoplast\u00edas G - Subiton\",\"isPartOf\":{\"@id\":\"https:\\\/\\\/subiton.com\\\/pt-br\\\/#website\"},\"primaryImageOfPage\":{\"@id\":\"https:\\\/\\\/subiton.com\\\/pt-br\\\/producto\\\/subiton-cranioplasties-g\\\/#primaryimage\"},\"image\":{\"@id\":\"https:\\\/\\\/subiton.com\\\/pt-br\\\/producto\\\/subiton-cranioplasties-g\\\/#primaryimage\"},\"thumbnailUrl\":\"https:\\\/\\\/subiton.com\\\/wp-content\\\/uploads\\\/2020\\\/09\\\/subiton-craneoplastias-g_2dosis-5.jpg\",\"datePublished\":\"2020-09-11T17:29:57+00:00\",\"dateModified\":\"2025-08-05T15:45:15+00:00\",\"breadcrumb\":{\"@id\":\"https:\\\/\\\/subiton.com\\\/pt-br\\\/producto\\\/subiton-cranioplasties-g\\\/#breadcrumb\"},\"inLanguage\":\"pt-BR\",\"potentialAction\":[{\"@type\":\"ReadAction\",\"target\":[\"https:\\\/\\\/subiton.com\\\/pt-br\\\/producto\\\/subiton-cranioplasties-g\\\/\"]}]},{\"@type\":\"ImageObject\",\"inLanguage\":\"pt-BR\",\"@id\":\"https:\\\/\\\/subiton.com\\\/pt-br\\\/producto\\\/subiton-cranioplasties-g\\\/#primaryimage\",\"url\":\"https:\\\/\\\/subiton.com\\\/wp-content\\\/uploads\\\/2020\\\/09\\\/subiton-craneoplastias-g_2dosis-5.jpg\",\"contentUrl\":\"https:\\\/\\\/subiton.com\\\/wp-content\\\/uploads\\\/2020\\\/09\\\/subiton-craneoplastias-g_2dosis-5.jpg\",\"width\":540,\"height\":400},{\"@type\":\"BreadcrumbList\",\"@id\":\"https:\\\/\\\/subiton.com\\\/pt-br\\\/producto\\\/subiton-cranioplasties-g\\\/#breadcrumb\",\"itemListElement\":[{\"@type\":\"ListItem\",\"position\":1,\"name\":\"Portada\",\"item\":\"https:\\\/\\\/subiton.com\\\/pt-br\\\/\"},{\"@type\":\"ListItem\",\"position\":2,\"name\":\"Produtos\",\"item\":\"https:\\\/\\\/subiton.com\\\/pt-br\\\/produtos-port\\\/\"},{\"@type\":\"ListItem\",\"position\":3,\"name\":\"Subiton Craneoplast\u00edas G\"}]},{\"@type\":\"WebSite\",\"@id\":\"https:\\\/\\\/subiton.com\\\/pt-br\\\/#website\",\"url\":\"https:\\\/\\\/subiton.com\\\/pt-br\\\/\",\"name\":\"Subiton\",\"description\":\"Laboratorios SL S.A.\",\"publisher\":{\"@id\":\"https:\\\/\\\/subiton.com\\\/pt-br\\\/#organization\"},\"potentialAction\":[{\"@type\":\"SearchAction\",\"target\":{\"@type\":\"EntryPoint\",\"urlTemplate\":\"https:\\\/\\\/subiton.com\\\/pt-br\\\/?s={search_term_string}\"},\"query-input\":{\"@type\":\"PropertyValueSpecification\",\"valueRequired\":true,\"valueName\":\"search_term_string\"}}],\"inLanguage\":\"pt-BR\"},{\"@type\":\"Organization\",\"@id\":\"https:\\\/\\\/subiton.com\\\/pt-br\\\/#organization\",\"name\":\"Subiton\",\"url\":\"https:\\\/\\\/subiton.com\\\/pt-br\\\/\",\"logo\":{\"@type\":\"ImageObject\",\"inLanguage\":\"pt-BR\",\"@id\":\"https:\\\/\\\/subiton.com\\\/pt-br\\\/#\\\/schema\\\/logo\\\/image\\\/\",\"url\":\"https:\\\/\\\/subiton.com\\\/wp-content\\\/uploads\\\/2017\\\/11\\\/logo_subiton_azul-1.png\",\"contentUrl\":\"https:\\\/\\\/subiton.com\\\/wp-content\\\/uploads\\\/2017\\\/11\\\/logo_subiton_azul-1.png\",\"width\":180,\"height\":43,\"caption\":\"Subiton\"},\"image\":{\"@id\":\"https:\\\/\\\/subiton.com\\\/pt-br\\\/#\\\/schema\\\/logo\\\/image\\\/\"},\"sameAs\":[\"https:\\\/\\\/www.linkedin.com\\\/company\\\/subiton-laboratorios-sl-sa\\\/\",\"https:\\\/\\\/www.youtube.com\\\/channel\\\/UC8B4_Z3h0_Q1agT-sABTYQw?view_as=subscriber\"]}]}<\/script>\n<!-- \/ Yoast SEO plugin. -->","yoast_head_json":{"title":"Subiton Craneoplast\u00edas G - Subiton","robots":{"index":"index","follow":"follow","max-snippet":"max-snippet:-1","max-image-preview":"max-image-preview:large","max-video-preview":"max-video-preview:-1"},"canonical":"https:\/\/subiton.com\/pt-br\/producto\/subiton-cranioplasties-g\/","og_locale":"pt_BR","og_type":"article","og_title":"Subiton Craneoplast\u00edas G - Subiton","og_description":"CIMENTO CIR\u00daRGICO EST\u00c9RIL COM GENTAMICINA PARA CRANEOPLASTIA.  Sua aplica\u00e7\u00e3o \u00e9 especialmente indicada em Neurocirurgia, Cirurgia Maxilofacial, Otorrinolaringologia e Cirurgia Pl\u00e1stica para a corre\u00e7\u00e3o de defeitos \u00f3sseos cranianos e faciais de origem traum\u00e1tica, cir\u00fargica ou tumoral. Este cimento \u00e9 particularmente indicado em pacientes com hist\u00f3ria cl\u00ednica ou cir\u00fargica que permita prever um maior risco de infec\u00e7\u00e3o da nova pr\u00f3tese, interven\u00e7\u00f5es cir\u00fargicas complexas ou como coadjuvante na preven\u00e7\u00e3o de infec\u00e7\u00f5es do s\u00edtio cir\u00fargico por germes sens\u00edveis \u00e0 gentamicina.     Excelente tempo de trabalho em estado pl\u00e1stico.   Permite uma melhor obten\u00e7\u00e3o de impress\u00f5es.   Radiotransparente.     Presentaci\u00f3n: 30g + 17ml - REF 880121 (2 dosis) 30g + 17ml - REF 880131","og_url":"https:\/\/subiton.com\/pt-br\/producto\/subiton-cranioplasties-g\/","og_site_name":"Subiton","article_modified_time":"2025-08-05T15:45:15+00:00","og_image":[{"width":540,"height":400,"url":"https:\/\/subiton.com\/wp-content\/uploads\/2020\/09\/subiton-craneoplastias-g_2dosis-5.jpg","type":"image\/jpeg"}],"twitter_card":"summary_large_image","schema":{"@context":"https:\/\/schema.org","@graph":[{"@type":"WebPage","@id":"https:\/\/subiton.com\/pt-br\/producto\/subiton-cranioplasties-g\/","url":"https:\/\/subiton.com\/pt-br\/producto\/subiton-cranioplasties-g\/","name":"Subiton Craneoplast\u00edas G - Subiton","isPartOf":{"@id":"https:\/\/subiton.com\/pt-br\/#website"},"primaryImageOfPage":{"@id":"https:\/\/subiton.com\/pt-br\/producto\/subiton-cranioplasties-g\/#primaryimage"},"image":{"@id":"https:\/\/subiton.com\/pt-br\/producto\/subiton-cranioplasties-g\/#primaryimage"},"thumbnailUrl":"https:\/\/subiton.com\/wp-content\/uploads\/2020\/09\/subiton-craneoplastias-g_2dosis-5.jpg","datePublished":"2020-09-11T17:29:57+00:00","dateModified":"2025-08-05T15:45:15+00:00","breadcrumb":{"@id":"https:\/\/subiton.com\/pt-br\/producto\/subiton-cranioplasties-g\/#breadcrumb"},"inLanguage":"pt-BR","potentialAction":[{"@type":"ReadAction","target":["https:\/\/subiton.com\/pt-br\/producto\/subiton-cranioplasties-g\/"]}]},{"@type":"ImageObject","inLanguage":"pt-BR","@id":"https:\/\/subiton.com\/pt-br\/producto\/subiton-cranioplasties-g\/#primaryimage","url":"https:\/\/subiton.com\/wp-content\/uploads\/2020\/09\/subiton-craneoplastias-g_2dosis-5.jpg","contentUrl":"https:\/\/subiton.com\/wp-content\/uploads\/2020\/09\/subiton-craneoplastias-g_2dosis-5.jpg","width":540,"height":400},{"@type":"BreadcrumbList","@id":"https:\/\/subiton.com\/pt-br\/producto\/subiton-cranioplasties-g\/#breadcrumb","itemListElement":[{"@type":"ListItem","position":1,"name":"Portada","item":"https:\/\/subiton.com\/pt-br\/"},{"@type":"ListItem","position":2,"name":"Produtos","item":"https:\/\/subiton.com\/pt-br\/produtos-port\/"},{"@type":"ListItem","position":3,"name":"Subiton Craneoplast\u00edas G"}]},{"@type":"WebSite","@id":"https:\/\/subiton.com\/pt-br\/#website","url":"https:\/\/subiton.com\/pt-br\/","name":"Subiton","description":"Laboratorios SL S.A.","publisher":{"@id":"https:\/\/subiton.com\/pt-br\/#organization"},"potentialAction":[{"@type":"SearchAction","target":{"@type":"EntryPoint","urlTemplate":"https:\/\/subiton.com\/pt-br\/?s={search_term_string}"},"query-input":{"@type":"PropertyValueSpecification","valueRequired":true,"valueName":"search_term_string"}}],"inLanguage":"pt-BR"},{"@type":"Organization","@id":"https:\/\/subiton.com\/pt-br\/#organization","name":"Subiton","url":"https:\/\/subiton.com\/pt-br\/","logo":{"@type":"ImageObject","inLanguage":"pt-BR","@id":"https:\/\/subiton.com\/pt-br\/#\/schema\/logo\/image\/","url":"https:\/\/subiton.com\/wp-content\/uploads\/2017\/11\/logo_subiton_azul-1.png","contentUrl":"https:\/\/subiton.com\/wp-content\/uploads\/2017\/11\/logo_subiton_azul-1.png","width":180,"height":43,"caption":"Subiton"},"image":{"@id":"https:\/\/subiton.com\/pt-br\/#\/schema\/logo\/image\/"},"sameAs":["https:\/\/www.linkedin.com\/company\/subiton-laboratorios-sl-sa\/","https:\/\/www.youtube.com\/channel\/UC8B4_Z3h0_Q1agT-sABTYQw?view_as=subscriber"]}]}},"_links":{"self":[{"href":"https:\/\/subiton.com\/pt-br\/wp-json\/wp\/v2\/product\/20219","targetHints":{"allow":["GET"]}}],"collection":[{"href":"https:\/\/subiton.com\/pt-br\/wp-json\/wp\/v2\/product"}],"about":[{"href":"https:\/\/subiton.com\/pt-br\/wp-json\/wp\/v2\/types\/product"}],"wp:featuredmedia":[{"embeddable":true,"href":"https:\/\/subiton.com\/pt-br\/wp-json\/wp\/v2\/media\/20758"}],"wp:attachment":[{"href":"https:\/\/subiton.com\/pt-br\/wp-json\/wp\/v2\/media?parent=20219"}],"wp:term":[{"taxonomy":"product_brand","embeddable":true,"href":"https:\/\/subiton.com\/pt-br\/wp-json\/wp\/v2\/product_brand?post=20219"},{"taxonomy":"product_cat","embeddable":true,"href":"https:\/\/subiton.com\/pt-br\/wp-json\/wp\/v2\/product_cat?post=20219"},{"taxonomy":"product_tag","embeddable":true,"href":"https:\/\/subiton.com\/pt-br\/wp-json\/wp\/v2\/product_tag?post=20219"}],"curies":[{"name":"wp","href":"https:\/\/api.w.org\/{rel}","templated":true}]}}