{"id":17705,"date":"2018-04-17T19:35:01","date_gmt":"2018-04-17T19:35:01","guid":{"rendered":"https:\/\/wp000740.ferozo.com\/producto\/prothoplast\/"},"modified":"2025-08-05T14:46:33","modified_gmt":"2025-08-05T14:46:33","slug":"prothoplast","status":"publish","type":"product","link":"https:\/\/subiton.com\/pt-br\/producto\/prothoplast\/","title":{"rendered":"Prothoplast"},"content":{"rendered":"","protected":false},"excerpt":{"rendered":"<p><strong>RESINA ACR\u00cdLICA PARA BASE DE DENTADURAS \/ TERMOPOLIMERIZANTE.<\/strong><\/p>\n<p>Sua superf\u00edcie de alto brilho, excelente grau de translucidez e livre de poros d\u00e3o um aspecto natural \u00e0s pr\u00f3teses. Possui m\u00faltiplas propiedades de resist\u00eancia mec\u00e2nica, deflex\u00e3o, estabilidade dimensional e boa ades\u00e3o a pl\u00e1sticos, metais e porcelana. Apresenta excelente estabilidade em cor e dura\u00e7\u00e3o no meio bucal. F\u00e1cil manipula\u00e7\u00e3o. Polimeriza por eleva\u00e7\u00e3o da temperatura utilizando banho de \u00e1gua.<\/p>\n<hr \/>\n<p><strong>Apresenta\u00e7\u00e3o<\/strong><br \/>\n(P) 100g &#8211; 200g &#8211; 400g<br \/>\n(L) 50ml &#8211; 100ml &#8211; 200ml &#8211; 500ml &#8211; 1L<\/p>\n<p><strong>Cores<\/strong><br \/>\nCristal &#8211; Vet New &#8211; Rosa &#8211; V33 &#8211; V34<\/p>\n<p>Consulte os n\u00fameros de refer\u00eancia.<\/p>\n<p>&nbsp;<\/p>\n<h5><span style=\"color: #006cba;\"><a style=\"color: #006cba;\" href=\"https:\/\/subiton.com\/wp-content\/uploads\/2025\/02\/IFU-Prothoplast-Polimero_08-GAC.pdf\" target=\"_blank\" rel=\"noopener\"><strong>Clique aqui para obter as instru\u00e7\u00f5es de Uso<\/strong><\/a><\/span><\/h5>\n","protected":false},"featured_media":17881,"template":"","meta":{"_monsterinsights_skip_tracking":false,"_monsterinsights_sitenote_active":false,"_monsterinsights_sitenote_note":"","_monsterinsights_sitenote_category":0},"product_brand":[],"product_cat":[751,750],"product_tag":[931,932,933],"class_list":{"0":"post-17705","1":"product","2":"type-product","3":"status-publish","4":"has-post-thumbnail","6":"product_cat-acrilicos-pt-br","7":"product_cat-linha-dental-pt-br","8":"product_tag-acrilicos","9":"product_tag-linha-odontologica","10":"product_tag-odontologia-pt-br","12":"first","13":"instock","14":"shipping-taxable","15":"product-type-simple"},"yoast_head":"<!-- This site is optimized with the Yoast SEO plugin v27.3 - https:\/\/yoast.com\/product\/yoast-seo-wordpress\/ -->\n<title>Prothoplast - Subiton<\/title>\n<meta name=\"robots\" content=\"index, follow, max-snippet:-1, max-image-preview:large, max-video-preview:-1\" \/>\n<link rel=\"canonical\" href=\"https:\/\/subiton.com\/pt-br\/producto\/prothoplast\/\" \/>\n<meta property=\"og:locale\" content=\"pt_BR\" \/>\n<meta property=\"og:type\" content=\"article\" \/>\n<meta property=\"og:title\" content=\"Prothoplast - Subiton\" \/>\n<meta property=\"og:description\" content=\"RESINA ACR\u00cdLICA PARA BASE DE DENTADURAS \/ TERMOPOLIMERIZANTE.  Sua superf\u00edcie de alto brilho, excelente grau de translucidez e livre de poros d\u00e3o um aspecto natural \u00e0s pr\u00f3teses. Possui m\u00faltiplas propiedades de resist\u00eancia mec\u00e2nica, deflex\u00e3o, estabilidade dimensional e boa ades\u00e3o a pl\u00e1sticos, metais e porcelana. Apresenta excelente estabilidade em cor e dura\u00e7\u00e3o no meio bucal. F\u00e1cil manipula\u00e7\u00e3o. Polimeriza por eleva\u00e7\u00e3o da temperatura utilizando banho de \u00e1gua.    Apresenta\u00e7\u00e3o (P) 100g - 200g - 400g (L) 50ml - 100ml - 200ml - 500ml - 1L  Cores Cristal - Vet New - Rosa - V33 - V34  Consulte os n\u00fameros de refer\u00eancia.  &nbsp; Clique aqui para obter as instru\u00e7\u00f5es de Uso\" \/>\n<meta property=\"og:url\" content=\"https:\/\/subiton.com\/pt-br\/producto\/prothoplast\/\" \/>\n<meta property=\"og:site_name\" content=\"Subiton\" \/>\n<meta property=\"article:modified_time\" content=\"2025-08-05T14:46:33+00:00\" \/>\n<meta property=\"og:image\" content=\"https:\/\/subiton.com\/wp-content\/uploads\/2018\/04\/subiton_dental-prothoplast.jpg\" \/>\n\t<meta property=\"og:image:width\" content=\"540\" \/>\n\t<meta property=\"og:image:height\" content=\"400\" \/>\n\t<meta property=\"og:image:type\" content=\"image\/jpeg\" \/>\n<meta name=\"twitter:card\" content=\"summary_large_image\" \/>\n<meta name=\"twitter:label1\" content=\"Est. tempo de leitura\" \/>\n\t<meta name=\"twitter:data1\" content=\"1 minuto\" \/>\n<script type=\"application\/ld+json\" class=\"yoast-schema-graph\">{\"@context\":\"https:\\\/\\\/schema.org\",\"@graph\":[{\"@type\":\"WebPage\",\"@id\":\"https:\\\/\\\/subiton.com\\\/pt-br\\\/producto\\\/prothoplast\\\/\",\"url\":\"https:\\\/\\\/subiton.com\\\/pt-br\\\/producto\\\/prothoplast\\\/\",\"name\":\"Prothoplast - Subiton\",\"isPartOf\":{\"@id\":\"https:\\\/\\\/subiton.com\\\/pt-br\\\/#website\"},\"primaryImageOfPage\":{\"@id\":\"https:\\\/\\\/subiton.com\\\/pt-br\\\/producto\\\/prothoplast\\\/#primaryimage\"},\"image\":{\"@id\":\"https:\\\/\\\/subiton.com\\\/pt-br\\\/producto\\\/prothoplast\\\/#primaryimage\"},\"thumbnailUrl\":\"https:\\\/\\\/subiton.com\\\/wp-content\\\/uploads\\\/2018\\\/04\\\/subiton_dental-prothoplast.jpg\",\"datePublished\":\"2018-04-17T19:35:01+00:00\",\"dateModified\":\"2025-08-05T14:46:33+00:00\",\"breadcrumb\":{\"@id\":\"https:\\\/\\\/subiton.com\\\/pt-br\\\/producto\\\/prothoplast\\\/#breadcrumb\"},\"inLanguage\":\"pt-BR\",\"potentialAction\":[{\"@type\":\"ReadAction\",\"target\":[\"https:\\\/\\\/subiton.com\\\/pt-br\\\/producto\\\/prothoplast\\\/\"]}]},{\"@type\":\"ImageObject\",\"inLanguage\":\"pt-BR\",\"@id\":\"https:\\\/\\\/subiton.com\\\/pt-br\\\/producto\\\/prothoplast\\\/#primaryimage\",\"url\":\"https:\\\/\\\/subiton.com\\\/wp-content\\\/uploads\\\/2018\\\/04\\\/subiton_dental-prothoplast.jpg\",\"contentUrl\":\"https:\\\/\\\/subiton.com\\\/wp-content\\\/uploads\\\/2018\\\/04\\\/subiton_dental-prothoplast.jpg\",\"width\":540,\"height\":400},{\"@type\":\"BreadcrumbList\",\"@id\":\"https:\\\/\\\/subiton.com\\\/pt-br\\\/producto\\\/prothoplast\\\/#breadcrumb\",\"itemListElement\":[{\"@type\":\"ListItem\",\"position\":1,\"name\":\"Portada\",\"item\":\"https:\\\/\\\/subiton.com\\\/pt-br\\\/\"},{\"@type\":\"ListItem\",\"position\":2,\"name\":\"Produtos\",\"item\":\"https:\\\/\\\/subiton.com\\\/pt-br\\\/produtos-port\\\/\"},{\"@type\":\"ListItem\",\"position\":3,\"name\":\"Prothoplast\"}]},{\"@type\":\"WebSite\",\"@id\":\"https:\\\/\\\/subiton.com\\\/pt-br\\\/#website\",\"url\":\"https:\\\/\\\/subiton.com\\\/pt-br\\\/\",\"name\":\"Subiton\",\"description\":\"Laboratorios SL S.A.\",\"publisher\":{\"@id\":\"https:\\\/\\\/subiton.com\\\/pt-br\\\/#organization\"},\"potentialAction\":[{\"@type\":\"SearchAction\",\"target\":{\"@type\":\"EntryPoint\",\"urlTemplate\":\"https:\\\/\\\/subiton.com\\\/pt-br\\\/?s={search_term_string}\"},\"query-input\":{\"@type\":\"PropertyValueSpecification\",\"valueRequired\":true,\"valueName\":\"search_term_string\"}}],\"inLanguage\":\"pt-BR\"},{\"@type\":\"Organization\",\"@id\":\"https:\\\/\\\/subiton.com\\\/pt-br\\\/#organization\",\"name\":\"Subiton\",\"url\":\"https:\\\/\\\/subiton.com\\\/pt-br\\\/\",\"logo\":{\"@type\":\"ImageObject\",\"inLanguage\":\"pt-BR\",\"@id\":\"https:\\\/\\\/subiton.com\\\/pt-br\\\/#\\\/schema\\\/logo\\\/image\\\/\",\"url\":\"https:\\\/\\\/subiton.com\\\/wp-content\\\/uploads\\\/2017\\\/11\\\/logo_subiton_azul-1.png\",\"contentUrl\":\"https:\\\/\\\/subiton.com\\\/wp-content\\\/uploads\\\/2017\\\/11\\\/logo_subiton_azul-1.png\",\"width\":180,\"height\":43,\"caption\":\"Subiton\"},\"image\":{\"@id\":\"https:\\\/\\\/subiton.com\\\/pt-br\\\/#\\\/schema\\\/logo\\\/image\\\/\"},\"sameAs\":[\"https:\\\/\\\/www.linkedin.com\\\/company\\\/subiton-laboratorios-sl-sa\\\/\",\"https:\\\/\\\/www.youtube.com\\\/channel\\\/UC8B4_Z3h0_Q1agT-sABTYQw?view_as=subscriber\"]}]}<\/script>\n<!-- \/ Yoast SEO plugin. -->","yoast_head_json":{"title":"Prothoplast - Subiton","robots":{"index":"index","follow":"follow","max-snippet":"max-snippet:-1","max-image-preview":"max-image-preview:large","max-video-preview":"max-video-preview:-1"},"canonical":"https:\/\/subiton.com\/pt-br\/producto\/prothoplast\/","og_locale":"pt_BR","og_type":"article","og_title":"Prothoplast - Subiton","og_description":"RESINA ACR\u00cdLICA PARA BASE DE DENTADURAS \/ TERMOPOLIMERIZANTE.  Sua superf\u00edcie de alto brilho, excelente grau de translucidez e livre de poros d\u00e3o um aspecto natural \u00e0s pr\u00f3teses. Possui m\u00faltiplas propiedades de resist\u00eancia mec\u00e2nica, deflex\u00e3o, estabilidade dimensional e boa ades\u00e3o a pl\u00e1sticos, metais e porcelana. Apresenta excelente estabilidade em cor e dura\u00e7\u00e3o no meio bucal. F\u00e1cil manipula\u00e7\u00e3o. Polimeriza por eleva\u00e7\u00e3o da temperatura utilizando banho de \u00e1gua.    Apresenta\u00e7\u00e3o (P) 100g - 200g - 400g (L) 50ml - 100ml - 200ml - 500ml - 1L  Cores Cristal - Vet New - Rosa - V33 - V34  Consulte os n\u00fameros de refer\u00eancia.  &nbsp; Clique aqui para obter as instru\u00e7\u00f5es de Uso","og_url":"https:\/\/subiton.com\/pt-br\/producto\/prothoplast\/","og_site_name":"Subiton","article_modified_time":"2025-08-05T14:46:33+00:00","og_image":[{"width":540,"height":400,"url":"https:\/\/subiton.com\/wp-content\/uploads\/2018\/04\/subiton_dental-prothoplast.jpg","type":"image\/jpeg"}],"twitter_card":"summary_large_image","twitter_misc":{"Est. tempo de leitura":"1 minuto"},"schema":{"@context":"https:\/\/schema.org","@graph":[{"@type":"WebPage","@id":"https:\/\/subiton.com\/pt-br\/producto\/prothoplast\/","url":"https:\/\/subiton.com\/pt-br\/producto\/prothoplast\/","name":"Prothoplast - Subiton","isPartOf":{"@id":"https:\/\/subiton.com\/pt-br\/#website"},"primaryImageOfPage":{"@id":"https:\/\/subiton.com\/pt-br\/producto\/prothoplast\/#primaryimage"},"image":{"@id":"https:\/\/subiton.com\/pt-br\/producto\/prothoplast\/#primaryimage"},"thumbnailUrl":"https:\/\/subiton.com\/wp-content\/uploads\/2018\/04\/subiton_dental-prothoplast.jpg","datePublished":"2018-04-17T19:35:01+00:00","dateModified":"2025-08-05T14:46:33+00:00","breadcrumb":{"@id":"https:\/\/subiton.com\/pt-br\/producto\/prothoplast\/#breadcrumb"},"inLanguage":"pt-BR","potentialAction":[{"@type":"ReadAction","target":["https:\/\/subiton.com\/pt-br\/producto\/prothoplast\/"]}]},{"@type":"ImageObject","inLanguage":"pt-BR","@id":"https:\/\/subiton.com\/pt-br\/producto\/prothoplast\/#primaryimage","url":"https:\/\/subiton.com\/wp-content\/uploads\/2018\/04\/subiton_dental-prothoplast.jpg","contentUrl":"https:\/\/subiton.com\/wp-content\/uploads\/2018\/04\/subiton_dental-prothoplast.jpg","width":540,"height":400},{"@type":"BreadcrumbList","@id":"https:\/\/subiton.com\/pt-br\/producto\/prothoplast\/#breadcrumb","itemListElement":[{"@type":"ListItem","position":1,"name":"Portada","item":"https:\/\/subiton.com\/pt-br\/"},{"@type":"ListItem","position":2,"name":"Produtos","item":"https:\/\/subiton.com\/pt-br\/produtos-port\/"},{"@type":"ListItem","position":3,"name":"Prothoplast"}]},{"@type":"WebSite","@id":"https:\/\/subiton.com\/pt-br\/#website","url":"https:\/\/subiton.com\/pt-br\/","name":"Subiton","description":"Laboratorios SL S.A.","publisher":{"@id":"https:\/\/subiton.com\/pt-br\/#organization"},"potentialAction":[{"@type":"SearchAction","target":{"@type":"EntryPoint","urlTemplate":"https:\/\/subiton.com\/pt-br\/?s={search_term_string}"},"query-input":{"@type":"PropertyValueSpecification","valueRequired":true,"valueName":"search_term_string"}}],"inLanguage":"pt-BR"},{"@type":"Organization","@id":"https:\/\/subiton.com\/pt-br\/#organization","name":"Subiton","url":"https:\/\/subiton.com\/pt-br\/","logo":{"@type":"ImageObject","inLanguage":"pt-BR","@id":"https:\/\/subiton.com\/pt-br\/#\/schema\/logo\/image\/","url":"https:\/\/subiton.com\/wp-content\/uploads\/2017\/11\/logo_subiton_azul-1.png","contentUrl":"https:\/\/subiton.com\/wp-content\/uploads\/2017\/11\/logo_subiton_azul-1.png","width":180,"height":43,"caption":"Subiton"},"image":{"@id":"https:\/\/subiton.com\/pt-br\/#\/schema\/logo\/image\/"},"sameAs":["https:\/\/www.linkedin.com\/company\/subiton-laboratorios-sl-sa\/","https:\/\/www.youtube.com\/channel\/UC8B4_Z3h0_Q1agT-sABTYQw?view_as=subscriber"]}]}},"_links":{"self":[{"href":"https:\/\/subiton.com\/pt-br\/wp-json\/wp\/v2\/product\/17705","targetHints":{"allow":["GET"]}}],"collection":[{"href":"https:\/\/subiton.com\/pt-br\/wp-json\/wp\/v2\/product"}],"about":[{"href":"https:\/\/subiton.com\/pt-br\/wp-json\/wp\/v2\/types\/product"}],"wp:featuredmedia":[{"embeddable":true,"href":"https:\/\/subiton.com\/pt-br\/wp-json\/wp\/v2\/media\/17881"}],"wp:attachment":[{"href":"https:\/\/subiton.com\/pt-br\/wp-json\/wp\/v2\/media?parent=17705"}],"wp:term":[{"taxonomy":"product_brand","embeddable":true,"href":"https:\/\/subiton.com\/pt-br\/wp-json\/wp\/v2\/product_brand?post=17705"},{"taxonomy":"product_cat","embeddable":true,"href":"https:\/\/subiton.com\/pt-br\/wp-json\/wp\/v2\/product_cat?post=17705"},{"taxonomy":"product_tag","embeddable":true,"href":"https:\/\/subiton.com\/pt-br\/wp-json\/wp\/v2\/product_tag?post=17705"}],"curies":[{"name":"wp","href":"https:\/\/api.w.org\/{rel}","templated":true}]}}