{"id":17598,"date":"2018-04-16T18:12:07","date_gmt":"2018-04-16T18:12:07","guid":{"rendered":"https:\/\/wp000740.ferozo.com\/producto\/pickav\/"},"modified":"2025-08-05T14:49:49","modified_gmt":"2025-08-05T14:49:49","slug":"pickav","status":"publish","type":"product","link":"https:\/\/subiton.com\/pt-br\/producto\/pickav\/","title":{"rendered":"Pickav"},"content":{"rendered":"","protected":false},"excerpt":{"rendered":"<p><strong>COMPOSTO RADIOPACO DE HIDR\u00d3XIDO DE C\u00c1LCIO.<\/strong><\/p>\n<p>Cimento de hidr\u00f3xido de c\u00e1lcio polimeriz\u00e1vel utilizado para prote\u00e7\u00e3o da vitalidade da polpa indireta mediante todo tipo de restaura\u00e7\u00e3o. O hidr\u00f3xido de c\u00e1lcio cria o meio apropriado para a forma\u00e7\u00e3o da ponte dent\u00e1ria entre a restaura\u00e7\u00e3o e a polpa dental. Tamb\u00e9m inibe o desenvolvimento bacteriano.<\/p>\n<hr \/>\n<p><strong>Apresenta\u00e7\u00e3o<\/strong><br \/>\nKit 13g pasta base + 11g pasta catalizadora<\/p>\n<p><strong>Cores<\/strong><br \/>\nMarfim<\/p>\n<p>REF 312300<\/p>\n<p>&nbsp;<\/p>\n<h5><span style=\"color: #006cba;\"><a style=\"color: #006cba;\" href=\"https:\/\/subiton.com\/wp-content\/uploads\/2025\/02\/IFU-Pickav_21-GAC.pdf\" target=\"_blank\" rel=\"noopener\"><strong>Clique aqui para obter as instru\u00e7\u00f5es de Uso<\/strong><\/a><\/span><\/h5>\n","protected":false},"featured_media":17927,"template":"","meta":{"_monsterinsights_skip_tracking":false,"_monsterinsights_sitenote_active":false,"_monsterinsights_sitenote_note":"","_monsterinsights_sitenote_category":0},"product_brand":[],"product_cat":[752,750],"product_tag":[932,933],"class_list":{"0":"post-17598","1":"product","2":"type-product","3":"status-publish","4":"has-post-thumbnail","6":"product_cat-cimentos-pt-br","7":"product_cat-linha-dental-pt-br","8":"product_tag-linha-odontologica","9":"product_tag-odontologia-pt-br","11":"first","12":"instock","13":"shipping-taxable","14":"product-type-simple"},"yoast_head":"<!-- This site is optimized with the Yoast SEO plugin v27.3 - https:\/\/yoast.com\/product\/yoast-seo-wordpress\/ -->\n<title>Pickav - Subiton<\/title>\n<meta name=\"robots\" content=\"index, follow, max-snippet:-1, max-image-preview:large, max-video-preview:-1\" \/>\n<link rel=\"canonical\" href=\"https:\/\/subiton.com\/pt-br\/producto\/pickav\/\" \/>\n<meta property=\"og:locale\" content=\"pt_BR\" \/>\n<meta property=\"og:type\" content=\"article\" \/>\n<meta property=\"og:title\" content=\"Pickav - Subiton\" \/>\n<meta property=\"og:description\" content=\"COMPOSTO RADIOPACO DE HIDR\u00d3XIDO DE C\u00c1LCIO.  Cimento de hidr\u00f3xido de c\u00e1lcio polimeriz\u00e1vel utilizado para prote\u00e7\u00e3o da vitalidade da polpa indireta mediante todo tipo de restaura\u00e7\u00e3o. O hidr\u00f3xido de c\u00e1lcio cria o meio apropriado para a forma\u00e7\u00e3o da ponte dent\u00e1ria entre a restaura\u00e7\u00e3o e a polpa dental. Tamb\u00e9m inibe o desenvolvimento bacteriano.    Apresenta\u00e7\u00e3o Kit 13g pasta base + 11g pasta catalizadora  Cores Marfim  REF 312300  &nbsp; Clique aqui para obter as instru\u00e7\u00f5es de Uso\" \/>\n<meta property=\"og:url\" content=\"https:\/\/subiton.com\/pt-br\/producto\/pickav\/\" \/>\n<meta property=\"og:site_name\" content=\"Subiton\" \/>\n<meta property=\"article:modified_time\" content=\"2025-08-05T14:49:49+00:00\" \/>\n<meta property=\"og:image\" content=\"https:\/\/subiton.com\/wp-content\/uploads\/2018\/04\/subiton_dental-pickav.jpg\" \/>\n\t<meta property=\"og:image:width\" content=\"540\" \/>\n\t<meta property=\"og:image:height\" content=\"400\" \/>\n\t<meta property=\"og:image:type\" content=\"image\/jpeg\" \/>\n<meta name=\"twitter:card\" content=\"summary_large_image\" \/>\n<script type=\"application\/ld+json\" class=\"yoast-schema-graph\">{\"@context\":\"https:\\\/\\\/schema.org\",\"@graph\":[{\"@type\":\"WebPage\",\"@id\":\"https:\\\/\\\/subiton.com\\\/pt-br\\\/producto\\\/pickav\\\/\",\"url\":\"https:\\\/\\\/subiton.com\\\/pt-br\\\/producto\\\/pickav\\\/\",\"name\":\"Pickav - Subiton\",\"isPartOf\":{\"@id\":\"https:\\\/\\\/subiton.com\\\/pt-br\\\/#website\"},\"primaryImageOfPage\":{\"@id\":\"https:\\\/\\\/subiton.com\\\/pt-br\\\/producto\\\/pickav\\\/#primaryimage\"},\"image\":{\"@id\":\"https:\\\/\\\/subiton.com\\\/pt-br\\\/producto\\\/pickav\\\/#primaryimage\"},\"thumbnailUrl\":\"https:\\\/\\\/subiton.com\\\/wp-content\\\/uploads\\\/2018\\\/04\\\/subiton_dental-pickav.jpg\",\"datePublished\":\"2018-04-16T18:12:07+00:00\",\"dateModified\":\"2025-08-05T14:49:49+00:00\",\"breadcrumb\":{\"@id\":\"https:\\\/\\\/subiton.com\\\/pt-br\\\/producto\\\/pickav\\\/#breadcrumb\"},\"inLanguage\":\"pt-BR\",\"potentialAction\":[{\"@type\":\"ReadAction\",\"target\":[\"https:\\\/\\\/subiton.com\\\/pt-br\\\/producto\\\/pickav\\\/\"]}]},{\"@type\":\"ImageObject\",\"inLanguage\":\"pt-BR\",\"@id\":\"https:\\\/\\\/subiton.com\\\/pt-br\\\/producto\\\/pickav\\\/#primaryimage\",\"url\":\"https:\\\/\\\/subiton.com\\\/wp-content\\\/uploads\\\/2018\\\/04\\\/subiton_dental-pickav.jpg\",\"contentUrl\":\"https:\\\/\\\/subiton.com\\\/wp-content\\\/uploads\\\/2018\\\/04\\\/subiton_dental-pickav.jpg\",\"width\":540,\"height\":400},{\"@type\":\"BreadcrumbList\",\"@id\":\"https:\\\/\\\/subiton.com\\\/pt-br\\\/producto\\\/pickav\\\/#breadcrumb\",\"itemListElement\":[{\"@type\":\"ListItem\",\"position\":1,\"name\":\"Portada\",\"item\":\"https:\\\/\\\/subiton.com\\\/pt-br\\\/\"},{\"@type\":\"ListItem\",\"position\":2,\"name\":\"Produtos\",\"item\":\"https:\\\/\\\/subiton.com\\\/pt-br\\\/produtos-port\\\/\"},{\"@type\":\"ListItem\",\"position\":3,\"name\":\"Pickav\"}]},{\"@type\":\"WebSite\",\"@id\":\"https:\\\/\\\/subiton.com\\\/pt-br\\\/#website\",\"url\":\"https:\\\/\\\/subiton.com\\\/pt-br\\\/\",\"name\":\"Subiton\",\"description\":\"Laboratorios SL S.A.\",\"publisher\":{\"@id\":\"https:\\\/\\\/subiton.com\\\/pt-br\\\/#organization\"},\"potentialAction\":[{\"@type\":\"SearchAction\",\"target\":{\"@type\":\"EntryPoint\",\"urlTemplate\":\"https:\\\/\\\/subiton.com\\\/pt-br\\\/?s={search_term_string}\"},\"query-input\":{\"@type\":\"PropertyValueSpecification\",\"valueRequired\":true,\"valueName\":\"search_term_string\"}}],\"inLanguage\":\"pt-BR\"},{\"@type\":\"Organization\",\"@id\":\"https:\\\/\\\/subiton.com\\\/pt-br\\\/#organization\",\"name\":\"Subiton\",\"url\":\"https:\\\/\\\/subiton.com\\\/pt-br\\\/\",\"logo\":{\"@type\":\"ImageObject\",\"inLanguage\":\"pt-BR\",\"@id\":\"https:\\\/\\\/subiton.com\\\/pt-br\\\/#\\\/schema\\\/logo\\\/image\\\/\",\"url\":\"https:\\\/\\\/subiton.com\\\/wp-content\\\/uploads\\\/2017\\\/11\\\/logo_subiton_azul-1.png\",\"contentUrl\":\"https:\\\/\\\/subiton.com\\\/wp-content\\\/uploads\\\/2017\\\/11\\\/logo_subiton_azul-1.png\",\"width\":180,\"height\":43,\"caption\":\"Subiton\"},\"image\":{\"@id\":\"https:\\\/\\\/subiton.com\\\/pt-br\\\/#\\\/schema\\\/logo\\\/image\\\/\"},\"sameAs\":[\"https:\\\/\\\/www.linkedin.com\\\/company\\\/subiton-laboratorios-sl-sa\\\/\",\"https:\\\/\\\/www.youtube.com\\\/channel\\\/UC8B4_Z3h0_Q1agT-sABTYQw?view_as=subscriber\"]}]}<\/script>\n<!-- \/ Yoast SEO plugin. -->","yoast_head_json":{"title":"Pickav - Subiton","robots":{"index":"index","follow":"follow","max-snippet":"max-snippet:-1","max-image-preview":"max-image-preview:large","max-video-preview":"max-video-preview:-1"},"canonical":"https:\/\/subiton.com\/pt-br\/producto\/pickav\/","og_locale":"pt_BR","og_type":"article","og_title":"Pickav - Subiton","og_description":"COMPOSTO RADIOPACO DE HIDR\u00d3XIDO DE C\u00c1LCIO.  Cimento de hidr\u00f3xido de c\u00e1lcio polimeriz\u00e1vel utilizado para prote\u00e7\u00e3o da vitalidade da polpa indireta mediante todo tipo de restaura\u00e7\u00e3o. O hidr\u00f3xido de c\u00e1lcio cria o meio apropriado para a forma\u00e7\u00e3o da ponte dent\u00e1ria entre a restaura\u00e7\u00e3o e a polpa dental. Tamb\u00e9m inibe o desenvolvimento bacteriano.    Apresenta\u00e7\u00e3o Kit 13g pasta base + 11g pasta catalizadora  Cores Marfim  REF 312300  &nbsp; Clique aqui para obter as instru\u00e7\u00f5es de Uso","og_url":"https:\/\/subiton.com\/pt-br\/producto\/pickav\/","og_site_name":"Subiton","article_modified_time":"2025-08-05T14:49:49+00:00","og_image":[{"width":540,"height":400,"url":"https:\/\/subiton.com\/wp-content\/uploads\/2018\/04\/subiton_dental-pickav.jpg","type":"image\/jpeg"}],"twitter_card":"summary_large_image","schema":{"@context":"https:\/\/schema.org","@graph":[{"@type":"WebPage","@id":"https:\/\/subiton.com\/pt-br\/producto\/pickav\/","url":"https:\/\/subiton.com\/pt-br\/producto\/pickav\/","name":"Pickav - Subiton","isPartOf":{"@id":"https:\/\/subiton.com\/pt-br\/#website"},"primaryImageOfPage":{"@id":"https:\/\/subiton.com\/pt-br\/producto\/pickav\/#primaryimage"},"image":{"@id":"https:\/\/subiton.com\/pt-br\/producto\/pickav\/#primaryimage"},"thumbnailUrl":"https:\/\/subiton.com\/wp-content\/uploads\/2018\/04\/subiton_dental-pickav.jpg","datePublished":"2018-04-16T18:12:07+00:00","dateModified":"2025-08-05T14:49:49+00:00","breadcrumb":{"@id":"https:\/\/subiton.com\/pt-br\/producto\/pickav\/#breadcrumb"},"inLanguage":"pt-BR","potentialAction":[{"@type":"ReadAction","target":["https:\/\/subiton.com\/pt-br\/producto\/pickav\/"]}]},{"@type":"ImageObject","inLanguage":"pt-BR","@id":"https:\/\/subiton.com\/pt-br\/producto\/pickav\/#primaryimage","url":"https:\/\/subiton.com\/wp-content\/uploads\/2018\/04\/subiton_dental-pickav.jpg","contentUrl":"https:\/\/subiton.com\/wp-content\/uploads\/2018\/04\/subiton_dental-pickav.jpg","width":540,"height":400},{"@type":"BreadcrumbList","@id":"https:\/\/subiton.com\/pt-br\/producto\/pickav\/#breadcrumb","itemListElement":[{"@type":"ListItem","position":1,"name":"Portada","item":"https:\/\/subiton.com\/pt-br\/"},{"@type":"ListItem","position":2,"name":"Produtos","item":"https:\/\/subiton.com\/pt-br\/produtos-port\/"},{"@type":"ListItem","position":3,"name":"Pickav"}]},{"@type":"WebSite","@id":"https:\/\/subiton.com\/pt-br\/#website","url":"https:\/\/subiton.com\/pt-br\/","name":"Subiton","description":"Laboratorios SL S.A.","publisher":{"@id":"https:\/\/subiton.com\/pt-br\/#organization"},"potentialAction":[{"@type":"SearchAction","target":{"@type":"EntryPoint","urlTemplate":"https:\/\/subiton.com\/pt-br\/?s={search_term_string}"},"query-input":{"@type":"PropertyValueSpecification","valueRequired":true,"valueName":"search_term_string"}}],"inLanguage":"pt-BR"},{"@type":"Organization","@id":"https:\/\/subiton.com\/pt-br\/#organization","name":"Subiton","url":"https:\/\/subiton.com\/pt-br\/","logo":{"@type":"ImageObject","inLanguage":"pt-BR","@id":"https:\/\/subiton.com\/pt-br\/#\/schema\/logo\/image\/","url":"https:\/\/subiton.com\/wp-content\/uploads\/2017\/11\/logo_subiton_azul-1.png","contentUrl":"https:\/\/subiton.com\/wp-content\/uploads\/2017\/11\/logo_subiton_azul-1.png","width":180,"height":43,"caption":"Subiton"},"image":{"@id":"https:\/\/subiton.com\/pt-br\/#\/schema\/logo\/image\/"},"sameAs":["https:\/\/www.linkedin.com\/company\/subiton-laboratorios-sl-sa\/","https:\/\/www.youtube.com\/channel\/UC8B4_Z3h0_Q1agT-sABTYQw?view_as=subscriber"]}]}},"_links":{"self":[{"href":"https:\/\/subiton.com\/pt-br\/wp-json\/wp\/v2\/product\/17598","targetHints":{"allow":["GET"]}}],"collection":[{"href":"https:\/\/subiton.com\/pt-br\/wp-json\/wp\/v2\/product"}],"about":[{"href":"https:\/\/subiton.com\/pt-br\/wp-json\/wp\/v2\/types\/product"}],"wp:featuredmedia":[{"embeddable":true,"href":"https:\/\/subiton.com\/pt-br\/wp-json\/wp\/v2\/media\/17927"}],"wp:attachment":[{"href":"https:\/\/subiton.com\/pt-br\/wp-json\/wp\/v2\/media?parent=17598"}],"wp:term":[{"taxonomy":"product_brand","embeddable":true,"href":"https:\/\/subiton.com\/pt-br\/wp-json\/wp\/v2\/product_brand?post=17598"},{"taxonomy":"product_cat","embeddable":true,"href":"https:\/\/subiton.com\/pt-br\/wp-json\/wp\/v2\/product_cat?post=17598"},{"taxonomy":"product_tag","embeddable":true,"href":"https:\/\/subiton.com\/pt-br\/wp-json\/wp\/v2\/product_tag?post=17598"}],"curies":[{"name":"wp","href":"https:\/\/api.w.org\/{rel}","templated":true}]}}