{"id":17554,"date":"2017-12-01T21:45:14","date_gmt":"2017-12-01T21:45:14","guid":{"rendered":"https:\/\/wp000740.ferozo.com\/producto\/ionomax-tipo-3\/"},"modified":"2025-08-05T14:51:06","modified_gmt":"2025-08-05T14:51:06","slug":"ionomax-tipo-3","status":"publish","type":"product","link":"https:\/\/subiton.com\/pt-br\/producto\/ionomax-tipo-3\/","title":{"rendered":"Ionomax Tipo III"},"content":{"rendered":"","protected":false},"excerpt":{"rendered":"<p><strong>ION\u00d4MERO V\u00cdTREO PARA PREENCHIMENTO.<\/strong><\/p>\n<p>Cimento de ion\u00f4mero v\u00edtreo com capacidade de se aderir quimicamente \u00e0 estrutura dent\u00e1ria, \u00e9 biocompat\u00edvel tamb\u00e9m em cavidades profundas pelo alto peso molecular de seu \u00e1cido na composi\u00e7\u00e3o do l\u00edquido. A alta concentra\u00e7\u00e3o de fl\u00faor no p\u00f3 permite que estes sejam liberados, diminuindo a incid\u00eancia de c\u00e1ries secund\u00e1rias por infiltra\u00e7\u00e3o marginal. As propriedades mec\u00e2nicas similares \u00e0s da dentina permitem que sejam utilizados como seu substituto em cavidades profundas.<\/p>\n<hr \/>\n<p><strong>Apresenta\u00e7\u00e3o<\/strong><br \/>\nKit 10g + 10 ml + colher de medida<\/p>\n<p>REF 311328<\/p>\n<p>&nbsp;<\/p>\n<h5><span style=\"color: #006cba;\"><a style=\"color: #006cba;\" href=\"https:\/\/subiton.com\/wp-content\/uploads\/2025\/02\/IFU-Ionomax-Tipo-III_08-GAC.pdf\" target=\"_blank\" rel=\"noopener\"><strong>Clique aqui para obter as instru\u00e7\u00f5es de Uso<\/strong><\/a><\/span><\/h5>\n","protected":false},"featured_media":17936,"template":"","meta":{"_monsterinsights_skip_tracking":false,"_monsterinsights_sitenote_active":false,"_monsterinsights_sitenote_note":"","_monsterinsights_sitenote_category":0},"product_brand":[],"product_cat":[752,750],"product_tag":[932,933],"class_list":{"0":"post-17554","1":"product","2":"type-product","3":"status-publish","4":"has-post-thumbnail","6":"product_cat-cimentos-pt-br","7":"product_cat-linha-dental-pt-br","8":"product_tag-linha-odontologica","9":"product_tag-odontologia-pt-br","11":"first","12":"instock","13":"shipping-taxable","14":"product-type-simple"},"yoast_head":"<!-- This site is optimized with the Yoast SEO plugin v27.3 - https:\/\/yoast.com\/product\/yoast-seo-wordpress\/ -->\n<title>Ionomax Tipo III - Subiton<\/title>\n<meta name=\"robots\" content=\"index, follow, max-snippet:-1, max-image-preview:large, max-video-preview:-1\" \/>\n<link rel=\"canonical\" href=\"https:\/\/subiton.com\/pt-br\/producto\/ionomax-tipo-3\/\" \/>\n<meta property=\"og:locale\" content=\"pt_BR\" \/>\n<meta property=\"og:type\" content=\"article\" \/>\n<meta property=\"og:title\" content=\"Ionomax Tipo III - Subiton\" \/>\n<meta property=\"og:description\" content=\"ION\u00d4MERO V\u00cdTREO PARA PREENCHIMENTO.  Cimento de ion\u00f4mero v\u00edtreo com capacidade de se aderir quimicamente \u00e0 estrutura dent\u00e1ria, \u00e9 biocompat\u00edvel tamb\u00e9m em cavidades profundas pelo alto peso molecular de seu \u00e1cido na composi\u00e7\u00e3o do l\u00edquido. A alta concentra\u00e7\u00e3o de fl\u00faor no p\u00f3 permite que estes sejam liberados, diminuindo a incid\u00eancia de c\u00e1ries secund\u00e1rias por infiltra\u00e7\u00e3o marginal. As propriedades mec\u00e2nicas similares \u00e0s da dentina permitem que sejam utilizados como seu substituto em cavidades profundas.    Apresenta\u00e7\u00e3o Kit 10g + 10 ml + colher de medida  REF 311328  &nbsp; Clique aqui para obter as instru\u00e7\u00f5es de Uso\" \/>\n<meta property=\"og:url\" content=\"https:\/\/subiton.com\/pt-br\/producto\/ionomax-tipo-3\/\" \/>\n<meta property=\"og:site_name\" content=\"Subiton\" \/>\n<meta property=\"article:modified_time\" content=\"2025-08-05T14:51:06+00:00\" \/>\n<meta property=\"og:image\" content=\"https:\/\/subiton.com\/wp-content\/uploads\/2017\/12\/subiton_dental-ionomax-tipo3.jpg\" \/>\n\t<meta property=\"og:image:width\" content=\"540\" \/>\n\t<meta property=\"og:image:height\" content=\"400\" \/>\n\t<meta property=\"og:image:type\" content=\"image\/jpeg\" \/>\n<meta name=\"twitter:card\" content=\"summary_large_image\" \/>\n<script type=\"application\/ld+json\" class=\"yoast-schema-graph\">{\"@context\":\"https:\\\/\\\/schema.org\",\"@graph\":[{\"@type\":\"WebPage\",\"@id\":\"https:\\\/\\\/subiton.com\\\/pt-br\\\/producto\\\/ionomax-tipo-3\\\/\",\"url\":\"https:\\\/\\\/subiton.com\\\/pt-br\\\/producto\\\/ionomax-tipo-3\\\/\",\"name\":\"Ionomax Tipo III - Subiton\",\"isPartOf\":{\"@id\":\"https:\\\/\\\/subiton.com\\\/pt-br\\\/#website\"},\"primaryImageOfPage\":{\"@id\":\"https:\\\/\\\/subiton.com\\\/pt-br\\\/producto\\\/ionomax-tipo-3\\\/#primaryimage\"},\"image\":{\"@id\":\"https:\\\/\\\/subiton.com\\\/pt-br\\\/producto\\\/ionomax-tipo-3\\\/#primaryimage\"},\"thumbnailUrl\":\"https:\\\/\\\/subiton.com\\\/wp-content\\\/uploads\\\/2017\\\/12\\\/subiton_dental-ionomax-tipo3.jpg\",\"datePublished\":\"2017-12-01T21:45:14+00:00\",\"dateModified\":\"2025-08-05T14:51:06+00:00\",\"breadcrumb\":{\"@id\":\"https:\\\/\\\/subiton.com\\\/pt-br\\\/producto\\\/ionomax-tipo-3\\\/#breadcrumb\"},\"inLanguage\":\"pt-BR\",\"potentialAction\":[{\"@type\":\"ReadAction\",\"target\":[\"https:\\\/\\\/subiton.com\\\/pt-br\\\/producto\\\/ionomax-tipo-3\\\/\"]}]},{\"@type\":\"ImageObject\",\"inLanguage\":\"pt-BR\",\"@id\":\"https:\\\/\\\/subiton.com\\\/pt-br\\\/producto\\\/ionomax-tipo-3\\\/#primaryimage\",\"url\":\"https:\\\/\\\/subiton.com\\\/wp-content\\\/uploads\\\/2017\\\/12\\\/subiton_dental-ionomax-tipo3.jpg\",\"contentUrl\":\"https:\\\/\\\/subiton.com\\\/wp-content\\\/uploads\\\/2017\\\/12\\\/subiton_dental-ionomax-tipo3.jpg\",\"width\":540,\"height\":400},{\"@type\":\"BreadcrumbList\",\"@id\":\"https:\\\/\\\/subiton.com\\\/pt-br\\\/producto\\\/ionomax-tipo-3\\\/#breadcrumb\",\"itemListElement\":[{\"@type\":\"ListItem\",\"position\":1,\"name\":\"Portada\",\"item\":\"https:\\\/\\\/subiton.com\\\/pt-br\\\/\"},{\"@type\":\"ListItem\",\"position\":2,\"name\":\"Produtos\",\"item\":\"https:\\\/\\\/subiton.com\\\/pt-br\\\/produtos-port\\\/\"},{\"@type\":\"ListItem\",\"position\":3,\"name\":\"Ionomax Tipo III\"}]},{\"@type\":\"WebSite\",\"@id\":\"https:\\\/\\\/subiton.com\\\/pt-br\\\/#website\",\"url\":\"https:\\\/\\\/subiton.com\\\/pt-br\\\/\",\"name\":\"Subiton\",\"description\":\"Laboratorios SL S.A.\",\"publisher\":{\"@id\":\"https:\\\/\\\/subiton.com\\\/pt-br\\\/#organization\"},\"potentialAction\":[{\"@type\":\"SearchAction\",\"target\":{\"@type\":\"EntryPoint\",\"urlTemplate\":\"https:\\\/\\\/subiton.com\\\/pt-br\\\/?s={search_term_string}\"},\"query-input\":{\"@type\":\"PropertyValueSpecification\",\"valueRequired\":true,\"valueName\":\"search_term_string\"}}],\"inLanguage\":\"pt-BR\"},{\"@type\":\"Organization\",\"@id\":\"https:\\\/\\\/subiton.com\\\/pt-br\\\/#organization\",\"name\":\"Subiton\",\"url\":\"https:\\\/\\\/subiton.com\\\/pt-br\\\/\",\"logo\":{\"@type\":\"ImageObject\",\"inLanguage\":\"pt-BR\",\"@id\":\"https:\\\/\\\/subiton.com\\\/pt-br\\\/#\\\/schema\\\/logo\\\/image\\\/\",\"url\":\"https:\\\/\\\/subiton.com\\\/wp-content\\\/uploads\\\/2017\\\/11\\\/logo_subiton_azul-1.png\",\"contentUrl\":\"https:\\\/\\\/subiton.com\\\/wp-content\\\/uploads\\\/2017\\\/11\\\/logo_subiton_azul-1.png\",\"width\":180,\"height\":43,\"caption\":\"Subiton\"},\"image\":{\"@id\":\"https:\\\/\\\/subiton.com\\\/pt-br\\\/#\\\/schema\\\/logo\\\/image\\\/\"},\"sameAs\":[\"https:\\\/\\\/www.linkedin.com\\\/company\\\/subiton-laboratorios-sl-sa\\\/\",\"https:\\\/\\\/www.youtube.com\\\/channel\\\/UC8B4_Z3h0_Q1agT-sABTYQw?view_as=subscriber\"]}]}<\/script>\n<!-- \/ Yoast SEO plugin. -->","yoast_head_json":{"title":"Ionomax Tipo III - Subiton","robots":{"index":"index","follow":"follow","max-snippet":"max-snippet:-1","max-image-preview":"max-image-preview:large","max-video-preview":"max-video-preview:-1"},"canonical":"https:\/\/subiton.com\/pt-br\/producto\/ionomax-tipo-3\/","og_locale":"pt_BR","og_type":"article","og_title":"Ionomax Tipo III - Subiton","og_description":"ION\u00d4MERO V\u00cdTREO PARA PREENCHIMENTO.  Cimento de ion\u00f4mero v\u00edtreo com capacidade de se aderir quimicamente \u00e0 estrutura dent\u00e1ria, \u00e9 biocompat\u00edvel tamb\u00e9m em cavidades profundas pelo alto peso molecular de seu \u00e1cido na composi\u00e7\u00e3o do l\u00edquido. A alta concentra\u00e7\u00e3o de fl\u00faor no p\u00f3 permite que estes sejam liberados, diminuindo a incid\u00eancia de c\u00e1ries secund\u00e1rias por infiltra\u00e7\u00e3o marginal. As propriedades mec\u00e2nicas similares \u00e0s da dentina permitem que sejam utilizados como seu substituto em cavidades profundas.    Apresenta\u00e7\u00e3o Kit 10g + 10 ml + colher de medida  REF 311328  &nbsp; Clique aqui para obter as instru\u00e7\u00f5es de Uso","og_url":"https:\/\/subiton.com\/pt-br\/producto\/ionomax-tipo-3\/","og_site_name":"Subiton","article_modified_time":"2025-08-05T14:51:06+00:00","og_image":[{"width":540,"height":400,"url":"https:\/\/subiton.com\/wp-content\/uploads\/2017\/12\/subiton_dental-ionomax-tipo3.jpg","type":"image\/jpeg"}],"twitter_card":"summary_large_image","schema":{"@context":"https:\/\/schema.org","@graph":[{"@type":"WebPage","@id":"https:\/\/subiton.com\/pt-br\/producto\/ionomax-tipo-3\/","url":"https:\/\/subiton.com\/pt-br\/producto\/ionomax-tipo-3\/","name":"Ionomax Tipo III - Subiton","isPartOf":{"@id":"https:\/\/subiton.com\/pt-br\/#website"},"primaryImageOfPage":{"@id":"https:\/\/subiton.com\/pt-br\/producto\/ionomax-tipo-3\/#primaryimage"},"image":{"@id":"https:\/\/subiton.com\/pt-br\/producto\/ionomax-tipo-3\/#primaryimage"},"thumbnailUrl":"https:\/\/subiton.com\/wp-content\/uploads\/2017\/12\/subiton_dental-ionomax-tipo3.jpg","datePublished":"2017-12-01T21:45:14+00:00","dateModified":"2025-08-05T14:51:06+00:00","breadcrumb":{"@id":"https:\/\/subiton.com\/pt-br\/producto\/ionomax-tipo-3\/#breadcrumb"},"inLanguage":"pt-BR","potentialAction":[{"@type":"ReadAction","target":["https:\/\/subiton.com\/pt-br\/producto\/ionomax-tipo-3\/"]}]},{"@type":"ImageObject","inLanguage":"pt-BR","@id":"https:\/\/subiton.com\/pt-br\/producto\/ionomax-tipo-3\/#primaryimage","url":"https:\/\/subiton.com\/wp-content\/uploads\/2017\/12\/subiton_dental-ionomax-tipo3.jpg","contentUrl":"https:\/\/subiton.com\/wp-content\/uploads\/2017\/12\/subiton_dental-ionomax-tipo3.jpg","width":540,"height":400},{"@type":"BreadcrumbList","@id":"https:\/\/subiton.com\/pt-br\/producto\/ionomax-tipo-3\/#breadcrumb","itemListElement":[{"@type":"ListItem","position":1,"name":"Portada","item":"https:\/\/subiton.com\/pt-br\/"},{"@type":"ListItem","position":2,"name":"Produtos","item":"https:\/\/subiton.com\/pt-br\/produtos-port\/"},{"@type":"ListItem","position":3,"name":"Ionomax Tipo III"}]},{"@type":"WebSite","@id":"https:\/\/subiton.com\/pt-br\/#website","url":"https:\/\/subiton.com\/pt-br\/","name":"Subiton","description":"Laboratorios SL S.A.","publisher":{"@id":"https:\/\/subiton.com\/pt-br\/#organization"},"potentialAction":[{"@type":"SearchAction","target":{"@type":"EntryPoint","urlTemplate":"https:\/\/subiton.com\/pt-br\/?s={search_term_string}"},"query-input":{"@type":"PropertyValueSpecification","valueRequired":true,"valueName":"search_term_string"}}],"inLanguage":"pt-BR"},{"@type":"Organization","@id":"https:\/\/subiton.com\/pt-br\/#organization","name":"Subiton","url":"https:\/\/subiton.com\/pt-br\/","logo":{"@type":"ImageObject","inLanguage":"pt-BR","@id":"https:\/\/subiton.com\/pt-br\/#\/schema\/logo\/image\/","url":"https:\/\/subiton.com\/wp-content\/uploads\/2017\/11\/logo_subiton_azul-1.png","contentUrl":"https:\/\/subiton.com\/wp-content\/uploads\/2017\/11\/logo_subiton_azul-1.png","width":180,"height":43,"caption":"Subiton"},"image":{"@id":"https:\/\/subiton.com\/pt-br\/#\/schema\/logo\/image\/"},"sameAs":["https:\/\/www.linkedin.com\/company\/subiton-laboratorios-sl-sa\/","https:\/\/www.youtube.com\/channel\/UC8B4_Z3h0_Q1agT-sABTYQw?view_as=subscriber"]}]}},"_links":{"self":[{"href":"https:\/\/subiton.com\/pt-br\/wp-json\/wp\/v2\/product\/17554","targetHints":{"allow":["GET"]}}],"collection":[{"href":"https:\/\/subiton.com\/pt-br\/wp-json\/wp\/v2\/product"}],"about":[{"href":"https:\/\/subiton.com\/pt-br\/wp-json\/wp\/v2\/types\/product"}],"wp:featuredmedia":[{"embeddable":true,"href":"https:\/\/subiton.com\/pt-br\/wp-json\/wp\/v2\/media\/17936"}],"wp:attachment":[{"href":"https:\/\/subiton.com\/pt-br\/wp-json\/wp\/v2\/media?parent=17554"}],"wp:term":[{"taxonomy":"product_brand","embeddable":true,"href":"https:\/\/subiton.com\/pt-br\/wp-json\/wp\/v2\/product_brand?post=17554"},{"taxonomy":"product_cat","embeddable":true,"href":"https:\/\/subiton.com\/pt-br\/wp-json\/wp\/v2\/product_cat?post=17554"},{"taxonomy":"product_tag","embeddable":true,"href":"https:\/\/subiton.com\/pt-br\/wp-json\/wp\/v2\/product_tag?post=17554"}],"curies":[{"name":"wp","href":"https:\/\/api.w.org\/{rel}","templated":true}]}}