{"id":17525,"date":"2018-04-16T13:33:20","date_gmt":"2018-04-16T13:33:20","guid":{"rendered":"https:\/\/wp000740.ferozo.com\/producto\/subiton-vtp-cifo\/"},"modified":"2018-05-19T14:51:38","modified_gmt":"2018-05-19T14:51:38","slug":"subiton-vtp-cifo","status":"publish","type":"product","link":"https:\/\/subiton.com\/pt-br\/producto\/subiton-vtp-cifo\/","title":{"rendered":"Subiton VTP CIFO"},"content":{"rendered":"","protected":false},"excerpt":{"rendered":"<p><strong>CIMENTO CIR\u00daRGICO PARA CIFOPLASTIA.<\/strong><\/p>\n<p>Indicado para a fixa\u00e7\u00e3o e preenchimento de corpos vertebrais. Sua aplica\u00e7\u00e3o \u00e9 realizada utilizando um dispositivo de inje\u00e7\u00e3o e instrumenta\u00e7\u00e3o endovertebral (cifoplastia por bal\u00e3o ou instrumental).<\/p>\n<ul>\n<li>Possui maior viscosidade que outros cimentos para vertebroplastia.<\/li>\n<li>Baixa temperatura de endurecimento.<\/li>\n<li>Alta radiopacidade.<\/li>\n<\/ul>\n<hr \/>\n<p><strong>Apresenta\u00e7\u00e3o:<\/strong><br \/>\n20g + 9ml &#8211; REF 880840<\/p>\n","protected":false},"featured_media":17850,"template":"","meta":{"_monsterinsights_skip_tracking":false,"_monsterinsights_sitenote_active":false,"_monsterinsights_sitenote_note":"","_monsterinsights_sitenote_category":0},"product_brand":[],"product_cat":[760,759],"product_tag":[],"class_list":{"0":"post-17525","1":"product","2":"type-product","3":"status-publish","4":"has-post-thumbnail","6":"product_cat-cifoplastia-pt-br","7":"product_cat-nuerosurgia-pt-br","9":"first","10":"instock","11":"shipping-taxable","12":"product-type-simple"},"yoast_head":"<!-- This site is optimized with the Yoast SEO plugin v27.3 - https:\/\/yoast.com\/product\/yoast-seo-wordpress\/ -->\n<title>Subiton VTP CIFO - Subiton<\/title>\n<meta name=\"robots\" content=\"index, follow, max-snippet:-1, max-image-preview:large, max-video-preview:-1\" \/>\n<link rel=\"canonical\" href=\"https:\/\/subiton.com\/pt-br\/producto\/subiton-vtp-cifo\/\" \/>\n<meta property=\"og:locale\" content=\"pt_BR\" \/>\n<meta property=\"og:type\" content=\"article\" \/>\n<meta property=\"og:title\" content=\"Subiton VTP CIFO - Subiton\" \/>\n<meta property=\"og:description\" content=\"CIMENTO CIR\u00daRGICO PARA CIFOPLASTIA.  Indicado para a fixa\u00e7\u00e3o e preenchimento de corpos vertebrais. Sua aplica\u00e7\u00e3o \u00e9 realizada utilizando um dispositivo de inje\u00e7\u00e3o e instrumenta\u00e7\u00e3o endovertebral (cifoplastia por bal\u00e3o ou instrumental).   Possui maior viscosidade que outros cimentos para vertebroplastia.  Baixa temperatura de endurecimento.  Alta radiopacidade.     Apresenta\u00e7\u00e3o: 20g + 9ml - REF 880840\" \/>\n<meta property=\"og:url\" content=\"https:\/\/subiton.com\/pt-br\/producto\/subiton-vtp-cifo\/\" \/>\n<meta property=\"og:site_name\" content=\"Subiton\" \/>\n<meta property=\"article:modified_time\" content=\"2018-05-19T14:51:38+00:00\" \/>\n<meta property=\"og:image\" content=\"https:\/\/subiton.com\/wp-content\/uploads\/2018\/04\/subiton-cifo.jpg\" \/>\n\t<meta property=\"og:image:width\" content=\"540\" \/>\n\t<meta property=\"og:image:height\" content=\"400\" \/>\n\t<meta property=\"og:image:type\" content=\"image\/jpeg\" \/>\n<meta name=\"twitter:card\" content=\"summary_large_image\" \/>\n<script type=\"application\/ld+json\" class=\"yoast-schema-graph\">{\"@context\":\"https:\\\/\\\/schema.org\",\"@graph\":[{\"@type\":\"WebPage\",\"@id\":\"https:\\\/\\\/subiton.com\\\/pt-br\\\/producto\\\/subiton-vtp-cifo\\\/\",\"url\":\"https:\\\/\\\/subiton.com\\\/pt-br\\\/producto\\\/subiton-vtp-cifo\\\/\",\"name\":\"Subiton VTP CIFO - Subiton\",\"isPartOf\":{\"@id\":\"https:\\\/\\\/subiton.com\\\/pt-br\\\/#website\"},\"primaryImageOfPage\":{\"@id\":\"https:\\\/\\\/subiton.com\\\/pt-br\\\/producto\\\/subiton-vtp-cifo\\\/#primaryimage\"},\"image\":{\"@id\":\"https:\\\/\\\/subiton.com\\\/pt-br\\\/producto\\\/subiton-vtp-cifo\\\/#primaryimage\"},\"thumbnailUrl\":\"https:\\\/\\\/subiton.com\\\/wp-content\\\/uploads\\\/2018\\\/04\\\/subiton-cifo.jpg\",\"datePublished\":\"2018-04-16T13:33:20+00:00\",\"dateModified\":\"2018-05-19T14:51:38+00:00\",\"breadcrumb\":{\"@id\":\"https:\\\/\\\/subiton.com\\\/pt-br\\\/producto\\\/subiton-vtp-cifo\\\/#breadcrumb\"},\"inLanguage\":\"pt-BR\",\"potentialAction\":[{\"@type\":\"ReadAction\",\"target\":[\"https:\\\/\\\/subiton.com\\\/pt-br\\\/producto\\\/subiton-vtp-cifo\\\/\"]}]},{\"@type\":\"ImageObject\",\"inLanguage\":\"pt-BR\",\"@id\":\"https:\\\/\\\/subiton.com\\\/pt-br\\\/producto\\\/subiton-vtp-cifo\\\/#primaryimage\",\"url\":\"https:\\\/\\\/subiton.com\\\/wp-content\\\/uploads\\\/2018\\\/04\\\/subiton-cifo.jpg\",\"contentUrl\":\"https:\\\/\\\/subiton.com\\\/wp-content\\\/uploads\\\/2018\\\/04\\\/subiton-cifo.jpg\",\"width\":540,\"height\":400},{\"@type\":\"BreadcrumbList\",\"@id\":\"https:\\\/\\\/subiton.com\\\/pt-br\\\/producto\\\/subiton-vtp-cifo\\\/#breadcrumb\",\"itemListElement\":[{\"@type\":\"ListItem\",\"position\":1,\"name\":\"Portada\",\"item\":\"https:\\\/\\\/subiton.com\\\/pt-br\\\/\"},{\"@type\":\"ListItem\",\"position\":2,\"name\":\"Produtos\",\"item\":\"https:\\\/\\\/subiton.com\\\/pt-br\\\/produtos-port\\\/\"},{\"@type\":\"ListItem\",\"position\":3,\"name\":\"Subiton VTP CIFO\"}]},{\"@type\":\"WebSite\",\"@id\":\"https:\\\/\\\/subiton.com\\\/pt-br\\\/#website\",\"url\":\"https:\\\/\\\/subiton.com\\\/pt-br\\\/\",\"name\":\"Subiton\",\"description\":\"Laboratorios SL S.A.\",\"publisher\":{\"@id\":\"https:\\\/\\\/subiton.com\\\/pt-br\\\/#organization\"},\"potentialAction\":[{\"@type\":\"SearchAction\",\"target\":{\"@type\":\"EntryPoint\",\"urlTemplate\":\"https:\\\/\\\/subiton.com\\\/pt-br\\\/?s={search_term_string}\"},\"query-input\":{\"@type\":\"PropertyValueSpecification\",\"valueRequired\":true,\"valueName\":\"search_term_string\"}}],\"inLanguage\":\"pt-BR\"},{\"@type\":\"Organization\",\"@id\":\"https:\\\/\\\/subiton.com\\\/pt-br\\\/#organization\",\"name\":\"Subiton\",\"url\":\"https:\\\/\\\/subiton.com\\\/pt-br\\\/\",\"logo\":{\"@type\":\"ImageObject\",\"inLanguage\":\"pt-BR\",\"@id\":\"https:\\\/\\\/subiton.com\\\/pt-br\\\/#\\\/schema\\\/logo\\\/image\\\/\",\"url\":\"https:\\\/\\\/subiton.com\\\/wp-content\\\/uploads\\\/2017\\\/11\\\/logo_subiton_azul-1.png\",\"contentUrl\":\"https:\\\/\\\/subiton.com\\\/wp-content\\\/uploads\\\/2017\\\/11\\\/logo_subiton_azul-1.png\",\"width\":180,\"height\":43,\"caption\":\"Subiton\"},\"image\":{\"@id\":\"https:\\\/\\\/subiton.com\\\/pt-br\\\/#\\\/schema\\\/logo\\\/image\\\/\"},\"sameAs\":[\"https:\\\/\\\/www.linkedin.com\\\/company\\\/subiton-laboratorios-sl-sa\\\/\",\"https:\\\/\\\/www.youtube.com\\\/channel\\\/UC8B4_Z3h0_Q1agT-sABTYQw?view_as=subscriber\"]}]}<\/script>\n<!-- \/ Yoast SEO plugin. -->","yoast_head_json":{"title":"Subiton VTP CIFO - Subiton","robots":{"index":"index","follow":"follow","max-snippet":"max-snippet:-1","max-image-preview":"max-image-preview:large","max-video-preview":"max-video-preview:-1"},"canonical":"https:\/\/subiton.com\/pt-br\/producto\/subiton-vtp-cifo\/","og_locale":"pt_BR","og_type":"article","og_title":"Subiton VTP CIFO - Subiton","og_description":"CIMENTO CIR\u00daRGICO PARA CIFOPLASTIA.  Indicado para a fixa\u00e7\u00e3o e preenchimento de corpos vertebrais. Sua aplica\u00e7\u00e3o \u00e9 realizada utilizando um dispositivo de inje\u00e7\u00e3o e instrumenta\u00e7\u00e3o endovertebral (cifoplastia por bal\u00e3o ou instrumental).   Possui maior viscosidade que outros cimentos para vertebroplastia.  Baixa temperatura de endurecimento.  Alta radiopacidade.     Apresenta\u00e7\u00e3o: 20g + 9ml - REF 880840","og_url":"https:\/\/subiton.com\/pt-br\/producto\/subiton-vtp-cifo\/","og_site_name":"Subiton","article_modified_time":"2018-05-19T14:51:38+00:00","og_image":[{"width":540,"height":400,"url":"https:\/\/subiton.com\/wp-content\/uploads\/2018\/04\/subiton-cifo.jpg","type":"image\/jpeg"}],"twitter_card":"summary_large_image","schema":{"@context":"https:\/\/schema.org","@graph":[{"@type":"WebPage","@id":"https:\/\/subiton.com\/pt-br\/producto\/subiton-vtp-cifo\/","url":"https:\/\/subiton.com\/pt-br\/producto\/subiton-vtp-cifo\/","name":"Subiton VTP CIFO - Subiton","isPartOf":{"@id":"https:\/\/subiton.com\/pt-br\/#website"},"primaryImageOfPage":{"@id":"https:\/\/subiton.com\/pt-br\/producto\/subiton-vtp-cifo\/#primaryimage"},"image":{"@id":"https:\/\/subiton.com\/pt-br\/producto\/subiton-vtp-cifo\/#primaryimage"},"thumbnailUrl":"https:\/\/subiton.com\/wp-content\/uploads\/2018\/04\/subiton-cifo.jpg","datePublished":"2018-04-16T13:33:20+00:00","dateModified":"2018-05-19T14:51:38+00:00","breadcrumb":{"@id":"https:\/\/subiton.com\/pt-br\/producto\/subiton-vtp-cifo\/#breadcrumb"},"inLanguage":"pt-BR","potentialAction":[{"@type":"ReadAction","target":["https:\/\/subiton.com\/pt-br\/producto\/subiton-vtp-cifo\/"]}]},{"@type":"ImageObject","inLanguage":"pt-BR","@id":"https:\/\/subiton.com\/pt-br\/producto\/subiton-vtp-cifo\/#primaryimage","url":"https:\/\/subiton.com\/wp-content\/uploads\/2018\/04\/subiton-cifo.jpg","contentUrl":"https:\/\/subiton.com\/wp-content\/uploads\/2018\/04\/subiton-cifo.jpg","width":540,"height":400},{"@type":"BreadcrumbList","@id":"https:\/\/subiton.com\/pt-br\/producto\/subiton-vtp-cifo\/#breadcrumb","itemListElement":[{"@type":"ListItem","position":1,"name":"Portada","item":"https:\/\/subiton.com\/pt-br\/"},{"@type":"ListItem","position":2,"name":"Produtos","item":"https:\/\/subiton.com\/pt-br\/produtos-port\/"},{"@type":"ListItem","position":3,"name":"Subiton VTP CIFO"}]},{"@type":"WebSite","@id":"https:\/\/subiton.com\/pt-br\/#website","url":"https:\/\/subiton.com\/pt-br\/","name":"Subiton","description":"Laboratorios SL S.A.","publisher":{"@id":"https:\/\/subiton.com\/pt-br\/#organization"},"potentialAction":[{"@type":"SearchAction","target":{"@type":"EntryPoint","urlTemplate":"https:\/\/subiton.com\/pt-br\/?s={search_term_string}"},"query-input":{"@type":"PropertyValueSpecification","valueRequired":true,"valueName":"search_term_string"}}],"inLanguage":"pt-BR"},{"@type":"Organization","@id":"https:\/\/subiton.com\/pt-br\/#organization","name":"Subiton","url":"https:\/\/subiton.com\/pt-br\/","logo":{"@type":"ImageObject","inLanguage":"pt-BR","@id":"https:\/\/subiton.com\/pt-br\/#\/schema\/logo\/image\/","url":"https:\/\/subiton.com\/wp-content\/uploads\/2017\/11\/logo_subiton_azul-1.png","contentUrl":"https:\/\/subiton.com\/wp-content\/uploads\/2017\/11\/logo_subiton_azul-1.png","width":180,"height":43,"caption":"Subiton"},"image":{"@id":"https:\/\/subiton.com\/pt-br\/#\/schema\/logo\/image\/"},"sameAs":["https:\/\/www.linkedin.com\/company\/subiton-laboratorios-sl-sa\/","https:\/\/www.youtube.com\/channel\/UC8B4_Z3h0_Q1agT-sABTYQw?view_as=subscriber"]}]}},"_links":{"self":[{"href":"https:\/\/subiton.com\/pt-br\/wp-json\/wp\/v2\/product\/17525","targetHints":{"allow":["GET"]}}],"collection":[{"href":"https:\/\/subiton.com\/pt-br\/wp-json\/wp\/v2\/product"}],"about":[{"href":"https:\/\/subiton.com\/pt-br\/wp-json\/wp\/v2\/types\/product"}],"wp:featuredmedia":[{"embeddable":true,"href":"https:\/\/subiton.com\/pt-br\/wp-json\/wp\/v2\/media\/17850"}],"wp:attachment":[{"href":"https:\/\/subiton.com\/pt-br\/wp-json\/wp\/v2\/media?parent=17525"}],"wp:term":[{"taxonomy":"product_brand","embeddable":true,"href":"https:\/\/subiton.com\/pt-br\/wp-json\/wp\/v2\/product_brand?post=17525"},{"taxonomy":"product_cat","embeddable":true,"href":"https:\/\/subiton.com\/pt-br\/wp-json\/wp\/v2\/product_cat?post=17525"},{"taxonomy":"product_tag","embeddable":true,"href":"https:\/\/subiton.com\/pt-br\/wp-json\/wp\/v2\/product_tag?post=17525"}],"curies":[{"name":"wp","href":"https:\/\/api.w.org\/{rel}","templated":true}]}}