{"id":17522,"date":"2018-04-16T13:31:22","date_gmt":"2018-04-16T13:31:22","guid":{"rendered":"https:\/\/wp000740.ferozo.com\/producto\/subimix-vtp\/"},"modified":"2018-05-19T14:36:59","modified_gmt":"2018-05-19T14:36:59","slug":"subimix-vtp","status":"publish","type":"product","link":"https:\/\/subiton.com\/pt-br\/producto\/subimix-vtp\/","title":{"rendered":"Subimix VTP"},"content":{"rendered":"","protected":false},"excerpt":{"rendered":"<p><strong>SISTEMA DE MISTURA A V\u00c1CUO DE CIMENTO PARA VERTEBROPLASTIA.<\/strong><\/p>\n<p>O <strong>Subimix VTP<\/strong> apresenta duas vantagens principais: a elimina\u00e7\u00e3o dos vapores produzidos durante a mistura e a melhoria nas propriedades mec\u00e2nicas do cimento.<\/p>\n<p><strong>Conte\u00fado:<\/strong><br \/>\n1 Corpo Misturador \/ 1 Tampa do Corpo com esp\u00e1tula para misturar \/ 1 Tubo de pl\u00e1stico de 3 mm de interior e 2 mm de longitude \/ 1 Cartucho Absorvedor de vapores \/ 1 Funil \/ 1 Raccord para acoplar os tubos (\u00d8 3 a 6 mm).<\/p>\n<ul>\n<li>Possui conex\u00e3o \u201cLuer\u201d que se adapta \u00e0 maioria dos sistemas de vertebroplastia.<\/li>\n<\/ul>\n<hr \/>\n<p>REF 880443<\/p>\n","protected":false},"featured_media":20744,"template":"","meta":{"_monsterinsights_skip_tracking":false,"_monsterinsights_sitenote_active":false,"_monsterinsights_sitenote_note":"","_monsterinsights_sitenote_category":0},"product_brand":[],"product_cat":[759,762],"product_tag":[],"class_list":{"0":"post-17522","1":"product","2":"type-product","3":"status-publish","4":"has-post-thumbnail","6":"product_cat-nuerosurgia-pt-br","7":"product_cat-vertebroplastia-pt-br","9":"first","10":"instock","11":"shipping-taxable","12":"product-type-simple"},"yoast_head":"<!-- This site is optimized with the Yoast SEO plugin v27.5 - https:\/\/yoast.com\/product\/yoast-seo-wordpress\/ -->\n<title>Subimix VTP - Subiton<\/title>\n<meta name=\"robots\" content=\"index, follow, max-snippet:-1, max-image-preview:large, max-video-preview:-1\" \/>\n<link rel=\"canonical\" href=\"https:\/\/subiton.com\/pt-br\/producto\/subimix-vtp\/\" \/>\n<meta property=\"og:locale\" content=\"pt_BR\" \/>\n<meta property=\"og:type\" content=\"article\" \/>\n<meta property=\"og:title\" content=\"Subimix VTP - Subiton\" \/>\n<meta property=\"og:description\" content=\"SISTEMA DE MISTURA A V\u00c1CUO DE CIMENTO PARA VERTEBROPLASTIA.  O Subimix VTP apresenta duas vantagens principais: a elimina\u00e7\u00e3o dos vapores produzidos durante a mistura e a melhoria nas propriedades mec\u00e2nicas do cimento.  Conte\u00fado: 1 Corpo Misturador \/ 1 Tampa do Corpo com esp\u00e1tula para misturar \/ 1 Tubo de pl\u00e1stico de 3 mm de interior e 2 mm de longitude \/ 1 Cartucho Absorvedor de vapores \/ 1 Funil \/ 1 Raccord para acoplar os tubos (\u00d8 3 a 6 mm).   Possui conex\u00e3o \u201cLuer\u201d que se adapta \u00e0 maioria dos sistemas de vertebroplastia.     REF 880443\" \/>\n<meta property=\"og:url\" content=\"https:\/\/subiton.com\/pt-br\/producto\/subimix-vtp\/\" \/>\n<meta property=\"og:site_name\" content=\"Subiton\" \/>\n<meta property=\"article:modified_time\" content=\"2018-05-19T14:36:59+00:00\" \/>\n<meta property=\"og:image\" content=\"https:\/\/subiton.com\/wp-content\/uploads\/2017\/12\/subimix-vtp-2.jpg\" \/>\n\t<meta property=\"og:image:width\" content=\"560\" \/>\n\t<meta property=\"og:image:height\" content=\"400\" \/>\n\t<meta property=\"og:image:type\" content=\"image\/jpeg\" \/>\n<meta name=\"twitter:card\" content=\"summary_large_image\" \/>\n<script type=\"application\/ld+json\" class=\"yoast-schema-graph\">{\"@context\":\"https:\\\/\\\/schema.org\",\"@graph\":[{\"@type\":\"WebPage\",\"@id\":\"https:\\\/\\\/subiton.com\\\/pt-br\\\/producto\\\/subimix-vtp\\\/\",\"url\":\"https:\\\/\\\/subiton.com\\\/pt-br\\\/producto\\\/subimix-vtp\\\/\",\"name\":\"Subimix VTP - Subiton\",\"isPartOf\":{\"@id\":\"https:\\\/\\\/subiton.com\\\/pt-br\\\/#website\"},\"primaryImageOfPage\":{\"@id\":\"https:\\\/\\\/subiton.com\\\/pt-br\\\/producto\\\/subimix-vtp\\\/#primaryimage\"},\"image\":{\"@id\":\"https:\\\/\\\/subiton.com\\\/pt-br\\\/producto\\\/subimix-vtp\\\/#primaryimage\"},\"thumbnailUrl\":\"https:\\\/\\\/subiton.com\\\/wp-content\\\/uploads\\\/2017\\\/12\\\/subimix-vtp-2.jpg\",\"datePublished\":\"2018-04-16T13:31:22+00:00\",\"dateModified\":\"2018-05-19T14:36:59+00:00\",\"breadcrumb\":{\"@id\":\"https:\\\/\\\/subiton.com\\\/pt-br\\\/producto\\\/subimix-vtp\\\/#breadcrumb\"},\"inLanguage\":\"pt-BR\",\"potentialAction\":[{\"@type\":\"ReadAction\",\"target\":[\"https:\\\/\\\/subiton.com\\\/pt-br\\\/producto\\\/subimix-vtp\\\/\"]}]},{\"@type\":\"ImageObject\",\"inLanguage\":\"pt-BR\",\"@id\":\"https:\\\/\\\/subiton.com\\\/pt-br\\\/producto\\\/subimix-vtp\\\/#primaryimage\",\"url\":\"https:\\\/\\\/subiton.com\\\/wp-content\\\/uploads\\\/2017\\\/12\\\/subimix-vtp-2.jpg\",\"contentUrl\":\"https:\\\/\\\/subiton.com\\\/wp-content\\\/uploads\\\/2017\\\/12\\\/subimix-vtp-2.jpg\",\"width\":560,\"height\":400},{\"@type\":\"BreadcrumbList\",\"@id\":\"https:\\\/\\\/subiton.com\\\/pt-br\\\/producto\\\/subimix-vtp\\\/#breadcrumb\",\"itemListElement\":[{\"@type\":\"ListItem\",\"position\":1,\"name\":\"Portada\",\"item\":\"https:\\\/\\\/subiton.com\\\/pt-br\\\/\"},{\"@type\":\"ListItem\",\"position\":2,\"name\":\"Produtos\",\"item\":\"https:\\\/\\\/subiton.com\\\/pt-br\\\/produtos-port\\\/\"},{\"@type\":\"ListItem\",\"position\":3,\"name\":\"Subimix VTP\"}]},{\"@type\":\"WebSite\",\"@id\":\"https:\\\/\\\/subiton.com\\\/pt-br\\\/#website\",\"url\":\"https:\\\/\\\/subiton.com\\\/pt-br\\\/\",\"name\":\"Subiton\",\"description\":\"Laboratorios SL S.A.\",\"publisher\":{\"@id\":\"https:\\\/\\\/subiton.com\\\/pt-br\\\/#organization\"},\"potentialAction\":[{\"@type\":\"SearchAction\",\"target\":{\"@type\":\"EntryPoint\",\"urlTemplate\":\"https:\\\/\\\/subiton.com\\\/pt-br\\\/?s={search_term_string}\"},\"query-input\":{\"@type\":\"PropertyValueSpecification\",\"valueRequired\":true,\"valueName\":\"search_term_string\"}}],\"inLanguage\":\"pt-BR\"},{\"@type\":\"Organization\",\"@id\":\"https:\\\/\\\/subiton.com\\\/pt-br\\\/#organization\",\"name\":\"Subiton\",\"url\":\"https:\\\/\\\/subiton.com\\\/pt-br\\\/\",\"logo\":{\"@type\":\"ImageObject\",\"inLanguage\":\"pt-BR\",\"@id\":\"https:\\\/\\\/subiton.com\\\/pt-br\\\/#\\\/schema\\\/logo\\\/image\\\/\",\"url\":\"https:\\\/\\\/subiton.com\\\/wp-content\\\/uploads\\\/2017\\\/11\\\/logo_subiton_azul-1.png\",\"contentUrl\":\"https:\\\/\\\/subiton.com\\\/wp-content\\\/uploads\\\/2017\\\/11\\\/logo_subiton_azul-1.png\",\"width\":180,\"height\":43,\"caption\":\"Subiton\"},\"image\":{\"@id\":\"https:\\\/\\\/subiton.com\\\/pt-br\\\/#\\\/schema\\\/logo\\\/image\\\/\"},\"sameAs\":[\"https:\\\/\\\/www.linkedin.com\\\/company\\\/subiton-laboratorios-sl-sa\\\/\",\"https:\\\/\\\/www.youtube.com\\\/channel\\\/UC8B4_Z3h0_Q1agT-sABTYQw?view_as=subscriber\"]}]}<\/script>\n<!-- \/ Yoast SEO plugin. -->","yoast_head_json":{"title":"Subimix VTP - Subiton","robots":{"index":"index","follow":"follow","max-snippet":"max-snippet:-1","max-image-preview":"max-image-preview:large","max-video-preview":"max-video-preview:-1"},"canonical":"https:\/\/subiton.com\/pt-br\/producto\/subimix-vtp\/","og_locale":"pt_BR","og_type":"article","og_title":"Subimix VTP - Subiton","og_description":"SISTEMA DE MISTURA A V\u00c1CUO DE CIMENTO PARA VERTEBROPLASTIA.  O Subimix VTP apresenta duas vantagens principais: a elimina\u00e7\u00e3o dos vapores produzidos durante a mistura e a melhoria nas propriedades mec\u00e2nicas do cimento.  Conte\u00fado: 1 Corpo Misturador \/ 1 Tampa do Corpo com esp\u00e1tula para misturar \/ 1 Tubo de pl\u00e1stico de 3 mm de interior e 2 mm de longitude \/ 1 Cartucho Absorvedor de vapores \/ 1 Funil \/ 1 Raccord para acoplar os tubos (\u00d8 3 a 6 mm).   Possui conex\u00e3o \u201cLuer\u201d que se adapta \u00e0 maioria dos sistemas de vertebroplastia.     REF 880443","og_url":"https:\/\/subiton.com\/pt-br\/producto\/subimix-vtp\/","og_site_name":"Subiton","article_modified_time":"2018-05-19T14:36:59+00:00","og_image":[{"width":560,"height":400,"url":"https:\/\/subiton.com\/wp-content\/uploads\/2017\/12\/subimix-vtp-2.jpg","type":"image\/jpeg"}],"twitter_card":"summary_large_image","schema":{"@context":"https:\/\/schema.org","@graph":[{"@type":"WebPage","@id":"https:\/\/subiton.com\/pt-br\/producto\/subimix-vtp\/","url":"https:\/\/subiton.com\/pt-br\/producto\/subimix-vtp\/","name":"Subimix VTP - Subiton","isPartOf":{"@id":"https:\/\/subiton.com\/pt-br\/#website"},"primaryImageOfPage":{"@id":"https:\/\/subiton.com\/pt-br\/producto\/subimix-vtp\/#primaryimage"},"image":{"@id":"https:\/\/subiton.com\/pt-br\/producto\/subimix-vtp\/#primaryimage"},"thumbnailUrl":"https:\/\/subiton.com\/wp-content\/uploads\/2017\/12\/subimix-vtp-2.jpg","datePublished":"2018-04-16T13:31:22+00:00","dateModified":"2018-05-19T14:36:59+00:00","breadcrumb":{"@id":"https:\/\/subiton.com\/pt-br\/producto\/subimix-vtp\/#breadcrumb"},"inLanguage":"pt-BR","potentialAction":[{"@type":"ReadAction","target":["https:\/\/subiton.com\/pt-br\/producto\/subimix-vtp\/"]}]},{"@type":"ImageObject","inLanguage":"pt-BR","@id":"https:\/\/subiton.com\/pt-br\/producto\/subimix-vtp\/#primaryimage","url":"https:\/\/subiton.com\/wp-content\/uploads\/2017\/12\/subimix-vtp-2.jpg","contentUrl":"https:\/\/subiton.com\/wp-content\/uploads\/2017\/12\/subimix-vtp-2.jpg","width":560,"height":400},{"@type":"BreadcrumbList","@id":"https:\/\/subiton.com\/pt-br\/producto\/subimix-vtp\/#breadcrumb","itemListElement":[{"@type":"ListItem","position":1,"name":"Portada","item":"https:\/\/subiton.com\/pt-br\/"},{"@type":"ListItem","position":2,"name":"Produtos","item":"https:\/\/subiton.com\/pt-br\/produtos-port\/"},{"@type":"ListItem","position":3,"name":"Subimix VTP"}]},{"@type":"WebSite","@id":"https:\/\/subiton.com\/pt-br\/#website","url":"https:\/\/subiton.com\/pt-br\/","name":"Subiton","description":"Laboratorios SL S.A.","publisher":{"@id":"https:\/\/subiton.com\/pt-br\/#organization"},"potentialAction":[{"@type":"SearchAction","target":{"@type":"EntryPoint","urlTemplate":"https:\/\/subiton.com\/pt-br\/?s={search_term_string}"},"query-input":{"@type":"PropertyValueSpecification","valueRequired":true,"valueName":"search_term_string"}}],"inLanguage":"pt-BR"},{"@type":"Organization","@id":"https:\/\/subiton.com\/pt-br\/#organization","name":"Subiton","url":"https:\/\/subiton.com\/pt-br\/","logo":{"@type":"ImageObject","inLanguage":"pt-BR","@id":"https:\/\/subiton.com\/pt-br\/#\/schema\/logo\/image\/","url":"https:\/\/subiton.com\/wp-content\/uploads\/2017\/11\/logo_subiton_azul-1.png","contentUrl":"https:\/\/subiton.com\/wp-content\/uploads\/2017\/11\/logo_subiton_azul-1.png","width":180,"height":43,"caption":"Subiton"},"image":{"@id":"https:\/\/subiton.com\/pt-br\/#\/schema\/logo\/image\/"},"sameAs":["https:\/\/www.linkedin.com\/company\/subiton-laboratorios-sl-sa\/","https:\/\/www.youtube.com\/channel\/UC8B4_Z3h0_Q1agT-sABTYQw?view_as=subscriber"]}]}},"_links":{"self":[{"href":"https:\/\/subiton.com\/pt-br\/wp-json\/wp\/v2\/product\/17522","targetHints":{"allow":["GET"]}}],"collection":[{"href":"https:\/\/subiton.com\/pt-br\/wp-json\/wp\/v2\/product"}],"about":[{"href":"https:\/\/subiton.com\/pt-br\/wp-json\/wp\/v2\/types\/product"}],"wp:featuredmedia":[{"embeddable":true,"href":"https:\/\/subiton.com\/pt-br\/wp-json\/wp\/v2\/media\/20744"}],"wp:attachment":[{"href":"https:\/\/subiton.com\/pt-br\/wp-json\/wp\/v2\/media?parent=17522"}],"wp:term":[{"taxonomy":"product_brand","embeddable":true,"href":"https:\/\/subiton.com\/pt-br\/wp-json\/wp\/v2\/product_brand?post=17522"},{"taxonomy":"product_cat","embeddable":true,"href":"https:\/\/subiton.com\/pt-br\/wp-json\/wp\/v2\/product_cat?post=17522"},{"taxonomy":"product_tag","embeddable":true,"href":"https:\/\/subiton.com\/pt-br\/wp-json\/wp\/v2\/product_tag?post=17522"}],"curies":[{"name":"wp","href":"https:\/\/api.w.org\/{rel}","templated":true}]}}