{"id":17513,"date":"2018-04-16T13:24:42","date_gmt":"2018-04-16T13:24:42","guid":{"rendered":"https:\/\/wp000740.ferozo.com\/producto\/set-subiton-vtp-integral\/"},"modified":"2018-05-19T14:12:58","modified_gmt":"2018-05-19T14:12:58","slug":"set-subiton-vtp-integral","status":"publish","type":"product","link":"https:\/\/subiton.com\/pt-br\/producto\/set-subiton-vtp-integral\/","title":{"rendered":"Set Subiton VTP Integral"},"content":{"rendered":"","protected":false},"excerpt":{"rendered":"<p><strong>SISTEMA DE APLICA\u00c7\u00c3O DE CIMENTO PARA VERTEBROPLASTIA COM PISTOLA DESCART\u00c1VEL.<\/strong><\/p>\n<ul>\n<li>Mecanismo de inje\u00e7\u00e3o com dispositivo de press\u00e3o controlada.<\/li>\n<li>Mecanismo de libera\u00e7\u00e3o de press\u00e3o com seguran\u00e7a (gatilho).<\/li>\n<li>Inclui pistola aplicadora descart\u00e1vel.<\/li>\n<li>\u00c9 de uso \u00fanico.<\/li>\n<\/ul>\n<p><strong>Conte\u00fado:<\/strong><br \/>\n1 C\u00e2nula de pun\u00e7\u00e3o de corpo vertebral \/ 1 Tubo conector Luer Lock Macho-F\u00eamea \/ 1 Conjunto de pistola &#8211; seringa de 10 ml \/ 1 Recipiente de mistura \/ 1 Esp\u00e1tula \/ 1 C\u00e2nula para suc\u00e7\u00e3o de cimento.<\/p>\n<p>\u00d8 2.4 x 100 mm &#8211; REF 880476<br \/>\n\u00d8 3.0 x 100 mm &#8211; REF 880477<br \/>\n\u00d8 3.0 x 150 mm &#8211; REF 880478<\/p>\n","protected":false},"featured_media":17835,"template":"","meta":{"_monsterinsights_skip_tracking":false,"_monsterinsights_sitenote_active":false,"_monsterinsights_sitenote_note":"","_monsterinsights_sitenote_category":0},"product_brand":[],"product_cat":[759,762],"product_tag":[],"class_list":{"0":"post-17513","1":"product","2":"type-product","3":"status-publish","4":"has-post-thumbnail","6":"product_cat-nuerosurgia-pt-br","7":"product_cat-vertebroplastia-pt-br","9":"first","10":"instock","11":"shipping-taxable","12":"product-type-simple"},"yoast_head":"<!-- This site is optimized with the Yoast SEO plugin v27.5 - https:\/\/yoast.com\/product\/yoast-seo-wordpress\/ -->\n<title>Set Subiton VTP Integral - Subiton<\/title>\n<meta name=\"robots\" content=\"index, follow, max-snippet:-1, max-image-preview:large, max-video-preview:-1\" \/>\n<link rel=\"canonical\" href=\"https:\/\/subiton.com\/pt-br\/producto\/set-subiton-vtp-integral\/\" \/>\n<meta property=\"og:locale\" content=\"pt_BR\" \/>\n<meta property=\"og:type\" content=\"article\" \/>\n<meta property=\"og:title\" content=\"Set Subiton VTP Integral - Subiton\" \/>\n<meta property=\"og:description\" content=\"SISTEMA DE APLICA\u00c7\u00c3O DE CIMENTO PARA VERTEBROPLASTIA COM PISTOLA DESCART\u00c1VEL.   Mecanismo de inje\u00e7\u00e3o com dispositivo de press\u00e3o controlada.  Mecanismo de libera\u00e7\u00e3o de press\u00e3o com seguran\u00e7a (gatilho).  Inclui pistola aplicadora descart\u00e1vel.  \u00c9 de uso \u00fanico.  Conte\u00fado: 1 C\u00e2nula de pun\u00e7\u00e3o de corpo vertebral \/ 1 Tubo conector Luer Lock Macho-F\u00eamea \/ 1 Conjunto de pistola - seringa de 10 ml \/ 1 Recipiente de mistura \/ 1 Esp\u00e1tula \/ 1 C\u00e2nula para suc\u00e7\u00e3o de cimento.  \u00d8 2.4 x 100 mm - REF 880476 \u00d8 3.0 x 100 mm - REF 880477 \u00d8 3.0 x 150 mm - REF 880478\" \/>\n<meta property=\"og:url\" content=\"https:\/\/subiton.com\/pt-br\/producto\/set-subiton-vtp-integral\/\" \/>\n<meta property=\"og:site_name\" content=\"Subiton\" \/>\n<meta property=\"article:modified_time\" content=\"2018-05-19T14:12:58+00:00\" \/>\n<meta property=\"og:image\" content=\"https:\/\/subiton.com\/wp-content\/uploads\/2018\/04\/set-subiton-vtp-integral.jpg\" \/>\n\t<meta property=\"og:image:width\" content=\"540\" \/>\n\t<meta property=\"og:image:height\" content=\"400\" \/>\n\t<meta property=\"og:image:type\" content=\"image\/jpeg\" \/>\n<meta name=\"twitter:card\" content=\"summary_large_image\" \/>\n<script type=\"application\/ld+json\" class=\"yoast-schema-graph\">{\"@context\":\"https:\\\/\\\/schema.org\",\"@graph\":[{\"@type\":\"WebPage\",\"@id\":\"https:\\\/\\\/subiton.com\\\/pt-br\\\/producto\\\/set-subiton-vtp-integral\\\/\",\"url\":\"https:\\\/\\\/subiton.com\\\/pt-br\\\/producto\\\/set-subiton-vtp-integral\\\/\",\"name\":\"Set Subiton VTP Integral - Subiton\",\"isPartOf\":{\"@id\":\"https:\\\/\\\/subiton.com\\\/pt-br\\\/#website\"},\"primaryImageOfPage\":{\"@id\":\"https:\\\/\\\/subiton.com\\\/pt-br\\\/producto\\\/set-subiton-vtp-integral\\\/#primaryimage\"},\"image\":{\"@id\":\"https:\\\/\\\/subiton.com\\\/pt-br\\\/producto\\\/set-subiton-vtp-integral\\\/#primaryimage\"},\"thumbnailUrl\":\"https:\\\/\\\/subiton.com\\\/wp-content\\\/uploads\\\/2018\\\/04\\\/set-subiton-vtp-integral.jpg\",\"datePublished\":\"2018-04-16T13:24:42+00:00\",\"dateModified\":\"2018-05-19T14:12:58+00:00\",\"breadcrumb\":{\"@id\":\"https:\\\/\\\/subiton.com\\\/pt-br\\\/producto\\\/set-subiton-vtp-integral\\\/#breadcrumb\"},\"inLanguage\":\"pt-BR\",\"potentialAction\":[{\"@type\":\"ReadAction\",\"target\":[\"https:\\\/\\\/subiton.com\\\/pt-br\\\/producto\\\/set-subiton-vtp-integral\\\/\"]}]},{\"@type\":\"ImageObject\",\"inLanguage\":\"pt-BR\",\"@id\":\"https:\\\/\\\/subiton.com\\\/pt-br\\\/producto\\\/set-subiton-vtp-integral\\\/#primaryimage\",\"url\":\"https:\\\/\\\/subiton.com\\\/wp-content\\\/uploads\\\/2018\\\/04\\\/set-subiton-vtp-integral.jpg\",\"contentUrl\":\"https:\\\/\\\/subiton.com\\\/wp-content\\\/uploads\\\/2018\\\/04\\\/set-subiton-vtp-integral.jpg\",\"width\":540,\"height\":400},{\"@type\":\"BreadcrumbList\",\"@id\":\"https:\\\/\\\/subiton.com\\\/pt-br\\\/producto\\\/set-subiton-vtp-integral\\\/#breadcrumb\",\"itemListElement\":[{\"@type\":\"ListItem\",\"position\":1,\"name\":\"Portada\",\"item\":\"https:\\\/\\\/subiton.com\\\/pt-br\\\/\"},{\"@type\":\"ListItem\",\"position\":2,\"name\":\"Produtos\",\"item\":\"https:\\\/\\\/subiton.com\\\/pt-br\\\/produtos-port\\\/\"},{\"@type\":\"ListItem\",\"position\":3,\"name\":\"Set Subiton VTP Integral\"}]},{\"@type\":\"WebSite\",\"@id\":\"https:\\\/\\\/subiton.com\\\/pt-br\\\/#website\",\"url\":\"https:\\\/\\\/subiton.com\\\/pt-br\\\/\",\"name\":\"Subiton\",\"description\":\"Laboratorios SL S.A.\",\"publisher\":{\"@id\":\"https:\\\/\\\/subiton.com\\\/pt-br\\\/#organization\"},\"potentialAction\":[{\"@type\":\"SearchAction\",\"target\":{\"@type\":\"EntryPoint\",\"urlTemplate\":\"https:\\\/\\\/subiton.com\\\/pt-br\\\/?s={search_term_string}\"},\"query-input\":{\"@type\":\"PropertyValueSpecification\",\"valueRequired\":true,\"valueName\":\"search_term_string\"}}],\"inLanguage\":\"pt-BR\"},{\"@type\":\"Organization\",\"@id\":\"https:\\\/\\\/subiton.com\\\/pt-br\\\/#organization\",\"name\":\"Subiton\",\"url\":\"https:\\\/\\\/subiton.com\\\/pt-br\\\/\",\"logo\":{\"@type\":\"ImageObject\",\"inLanguage\":\"pt-BR\",\"@id\":\"https:\\\/\\\/subiton.com\\\/pt-br\\\/#\\\/schema\\\/logo\\\/image\\\/\",\"url\":\"https:\\\/\\\/subiton.com\\\/wp-content\\\/uploads\\\/2017\\\/11\\\/logo_subiton_azul-1.png\",\"contentUrl\":\"https:\\\/\\\/subiton.com\\\/wp-content\\\/uploads\\\/2017\\\/11\\\/logo_subiton_azul-1.png\",\"width\":180,\"height\":43,\"caption\":\"Subiton\"},\"image\":{\"@id\":\"https:\\\/\\\/subiton.com\\\/pt-br\\\/#\\\/schema\\\/logo\\\/image\\\/\"},\"sameAs\":[\"https:\\\/\\\/www.linkedin.com\\\/company\\\/subiton-laboratorios-sl-sa\\\/\",\"https:\\\/\\\/www.youtube.com\\\/channel\\\/UC8B4_Z3h0_Q1agT-sABTYQw?view_as=subscriber\"]}]}<\/script>\n<!-- \/ Yoast SEO plugin. -->","yoast_head_json":{"title":"Set Subiton VTP Integral - Subiton","robots":{"index":"index","follow":"follow","max-snippet":"max-snippet:-1","max-image-preview":"max-image-preview:large","max-video-preview":"max-video-preview:-1"},"canonical":"https:\/\/subiton.com\/pt-br\/producto\/set-subiton-vtp-integral\/","og_locale":"pt_BR","og_type":"article","og_title":"Set Subiton VTP Integral - Subiton","og_description":"SISTEMA DE APLICA\u00c7\u00c3O DE CIMENTO PARA VERTEBROPLASTIA COM PISTOLA DESCART\u00c1VEL.   Mecanismo de inje\u00e7\u00e3o com dispositivo de press\u00e3o controlada.  Mecanismo de libera\u00e7\u00e3o de press\u00e3o com seguran\u00e7a (gatilho).  Inclui pistola aplicadora descart\u00e1vel.  \u00c9 de uso \u00fanico.  Conte\u00fado: 1 C\u00e2nula de pun\u00e7\u00e3o de corpo vertebral \/ 1 Tubo conector Luer Lock Macho-F\u00eamea \/ 1 Conjunto de pistola - seringa de 10 ml \/ 1 Recipiente de mistura \/ 1 Esp\u00e1tula \/ 1 C\u00e2nula para suc\u00e7\u00e3o de cimento.  \u00d8 2.4 x 100 mm - REF 880476 \u00d8 3.0 x 100 mm - REF 880477 \u00d8 3.0 x 150 mm - REF 880478","og_url":"https:\/\/subiton.com\/pt-br\/producto\/set-subiton-vtp-integral\/","og_site_name":"Subiton","article_modified_time":"2018-05-19T14:12:58+00:00","og_image":[{"width":540,"height":400,"url":"https:\/\/subiton.com\/wp-content\/uploads\/2018\/04\/set-subiton-vtp-integral.jpg","type":"image\/jpeg"}],"twitter_card":"summary_large_image","schema":{"@context":"https:\/\/schema.org","@graph":[{"@type":"WebPage","@id":"https:\/\/subiton.com\/pt-br\/producto\/set-subiton-vtp-integral\/","url":"https:\/\/subiton.com\/pt-br\/producto\/set-subiton-vtp-integral\/","name":"Set Subiton VTP Integral - Subiton","isPartOf":{"@id":"https:\/\/subiton.com\/pt-br\/#website"},"primaryImageOfPage":{"@id":"https:\/\/subiton.com\/pt-br\/producto\/set-subiton-vtp-integral\/#primaryimage"},"image":{"@id":"https:\/\/subiton.com\/pt-br\/producto\/set-subiton-vtp-integral\/#primaryimage"},"thumbnailUrl":"https:\/\/subiton.com\/wp-content\/uploads\/2018\/04\/set-subiton-vtp-integral.jpg","datePublished":"2018-04-16T13:24:42+00:00","dateModified":"2018-05-19T14:12:58+00:00","breadcrumb":{"@id":"https:\/\/subiton.com\/pt-br\/producto\/set-subiton-vtp-integral\/#breadcrumb"},"inLanguage":"pt-BR","potentialAction":[{"@type":"ReadAction","target":["https:\/\/subiton.com\/pt-br\/producto\/set-subiton-vtp-integral\/"]}]},{"@type":"ImageObject","inLanguage":"pt-BR","@id":"https:\/\/subiton.com\/pt-br\/producto\/set-subiton-vtp-integral\/#primaryimage","url":"https:\/\/subiton.com\/wp-content\/uploads\/2018\/04\/set-subiton-vtp-integral.jpg","contentUrl":"https:\/\/subiton.com\/wp-content\/uploads\/2018\/04\/set-subiton-vtp-integral.jpg","width":540,"height":400},{"@type":"BreadcrumbList","@id":"https:\/\/subiton.com\/pt-br\/producto\/set-subiton-vtp-integral\/#breadcrumb","itemListElement":[{"@type":"ListItem","position":1,"name":"Portada","item":"https:\/\/subiton.com\/pt-br\/"},{"@type":"ListItem","position":2,"name":"Produtos","item":"https:\/\/subiton.com\/pt-br\/produtos-port\/"},{"@type":"ListItem","position":3,"name":"Set Subiton VTP Integral"}]},{"@type":"WebSite","@id":"https:\/\/subiton.com\/pt-br\/#website","url":"https:\/\/subiton.com\/pt-br\/","name":"Subiton","description":"Laboratorios SL S.A.","publisher":{"@id":"https:\/\/subiton.com\/pt-br\/#organization"},"potentialAction":[{"@type":"SearchAction","target":{"@type":"EntryPoint","urlTemplate":"https:\/\/subiton.com\/pt-br\/?s={search_term_string}"},"query-input":{"@type":"PropertyValueSpecification","valueRequired":true,"valueName":"search_term_string"}}],"inLanguage":"pt-BR"},{"@type":"Organization","@id":"https:\/\/subiton.com\/pt-br\/#organization","name":"Subiton","url":"https:\/\/subiton.com\/pt-br\/","logo":{"@type":"ImageObject","inLanguage":"pt-BR","@id":"https:\/\/subiton.com\/pt-br\/#\/schema\/logo\/image\/","url":"https:\/\/subiton.com\/wp-content\/uploads\/2017\/11\/logo_subiton_azul-1.png","contentUrl":"https:\/\/subiton.com\/wp-content\/uploads\/2017\/11\/logo_subiton_azul-1.png","width":180,"height":43,"caption":"Subiton"},"image":{"@id":"https:\/\/subiton.com\/pt-br\/#\/schema\/logo\/image\/"},"sameAs":["https:\/\/www.linkedin.com\/company\/subiton-laboratorios-sl-sa\/","https:\/\/www.youtube.com\/channel\/UC8B4_Z3h0_Q1agT-sABTYQw?view_as=subscriber"]}]}},"_links":{"self":[{"href":"https:\/\/subiton.com\/pt-br\/wp-json\/wp\/v2\/product\/17513","targetHints":{"allow":["GET"]}}],"collection":[{"href":"https:\/\/subiton.com\/pt-br\/wp-json\/wp\/v2\/product"}],"about":[{"href":"https:\/\/subiton.com\/pt-br\/wp-json\/wp\/v2\/types\/product"}],"wp:featuredmedia":[{"embeddable":true,"href":"https:\/\/subiton.com\/pt-br\/wp-json\/wp\/v2\/media\/17835"}],"wp:attachment":[{"href":"https:\/\/subiton.com\/pt-br\/wp-json\/wp\/v2\/media?parent=17513"}],"wp:term":[{"taxonomy":"product_brand","embeddable":true,"href":"https:\/\/subiton.com\/pt-br\/wp-json\/wp\/v2\/product_brand?post=17513"},{"taxonomy":"product_cat","embeddable":true,"href":"https:\/\/subiton.com\/pt-br\/wp-json\/wp\/v2\/product_cat?post=17513"},{"taxonomy":"product_tag","embeddable":true,"href":"https:\/\/subiton.com\/pt-br\/wp-json\/wp\/v2\/product_tag?post=17513"}],"curies":[{"name":"wp","href":"https:\/\/api.w.org\/{rel}","templated":true}]}}