{"id":17506,"date":"2018-04-13T20:12:00","date_gmt":"2018-04-13T20:12:00","guid":{"rendered":"https:\/\/wp000740.ferozo.com\/producto\/protesis-de-prueba-subiton\/"},"modified":"2021-09-17T17:21:28","modified_gmt":"2021-09-17T17:21:28","slug":"proteses-de-prova-subiton","status":"publish","type":"product","link":"https:\/\/subiton.com\/pt-br\/producto\/proteses-de-prova-subiton\/","title":{"rendered":"Pr\u00f3teses de prova Subiton"},"content":{"rendered":"","protected":false},"excerpt":{"rendered":"<p><strong>PR\u00d3TESES DE PROVA PARA ESPA\u00c7ADORES SUBITON.<\/strong><\/p>\n<p>Servem para determinar o tamanho do espa\u00e7ador que ser\u00e1 utilizado. Totalmente constru\u00eddas em a\u00e7o cir\u00fargico inoxid\u00e1vel, e incluem caixa para esteriliza\u00e7\u00e3o.<\/p>\n<hr \/>\n<p><strong>Kit Quadril<\/strong> &#8211; REF 882005<\/p>\n<hr \/>\n<p><strong>Kit Quadril XL<\/strong> &#8211; REF 882004<\/p>\n<hr \/>\n<p><strong>Kit Joelho <\/strong>&#8211; REF 882010<\/p>\n<hr \/>\n<p><strong>Kit Ombro<\/strong> &#8211; REF 882034<\/p>\n<hr \/>\n<p><strong>Kit Acetabular<\/strong> &#8211; REF 882021<br \/>\nO instrumental de coloca\u00e7\u00e3o inclui:<\/p>\n<ul>\n<li>2 provadores acetabulares elaborados em a\u00e7o inoxid\u00e1vel cir\u00fargico.<\/li>\n<li>1 orientador do componente acetabular que permite manter o espa\u00e7ador em sua posi\u00e7\u00e3o at\u00e9 o fraguado do cimento.<\/li>\n<\/ul>\n<hr \/>\n<p>&nbsp;<\/p>\n","protected":false},"featured_media":17826,"template":"","meta":{"_monsterinsights_skip_tracking":false,"_monsterinsights_sitenote_active":false,"_monsterinsights_sitenote_note":"","_monsterinsights_sitenote_category":0},"product_brand":[],"product_cat":[766,763],"product_tag":[],"class_list":{"0":"post-17506","1":"product","2":"type-product","3":"status-publish","4":"has-post-thumbnail","6":"product_cat-espacadores-articulares","7":"product_cat-ortopedia-pt-br","9":"first","10":"instock","11":"shipping-taxable","12":"product-type-simple"},"yoast_head":"<!-- This site is optimized with the Yoast SEO plugin v27.5 - https:\/\/yoast.com\/product\/yoast-seo-wordpress\/ -->\n<title>Pr\u00f3teses de prova Subiton - Subiton<\/title>\n<meta name=\"robots\" content=\"index, follow, max-snippet:-1, max-image-preview:large, max-video-preview:-1\" \/>\n<link rel=\"canonical\" href=\"https:\/\/subiton.com\/pt-br\/producto\/proteses-de-prova-subiton\/\" \/>\n<meta property=\"og:locale\" content=\"pt_BR\" \/>\n<meta property=\"og:type\" content=\"article\" \/>\n<meta property=\"og:title\" content=\"Pr\u00f3teses de prova Subiton - Subiton\" \/>\n<meta property=\"og:description\" content=\"PR\u00d3TESES DE PROVA PARA ESPA\u00c7ADORES SUBITON.  Servem para determinar o tamanho do espa\u00e7ador que ser\u00e1 utilizado. Totalmente constru\u00eddas em a\u00e7o cir\u00fargico inoxid\u00e1vel, e incluem caixa para esteriliza\u00e7\u00e3o.    Kit Quadril - REF 882005    Kit Quadril XL - REF 882004    Kit Joelho - REF 882010    Kit Ombro - REF 882034    Kit Acetabular - REF 882021 O instrumental de coloca\u00e7\u00e3o inclui:   2 provadores acetabulares elaborados em a\u00e7o inoxid\u00e1vel cir\u00fargico.  1 orientador do componente acetabular que permite manter o espa\u00e7ador em sua posi\u00e7\u00e3o at\u00e9 o fraguado do cimento.     &nbsp;\" \/>\n<meta property=\"og:url\" content=\"https:\/\/subiton.com\/pt-br\/producto\/proteses-de-prova-subiton\/\" \/>\n<meta property=\"og:site_name\" content=\"Subiton\" \/>\n<meta property=\"article:modified_time\" content=\"2021-09-17T17:21:28+00:00\" \/>\n<meta property=\"og:image\" content=\"https:\/\/subiton.com\/wp-content\/uploads\/2018\/04\/subiton-espaciadores_prueba.jpg\" \/>\n\t<meta property=\"og:image:width\" content=\"540\" \/>\n\t<meta property=\"og:image:height\" content=\"400\" \/>\n\t<meta property=\"og:image:type\" content=\"image\/jpeg\" \/>\n<meta name=\"twitter:card\" content=\"summary_large_image\" \/>\n<script type=\"application\/ld+json\" class=\"yoast-schema-graph\">{\"@context\":\"https:\\\/\\\/schema.org\",\"@graph\":[{\"@type\":\"WebPage\",\"@id\":\"https:\\\/\\\/subiton.com\\\/pt-br\\\/producto\\\/proteses-de-prova-subiton\\\/\",\"url\":\"https:\\\/\\\/subiton.com\\\/pt-br\\\/producto\\\/proteses-de-prova-subiton\\\/\",\"name\":\"Pr\u00f3teses de prova Subiton - Subiton\",\"isPartOf\":{\"@id\":\"https:\\\/\\\/subiton.com\\\/pt-br\\\/#website\"},\"primaryImageOfPage\":{\"@id\":\"https:\\\/\\\/subiton.com\\\/pt-br\\\/producto\\\/proteses-de-prova-subiton\\\/#primaryimage\"},\"image\":{\"@id\":\"https:\\\/\\\/subiton.com\\\/pt-br\\\/producto\\\/proteses-de-prova-subiton\\\/#primaryimage\"},\"thumbnailUrl\":\"https:\\\/\\\/subiton.com\\\/wp-content\\\/uploads\\\/2018\\\/04\\\/subiton-espaciadores_prueba.jpg\",\"datePublished\":\"2018-04-13T20:12:00+00:00\",\"dateModified\":\"2021-09-17T17:21:28+00:00\",\"breadcrumb\":{\"@id\":\"https:\\\/\\\/subiton.com\\\/pt-br\\\/producto\\\/proteses-de-prova-subiton\\\/#breadcrumb\"},\"inLanguage\":\"pt-BR\",\"potentialAction\":[{\"@type\":\"ReadAction\",\"target\":[\"https:\\\/\\\/subiton.com\\\/pt-br\\\/producto\\\/proteses-de-prova-subiton\\\/\"]}]},{\"@type\":\"ImageObject\",\"inLanguage\":\"pt-BR\",\"@id\":\"https:\\\/\\\/subiton.com\\\/pt-br\\\/producto\\\/proteses-de-prova-subiton\\\/#primaryimage\",\"url\":\"https:\\\/\\\/subiton.com\\\/wp-content\\\/uploads\\\/2018\\\/04\\\/subiton-espaciadores_prueba.jpg\",\"contentUrl\":\"https:\\\/\\\/subiton.com\\\/wp-content\\\/uploads\\\/2018\\\/04\\\/subiton-espaciadores_prueba.jpg\",\"width\":540,\"height\":400},{\"@type\":\"BreadcrumbList\",\"@id\":\"https:\\\/\\\/subiton.com\\\/pt-br\\\/producto\\\/proteses-de-prova-subiton\\\/#breadcrumb\",\"itemListElement\":[{\"@type\":\"ListItem\",\"position\":1,\"name\":\"Portada\",\"item\":\"https:\\\/\\\/subiton.com\\\/pt-br\\\/\"},{\"@type\":\"ListItem\",\"position\":2,\"name\":\"Produtos\",\"item\":\"https:\\\/\\\/subiton.com\\\/pt-br\\\/produtos-port\\\/\"},{\"@type\":\"ListItem\",\"position\":3,\"name\":\"Pr\u00f3teses de prova Subiton\"}]},{\"@type\":\"WebSite\",\"@id\":\"https:\\\/\\\/subiton.com\\\/pt-br\\\/#website\",\"url\":\"https:\\\/\\\/subiton.com\\\/pt-br\\\/\",\"name\":\"Subiton\",\"description\":\"Laboratorios SL S.A.\",\"publisher\":{\"@id\":\"https:\\\/\\\/subiton.com\\\/pt-br\\\/#organization\"},\"potentialAction\":[{\"@type\":\"SearchAction\",\"target\":{\"@type\":\"EntryPoint\",\"urlTemplate\":\"https:\\\/\\\/subiton.com\\\/pt-br\\\/?s={search_term_string}\"},\"query-input\":{\"@type\":\"PropertyValueSpecification\",\"valueRequired\":true,\"valueName\":\"search_term_string\"}}],\"inLanguage\":\"pt-BR\"},{\"@type\":\"Organization\",\"@id\":\"https:\\\/\\\/subiton.com\\\/pt-br\\\/#organization\",\"name\":\"Subiton\",\"url\":\"https:\\\/\\\/subiton.com\\\/pt-br\\\/\",\"logo\":{\"@type\":\"ImageObject\",\"inLanguage\":\"pt-BR\",\"@id\":\"https:\\\/\\\/subiton.com\\\/pt-br\\\/#\\\/schema\\\/logo\\\/image\\\/\",\"url\":\"https:\\\/\\\/subiton.com\\\/wp-content\\\/uploads\\\/2017\\\/11\\\/logo_subiton_azul-1.png\",\"contentUrl\":\"https:\\\/\\\/subiton.com\\\/wp-content\\\/uploads\\\/2017\\\/11\\\/logo_subiton_azul-1.png\",\"width\":180,\"height\":43,\"caption\":\"Subiton\"},\"image\":{\"@id\":\"https:\\\/\\\/subiton.com\\\/pt-br\\\/#\\\/schema\\\/logo\\\/image\\\/\"},\"sameAs\":[\"https:\\\/\\\/www.linkedin.com\\\/company\\\/subiton-laboratorios-sl-sa\\\/\",\"https:\\\/\\\/www.youtube.com\\\/channel\\\/UC8B4_Z3h0_Q1agT-sABTYQw?view_as=subscriber\"]}]}<\/script>\n<!-- \/ Yoast SEO plugin. -->","yoast_head_json":{"title":"Pr\u00f3teses de prova Subiton - Subiton","robots":{"index":"index","follow":"follow","max-snippet":"max-snippet:-1","max-image-preview":"max-image-preview:large","max-video-preview":"max-video-preview:-1"},"canonical":"https:\/\/subiton.com\/pt-br\/producto\/proteses-de-prova-subiton\/","og_locale":"pt_BR","og_type":"article","og_title":"Pr\u00f3teses de prova Subiton - Subiton","og_description":"PR\u00d3TESES DE PROVA PARA ESPA\u00c7ADORES SUBITON.  Servem para determinar o tamanho do espa\u00e7ador que ser\u00e1 utilizado. Totalmente constru\u00eddas em a\u00e7o cir\u00fargico inoxid\u00e1vel, e incluem caixa para esteriliza\u00e7\u00e3o.    Kit Quadril - REF 882005    Kit Quadril XL - REF 882004    Kit Joelho - REF 882010    Kit Ombro - REF 882034    Kit Acetabular - REF 882021 O instrumental de coloca\u00e7\u00e3o inclui:   2 provadores acetabulares elaborados em a\u00e7o inoxid\u00e1vel cir\u00fargico.  1 orientador do componente acetabular que permite manter o espa\u00e7ador em sua posi\u00e7\u00e3o at\u00e9 o fraguado do cimento.     &nbsp;","og_url":"https:\/\/subiton.com\/pt-br\/producto\/proteses-de-prova-subiton\/","og_site_name":"Subiton","article_modified_time":"2021-09-17T17:21:28+00:00","og_image":[{"width":540,"height":400,"url":"https:\/\/subiton.com\/wp-content\/uploads\/2018\/04\/subiton-espaciadores_prueba.jpg","type":"image\/jpeg"}],"twitter_card":"summary_large_image","schema":{"@context":"https:\/\/schema.org","@graph":[{"@type":"WebPage","@id":"https:\/\/subiton.com\/pt-br\/producto\/proteses-de-prova-subiton\/","url":"https:\/\/subiton.com\/pt-br\/producto\/proteses-de-prova-subiton\/","name":"Pr\u00f3teses de prova Subiton - Subiton","isPartOf":{"@id":"https:\/\/subiton.com\/pt-br\/#website"},"primaryImageOfPage":{"@id":"https:\/\/subiton.com\/pt-br\/producto\/proteses-de-prova-subiton\/#primaryimage"},"image":{"@id":"https:\/\/subiton.com\/pt-br\/producto\/proteses-de-prova-subiton\/#primaryimage"},"thumbnailUrl":"https:\/\/subiton.com\/wp-content\/uploads\/2018\/04\/subiton-espaciadores_prueba.jpg","datePublished":"2018-04-13T20:12:00+00:00","dateModified":"2021-09-17T17:21:28+00:00","breadcrumb":{"@id":"https:\/\/subiton.com\/pt-br\/producto\/proteses-de-prova-subiton\/#breadcrumb"},"inLanguage":"pt-BR","potentialAction":[{"@type":"ReadAction","target":["https:\/\/subiton.com\/pt-br\/producto\/proteses-de-prova-subiton\/"]}]},{"@type":"ImageObject","inLanguage":"pt-BR","@id":"https:\/\/subiton.com\/pt-br\/producto\/proteses-de-prova-subiton\/#primaryimage","url":"https:\/\/subiton.com\/wp-content\/uploads\/2018\/04\/subiton-espaciadores_prueba.jpg","contentUrl":"https:\/\/subiton.com\/wp-content\/uploads\/2018\/04\/subiton-espaciadores_prueba.jpg","width":540,"height":400},{"@type":"BreadcrumbList","@id":"https:\/\/subiton.com\/pt-br\/producto\/proteses-de-prova-subiton\/#breadcrumb","itemListElement":[{"@type":"ListItem","position":1,"name":"Portada","item":"https:\/\/subiton.com\/pt-br\/"},{"@type":"ListItem","position":2,"name":"Produtos","item":"https:\/\/subiton.com\/pt-br\/produtos-port\/"},{"@type":"ListItem","position":3,"name":"Pr\u00f3teses de prova Subiton"}]},{"@type":"WebSite","@id":"https:\/\/subiton.com\/pt-br\/#website","url":"https:\/\/subiton.com\/pt-br\/","name":"Subiton","description":"Laboratorios SL S.A.","publisher":{"@id":"https:\/\/subiton.com\/pt-br\/#organization"},"potentialAction":[{"@type":"SearchAction","target":{"@type":"EntryPoint","urlTemplate":"https:\/\/subiton.com\/pt-br\/?s={search_term_string}"},"query-input":{"@type":"PropertyValueSpecification","valueRequired":true,"valueName":"search_term_string"}}],"inLanguage":"pt-BR"},{"@type":"Organization","@id":"https:\/\/subiton.com\/pt-br\/#organization","name":"Subiton","url":"https:\/\/subiton.com\/pt-br\/","logo":{"@type":"ImageObject","inLanguage":"pt-BR","@id":"https:\/\/subiton.com\/pt-br\/#\/schema\/logo\/image\/","url":"https:\/\/subiton.com\/wp-content\/uploads\/2017\/11\/logo_subiton_azul-1.png","contentUrl":"https:\/\/subiton.com\/wp-content\/uploads\/2017\/11\/logo_subiton_azul-1.png","width":180,"height":43,"caption":"Subiton"},"image":{"@id":"https:\/\/subiton.com\/pt-br\/#\/schema\/logo\/image\/"},"sameAs":["https:\/\/www.linkedin.com\/company\/subiton-laboratorios-sl-sa\/","https:\/\/www.youtube.com\/channel\/UC8B4_Z3h0_Q1agT-sABTYQw?view_as=subscriber"]}]}},"_links":{"self":[{"href":"https:\/\/subiton.com\/pt-br\/wp-json\/wp\/v2\/product\/17506","targetHints":{"allow":["GET"]}}],"collection":[{"href":"https:\/\/subiton.com\/pt-br\/wp-json\/wp\/v2\/product"}],"about":[{"href":"https:\/\/subiton.com\/pt-br\/wp-json\/wp\/v2\/types\/product"}],"wp:featuredmedia":[{"embeddable":true,"href":"https:\/\/subiton.com\/pt-br\/wp-json\/wp\/v2\/media\/17826"}],"wp:attachment":[{"href":"https:\/\/subiton.com\/pt-br\/wp-json\/wp\/v2\/media?parent=17506"}],"wp:term":[{"taxonomy":"product_brand","embeddable":true,"href":"https:\/\/subiton.com\/pt-br\/wp-json\/wp\/v2\/product_brand?post=17506"},{"taxonomy":"product_cat","embeddable":true,"href":"https:\/\/subiton.com\/pt-br\/wp-json\/wp\/v2\/product_cat?post=17506"},{"taxonomy":"product_tag","embeddable":true,"href":"https:\/\/subiton.com\/pt-br\/wp-json\/wp\/v2\/product_tag?post=17506"}],"curies":[{"name":"wp","href":"https:\/\/api.w.org\/{rel}","templated":true}]}}