{"id":17503,"date":"2018-04-13T20:10:32","date_gmt":"2018-04-13T20:10:32","guid":{"rendered":"https:\/\/wp000740.ferozo.com\/producto\/subiton-espaciador-de-cadera\/"},"modified":"2020-03-13T11:55:41","modified_gmt":"2020-03-13T11:55:41","slug":"espaciador-quadril-subiton","status":"publish","type":"product","link":"https:\/\/subiton.com\/pt-br\/producto\/espaciador-quadril-subiton\/","title":{"rendered":"Espaciador quadril Subiton"},"content":{"rendered":"","protected":false},"excerpt":{"rendered":"<p><strong>ESPA\u00c7ADOR DE QUADRIL COM ANTIBI\u00d3TICO.<\/strong><\/p>\n<p>Os espa\u00e7adores <strong>Subiton<\/strong> s\u00e3o produzidos para substituir provisoriamente os componentes prot\u00e9ticos infectados e servir de ajuda para o seu tratamento. Secundariamente, possui diversas vantagens relacionadas com a qualidade de vida do paciente durante o tempo de cura da infec\u00e7\u00e3o e a simplifica\u00e7\u00e3o da cirurgia de revis\u00e3o, tanto para a coloca\u00e7\u00e3o da pr\u00f3tese definitva como para a rehabilita\u00e7\u00e3o do paciente.<\/p>\n<ul>\n<li>Libera\u00e7\u00e3o eficaz do antibi\u00f3tico \u201cin loco\u201d.<\/li>\n<li>O n\u00facleo met\u00e1lico da pr\u00f3tese garante resist\u00eancia ao estresse mec\u00e2nico fisiol\u00f3gico.<\/li>\n<li>A presen\u00e7a do Espa\u00e7ador Subiton previne movimentos (levantamento) do extremo proximal do f\u00eamur com os consequentes desvios do eixo do membro inferior causados pela retra\u00e7\u00e3o dos m\u00fasculos periarticulares do quadril, facilitando, desse modo, a posterior revis\u00e3o e cirurgia de reimplante.<\/li>\n<li>A rehabilita\u00e7\u00e3o do paciente \u00e9 antecipada devido \u00e0 correta movimenta\u00e7\u00e3o e \u00e0 possibilidade de caminhar.<\/li>\n<\/ul>\n<hr \/>\n<p><strong><a href=\"\/\/subiton.com\/wp-content\/uploads\/2018\/05\/brochure_subiton_quirurgico_es-en_16.pdf\" target=\"_blank\" rel=\"noopener noreferrer\">REF<\/a><\/strong><\/p>\n","protected":false},"featured_media":19143,"template":"","meta":{"_monsterinsights_skip_tracking":false,"_monsterinsights_sitenote_active":false,"_monsterinsights_sitenote_note":"","_monsterinsights_sitenote_category":0},"product_brand":[],"product_cat":[766,763],"product_tag":[],"class_list":{"0":"post-17503","1":"product","2":"type-product","3":"status-publish","4":"has-post-thumbnail","6":"product_cat-espacadores-articulares","7":"product_cat-ortopedia-pt-br","9":"first","10":"instock","11":"shipping-taxable","12":"product-type-simple"},"yoast_head":"<!-- This site is optimized with the Yoast SEO plugin v27.5 - https:\/\/yoast.com\/product\/yoast-seo-wordpress\/ -->\n<title>Espaciador quadril Subiton - Subiton<\/title>\n<meta name=\"robots\" content=\"index, follow, max-snippet:-1, max-image-preview:large, max-video-preview:-1\" \/>\n<link rel=\"canonical\" href=\"https:\/\/subiton.com\/pt-br\/producto\/espaciador-quadril-subiton\/\" \/>\n<meta property=\"og:locale\" content=\"pt_BR\" \/>\n<meta property=\"og:type\" content=\"article\" \/>\n<meta property=\"og:title\" content=\"Espaciador quadril Subiton - Subiton\" \/>\n<meta property=\"og:description\" content=\"ESPA\u00c7ADOR DE QUADRIL COM ANTIBI\u00d3TICO.  Os espa\u00e7adores Subiton s\u00e3o produzidos para substituir provisoriamente os componentes prot\u00e9ticos infectados e servir de ajuda para o seu tratamento. Secundariamente, possui diversas vantagens relacionadas com a qualidade de vida do paciente durante o tempo de cura da infec\u00e7\u00e3o e a simplifica\u00e7\u00e3o da cirurgia de revis\u00e3o, tanto para a coloca\u00e7\u00e3o da pr\u00f3tese definitva como para a rehabilita\u00e7\u00e3o do paciente.   Libera\u00e7\u00e3o eficaz do antibi\u00f3tico \u201cin loco\u201d.  O n\u00facleo met\u00e1lico da pr\u00f3tese garante resist\u00eancia ao estresse mec\u00e2nico fisiol\u00f3gico.  A presen\u00e7a do Espa\u00e7ador Subiton previne movimentos (levantamento) do extremo proximal do f\u00eamur com os consequentes desvios do eixo do membro inferior causados pela retra\u00e7\u00e3o dos m\u00fasculos periarticulares do quadril, facilitando, desse modo, a posterior revis\u00e3o e cirurgia de reimplante.  A rehabilita\u00e7\u00e3o do paciente \u00e9 antecipada devido \u00e0 correta movimenta\u00e7\u00e3o e \u00e0 possibilidade de caminhar.     REF\" \/>\n<meta property=\"og:url\" content=\"https:\/\/subiton.com\/pt-br\/producto\/espaciador-quadril-subiton\/\" \/>\n<meta property=\"og:site_name\" content=\"Subiton\" \/>\n<meta property=\"article:modified_time\" content=\"2020-03-13T11:55:41+00:00\" \/>\n<meta property=\"og:image\" content=\"https:\/\/subiton.com\/wp-content\/uploads\/2018\/04\/subiton-espaciador_cadera_n.jpg\" \/>\n\t<meta property=\"og:image:width\" content=\"540\" \/>\n\t<meta property=\"og:image:height\" content=\"400\" \/>\n\t<meta property=\"og:image:type\" content=\"image\/jpeg\" \/>\n<meta name=\"twitter:card\" content=\"summary_large_image\" \/>\n<script type=\"application\/ld+json\" class=\"yoast-schema-graph\">{\"@context\":\"https:\\\/\\\/schema.org\",\"@graph\":[{\"@type\":\"WebPage\",\"@id\":\"https:\\\/\\\/subiton.com\\\/pt-br\\\/producto\\\/espaciador-quadril-subiton\\\/\",\"url\":\"https:\\\/\\\/subiton.com\\\/pt-br\\\/producto\\\/espaciador-quadril-subiton\\\/\",\"name\":\"Espaciador quadril Subiton - Subiton\",\"isPartOf\":{\"@id\":\"https:\\\/\\\/subiton.com\\\/pt-br\\\/#website\"},\"primaryImageOfPage\":{\"@id\":\"https:\\\/\\\/subiton.com\\\/pt-br\\\/producto\\\/espaciador-quadril-subiton\\\/#primaryimage\"},\"image\":{\"@id\":\"https:\\\/\\\/subiton.com\\\/pt-br\\\/producto\\\/espaciador-quadril-subiton\\\/#primaryimage\"},\"thumbnailUrl\":\"https:\\\/\\\/subiton.com\\\/wp-content\\\/uploads\\\/2018\\\/04\\\/subiton-espaciador_cadera_n.jpg\",\"datePublished\":\"2018-04-13T20:10:32+00:00\",\"dateModified\":\"2020-03-13T11:55:41+00:00\",\"breadcrumb\":{\"@id\":\"https:\\\/\\\/subiton.com\\\/pt-br\\\/producto\\\/espaciador-quadril-subiton\\\/#breadcrumb\"},\"inLanguage\":\"pt-BR\",\"potentialAction\":[{\"@type\":\"ReadAction\",\"target\":[\"https:\\\/\\\/subiton.com\\\/pt-br\\\/producto\\\/espaciador-quadril-subiton\\\/\"]}]},{\"@type\":\"ImageObject\",\"inLanguage\":\"pt-BR\",\"@id\":\"https:\\\/\\\/subiton.com\\\/pt-br\\\/producto\\\/espaciador-quadril-subiton\\\/#primaryimage\",\"url\":\"https:\\\/\\\/subiton.com\\\/wp-content\\\/uploads\\\/2018\\\/04\\\/subiton-espaciador_cadera_n.jpg\",\"contentUrl\":\"https:\\\/\\\/subiton.com\\\/wp-content\\\/uploads\\\/2018\\\/04\\\/subiton-espaciador_cadera_n.jpg\",\"width\":540,\"height\":400},{\"@type\":\"BreadcrumbList\",\"@id\":\"https:\\\/\\\/subiton.com\\\/pt-br\\\/producto\\\/espaciador-quadril-subiton\\\/#breadcrumb\",\"itemListElement\":[{\"@type\":\"ListItem\",\"position\":1,\"name\":\"Portada\",\"item\":\"https:\\\/\\\/subiton.com\\\/pt-br\\\/\"},{\"@type\":\"ListItem\",\"position\":2,\"name\":\"Produtos\",\"item\":\"https:\\\/\\\/subiton.com\\\/pt-br\\\/produtos-port\\\/\"},{\"@type\":\"ListItem\",\"position\":3,\"name\":\"Espaciador quadril Subiton\"}]},{\"@type\":\"WebSite\",\"@id\":\"https:\\\/\\\/subiton.com\\\/pt-br\\\/#website\",\"url\":\"https:\\\/\\\/subiton.com\\\/pt-br\\\/\",\"name\":\"Subiton\",\"description\":\"Laboratorios SL S.A.\",\"publisher\":{\"@id\":\"https:\\\/\\\/subiton.com\\\/pt-br\\\/#organization\"},\"potentialAction\":[{\"@type\":\"SearchAction\",\"target\":{\"@type\":\"EntryPoint\",\"urlTemplate\":\"https:\\\/\\\/subiton.com\\\/pt-br\\\/?s={search_term_string}\"},\"query-input\":{\"@type\":\"PropertyValueSpecification\",\"valueRequired\":true,\"valueName\":\"search_term_string\"}}],\"inLanguage\":\"pt-BR\"},{\"@type\":\"Organization\",\"@id\":\"https:\\\/\\\/subiton.com\\\/pt-br\\\/#organization\",\"name\":\"Subiton\",\"url\":\"https:\\\/\\\/subiton.com\\\/pt-br\\\/\",\"logo\":{\"@type\":\"ImageObject\",\"inLanguage\":\"pt-BR\",\"@id\":\"https:\\\/\\\/subiton.com\\\/pt-br\\\/#\\\/schema\\\/logo\\\/image\\\/\",\"url\":\"https:\\\/\\\/subiton.com\\\/wp-content\\\/uploads\\\/2017\\\/11\\\/logo_subiton_azul-1.png\",\"contentUrl\":\"https:\\\/\\\/subiton.com\\\/wp-content\\\/uploads\\\/2017\\\/11\\\/logo_subiton_azul-1.png\",\"width\":180,\"height\":43,\"caption\":\"Subiton\"},\"image\":{\"@id\":\"https:\\\/\\\/subiton.com\\\/pt-br\\\/#\\\/schema\\\/logo\\\/image\\\/\"},\"sameAs\":[\"https:\\\/\\\/www.linkedin.com\\\/company\\\/subiton-laboratorios-sl-sa\\\/\",\"https:\\\/\\\/www.youtube.com\\\/channel\\\/UC8B4_Z3h0_Q1agT-sABTYQw?view_as=subscriber\"]}]}<\/script>\n<!-- \/ Yoast SEO plugin. -->","yoast_head_json":{"title":"Espaciador quadril Subiton - Subiton","robots":{"index":"index","follow":"follow","max-snippet":"max-snippet:-1","max-image-preview":"max-image-preview:large","max-video-preview":"max-video-preview:-1"},"canonical":"https:\/\/subiton.com\/pt-br\/producto\/espaciador-quadril-subiton\/","og_locale":"pt_BR","og_type":"article","og_title":"Espaciador quadril Subiton - Subiton","og_description":"ESPA\u00c7ADOR DE QUADRIL COM ANTIBI\u00d3TICO.  Os espa\u00e7adores Subiton s\u00e3o produzidos para substituir provisoriamente os componentes prot\u00e9ticos infectados e servir de ajuda para o seu tratamento. Secundariamente, possui diversas vantagens relacionadas com a qualidade de vida do paciente durante o tempo de cura da infec\u00e7\u00e3o e a simplifica\u00e7\u00e3o da cirurgia de revis\u00e3o, tanto para a coloca\u00e7\u00e3o da pr\u00f3tese definitva como para a rehabilita\u00e7\u00e3o do paciente.   Libera\u00e7\u00e3o eficaz do antibi\u00f3tico \u201cin loco\u201d.  O n\u00facleo met\u00e1lico da pr\u00f3tese garante resist\u00eancia ao estresse mec\u00e2nico fisiol\u00f3gico.  A presen\u00e7a do Espa\u00e7ador Subiton previne movimentos (levantamento) do extremo proximal do f\u00eamur com os consequentes desvios do eixo do membro inferior causados pela retra\u00e7\u00e3o dos m\u00fasculos periarticulares do quadril, facilitando, desse modo, a posterior revis\u00e3o e cirurgia de reimplante.  A rehabilita\u00e7\u00e3o do paciente \u00e9 antecipada devido \u00e0 correta movimenta\u00e7\u00e3o e \u00e0 possibilidade de caminhar.     REF","og_url":"https:\/\/subiton.com\/pt-br\/producto\/espaciador-quadril-subiton\/","og_site_name":"Subiton","article_modified_time":"2020-03-13T11:55:41+00:00","og_image":[{"width":540,"height":400,"url":"https:\/\/subiton.com\/wp-content\/uploads\/2018\/04\/subiton-espaciador_cadera_n.jpg","type":"image\/jpeg"}],"twitter_card":"summary_large_image","schema":{"@context":"https:\/\/schema.org","@graph":[{"@type":"WebPage","@id":"https:\/\/subiton.com\/pt-br\/producto\/espaciador-quadril-subiton\/","url":"https:\/\/subiton.com\/pt-br\/producto\/espaciador-quadril-subiton\/","name":"Espaciador quadril Subiton - Subiton","isPartOf":{"@id":"https:\/\/subiton.com\/pt-br\/#website"},"primaryImageOfPage":{"@id":"https:\/\/subiton.com\/pt-br\/producto\/espaciador-quadril-subiton\/#primaryimage"},"image":{"@id":"https:\/\/subiton.com\/pt-br\/producto\/espaciador-quadril-subiton\/#primaryimage"},"thumbnailUrl":"https:\/\/subiton.com\/wp-content\/uploads\/2018\/04\/subiton-espaciador_cadera_n.jpg","datePublished":"2018-04-13T20:10:32+00:00","dateModified":"2020-03-13T11:55:41+00:00","breadcrumb":{"@id":"https:\/\/subiton.com\/pt-br\/producto\/espaciador-quadril-subiton\/#breadcrumb"},"inLanguage":"pt-BR","potentialAction":[{"@type":"ReadAction","target":["https:\/\/subiton.com\/pt-br\/producto\/espaciador-quadril-subiton\/"]}]},{"@type":"ImageObject","inLanguage":"pt-BR","@id":"https:\/\/subiton.com\/pt-br\/producto\/espaciador-quadril-subiton\/#primaryimage","url":"https:\/\/subiton.com\/wp-content\/uploads\/2018\/04\/subiton-espaciador_cadera_n.jpg","contentUrl":"https:\/\/subiton.com\/wp-content\/uploads\/2018\/04\/subiton-espaciador_cadera_n.jpg","width":540,"height":400},{"@type":"BreadcrumbList","@id":"https:\/\/subiton.com\/pt-br\/producto\/espaciador-quadril-subiton\/#breadcrumb","itemListElement":[{"@type":"ListItem","position":1,"name":"Portada","item":"https:\/\/subiton.com\/pt-br\/"},{"@type":"ListItem","position":2,"name":"Produtos","item":"https:\/\/subiton.com\/pt-br\/produtos-port\/"},{"@type":"ListItem","position":3,"name":"Espaciador quadril Subiton"}]},{"@type":"WebSite","@id":"https:\/\/subiton.com\/pt-br\/#website","url":"https:\/\/subiton.com\/pt-br\/","name":"Subiton","description":"Laboratorios SL S.A.","publisher":{"@id":"https:\/\/subiton.com\/pt-br\/#organization"},"potentialAction":[{"@type":"SearchAction","target":{"@type":"EntryPoint","urlTemplate":"https:\/\/subiton.com\/pt-br\/?s={search_term_string}"},"query-input":{"@type":"PropertyValueSpecification","valueRequired":true,"valueName":"search_term_string"}}],"inLanguage":"pt-BR"},{"@type":"Organization","@id":"https:\/\/subiton.com\/pt-br\/#organization","name":"Subiton","url":"https:\/\/subiton.com\/pt-br\/","logo":{"@type":"ImageObject","inLanguage":"pt-BR","@id":"https:\/\/subiton.com\/pt-br\/#\/schema\/logo\/image\/","url":"https:\/\/subiton.com\/wp-content\/uploads\/2017\/11\/logo_subiton_azul-1.png","contentUrl":"https:\/\/subiton.com\/wp-content\/uploads\/2017\/11\/logo_subiton_azul-1.png","width":180,"height":43,"caption":"Subiton"},"image":{"@id":"https:\/\/subiton.com\/pt-br\/#\/schema\/logo\/image\/"},"sameAs":["https:\/\/www.linkedin.com\/company\/subiton-laboratorios-sl-sa\/","https:\/\/www.youtube.com\/channel\/UC8B4_Z3h0_Q1agT-sABTYQw?view_as=subscriber"]}]}},"_links":{"self":[{"href":"https:\/\/subiton.com\/pt-br\/wp-json\/wp\/v2\/product\/17503","targetHints":{"allow":["GET"]}}],"collection":[{"href":"https:\/\/subiton.com\/pt-br\/wp-json\/wp\/v2\/product"}],"about":[{"href":"https:\/\/subiton.com\/pt-br\/wp-json\/wp\/v2\/types\/product"}],"wp:featuredmedia":[{"embeddable":true,"href":"https:\/\/subiton.com\/pt-br\/wp-json\/wp\/v2\/media\/19143"}],"wp:attachment":[{"href":"https:\/\/subiton.com\/pt-br\/wp-json\/wp\/v2\/media?parent=17503"}],"wp:term":[{"taxonomy":"product_brand","embeddable":true,"href":"https:\/\/subiton.com\/pt-br\/wp-json\/wp\/v2\/product_brand?post=17503"},{"taxonomy":"product_cat","embeddable":true,"href":"https:\/\/subiton.com\/pt-br\/wp-json\/wp\/v2\/product_cat?post=17503"},{"taxonomy":"product_tag","embeddable":true,"href":"https:\/\/subiton.com\/pt-br\/wp-json\/wp\/v2\/product_tag?post=17503"}],"curies":[{"name":"wp","href":"https:\/\/api.w.org\/{rel}","templated":true}]}}