{"id":17491,"date":"2018-04-13T19:43:13","date_gmt":"2018-04-13T19:43:13","guid":{"rendered":"https:\/\/wp000740.ferozo.com\/producto\/subiton-nail\/"},"modified":"2024-06-04T13:05:33","modified_gmt":"2024-06-04T13:05:33","slug":"subiton-nail","status":"publish","type":"product","link":"https:\/\/subiton.com\/pt-br\/producto\/subiton-nail\/","title":{"rendered":"Subiton NAIL"},"content":{"rendered":"","protected":false},"excerpt":{"rendered":"<p><strong>CLAVOS ENDOMEDULARES COM ANTIBI\u00d3TICO.<\/strong><\/p>\n<p>O clavo endomedular <strong>Subiton Nail<\/strong> (Pat Pend) \u00e9 um produto para ser utilizado em pacientes com fraturas diafis\u00e1rias de ossos longos, infectadas ou com alto risco de infec\u00e7\u00e3o. Cont\u00e9m um n\u00facleo em a\u00e7o cir\u00fargico recoberta de cimento com antibi\u00f3tico que ajuda no tratamento da infec\u00e7\u00e3o.<\/p>\n<p>Os clavos <strong>Subiton Nail<\/strong> s\u00e3o produtos pr\u00e9-moldados, prontos para uso e de utiliza\u00e7\u00e3o temporar\u00e1ria. S\u00e3o implantados com o aux\u00edlio do set instrumental <strong>Subiton Nail DUAL H<\/strong>.<\/p>\n<hr \/>\n<p><strong><a href=\"\/\/subiton.com\/wp-content\/uploads\/2018\/05\/brochure_subiton_quirurgico_es-en_16.pdf\" target=\"_blank\" rel=\"noopener noreferrer\">REF<\/a><\/strong><\/p>\n","protected":false},"featured_media":20058,"template":"","meta":{"_monsterinsights_skip_tracking":false,"_monsterinsights_sitenote_active":false,"_monsterinsights_sitenote_note":"","_monsterinsights_sitenote_category":0},"product_brand":[],"product_cat":[771,769],"product_tag":[],"class_list":{"0":"post-17491","1":"product","2":"type-product","3":"status-publish","4":"has-post-thumbnail","6":"product_cat-clavos-endomedulares-pt-br","7":"product_cat-traumatologia-pt-br","9":"first","10":"instock","11":"shipping-taxable","12":"product-type-simple"},"yoast_head":"<!-- This site is optimized with the Yoast SEO plugin v27.5 - https:\/\/yoast.com\/product\/yoast-seo-wordpress\/ -->\n<title>Subiton NAIL - Subiton<\/title>\n<meta name=\"robots\" content=\"index, follow, max-snippet:-1, max-image-preview:large, max-video-preview:-1\" \/>\n<link rel=\"canonical\" href=\"https:\/\/subiton.com\/pt-br\/producto\/subiton-nail\/\" \/>\n<meta property=\"og:locale\" content=\"pt_BR\" \/>\n<meta property=\"og:type\" content=\"article\" \/>\n<meta property=\"og:title\" content=\"Subiton NAIL - Subiton\" \/>\n<meta property=\"og:description\" content=\"CLAVOS ENDOMEDULARES COM ANTIBI\u00d3TICO.  O clavo endomedular Subiton Nail (Pat Pend) \u00e9 um produto para ser utilizado em pacientes com fraturas diafis\u00e1rias de ossos longos, infectadas ou com alto risco de infec\u00e7\u00e3o. Cont\u00e9m um n\u00facleo em a\u00e7o cir\u00fargico recoberta de cimento com antibi\u00f3tico que ajuda no tratamento da infec\u00e7\u00e3o.  Os clavos Subiton Nail s\u00e3o produtos pr\u00e9-moldados, prontos para uso e de utiliza\u00e7\u00e3o temporar\u00e1ria. S\u00e3o implantados com o aux\u00edlio do set instrumental Subiton Nail DUAL H.    REF\" \/>\n<meta property=\"og:url\" content=\"https:\/\/subiton.com\/pt-br\/producto\/subiton-nail\/\" \/>\n<meta property=\"og:site_name\" content=\"Subiton\" \/>\n<meta property=\"article:modified_time\" content=\"2024-06-04T13:05:33+00:00\" \/>\n<meta property=\"og:image\" content=\"https:\/\/subiton.com\/wp-content\/uploads\/2020\/09\/subiton-nail_ce1.jpg\" \/>\n\t<meta property=\"og:image:width\" content=\"540\" \/>\n\t<meta property=\"og:image:height\" content=\"400\" \/>\n\t<meta property=\"og:image:type\" content=\"image\/jpeg\" \/>\n<meta name=\"twitter:card\" content=\"summary_large_image\" \/>\n<meta name=\"twitter:label1\" content=\"Est. tempo de leitura\" \/>\n\t<meta name=\"twitter:data1\" content=\"1 minuto\" \/>\n<script type=\"application\/ld+json\" class=\"yoast-schema-graph\">{\"@context\":\"https:\\\/\\\/schema.org\",\"@graph\":[{\"@type\":\"WebPage\",\"@id\":\"https:\\\/\\\/subiton.com\\\/pt-br\\\/producto\\\/subiton-nail\\\/\",\"url\":\"https:\\\/\\\/subiton.com\\\/pt-br\\\/producto\\\/subiton-nail\\\/\",\"name\":\"Subiton NAIL - Subiton\",\"isPartOf\":{\"@id\":\"https:\\\/\\\/subiton.com\\\/pt-br\\\/#website\"},\"primaryImageOfPage\":{\"@id\":\"https:\\\/\\\/subiton.com\\\/pt-br\\\/producto\\\/subiton-nail\\\/#primaryimage\"},\"image\":{\"@id\":\"https:\\\/\\\/subiton.com\\\/pt-br\\\/producto\\\/subiton-nail\\\/#primaryimage\"},\"thumbnailUrl\":\"https:\\\/\\\/subiton.com\\\/wp-content\\\/uploads\\\/2020\\\/09\\\/subiton-nail_ce1.jpg\",\"datePublished\":\"2018-04-13T19:43:13+00:00\",\"dateModified\":\"2024-06-04T13:05:33+00:00\",\"breadcrumb\":{\"@id\":\"https:\\\/\\\/subiton.com\\\/pt-br\\\/producto\\\/subiton-nail\\\/#breadcrumb\"},\"inLanguage\":\"pt-BR\",\"potentialAction\":[{\"@type\":\"ReadAction\",\"target\":[\"https:\\\/\\\/subiton.com\\\/pt-br\\\/producto\\\/subiton-nail\\\/\"]}]},{\"@type\":\"ImageObject\",\"inLanguage\":\"pt-BR\",\"@id\":\"https:\\\/\\\/subiton.com\\\/pt-br\\\/producto\\\/subiton-nail\\\/#primaryimage\",\"url\":\"https:\\\/\\\/subiton.com\\\/wp-content\\\/uploads\\\/2020\\\/09\\\/subiton-nail_ce1.jpg\",\"contentUrl\":\"https:\\\/\\\/subiton.com\\\/wp-content\\\/uploads\\\/2020\\\/09\\\/subiton-nail_ce1.jpg\",\"width\":540,\"height\":400},{\"@type\":\"BreadcrumbList\",\"@id\":\"https:\\\/\\\/subiton.com\\\/pt-br\\\/producto\\\/subiton-nail\\\/#breadcrumb\",\"itemListElement\":[{\"@type\":\"ListItem\",\"position\":1,\"name\":\"Portada\",\"item\":\"https:\\\/\\\/subiton.com\\\/pt-br\\\/\"},{\"@type\":\"ListItem\",\"position\":2,\"name\":\"Produtos\",\"item\":\"https:\\\/\\\/subiton.com\\\/pt-br\\\/produtos-port\\\/\"},{\"@type\":\"ListItem\",\"position\":3,\"name\":\"Subiton NAIL\"}]},{\"@type\":\"WebSite\",\"@id\":\"https:\\\/\\\/subiton.com\\\/pt-br\\\/#website\",\"url\":\"https:\\\/\\\/subiton.com\\\/pt-br\\\/\",\"name\":\"Subiton\",\"description\":\"Laboratorios SL S.A.\",\"publisher\":{\"@id\":\"https:\\\/\\\/subiton.com\\\/pt-br\\\/#organization\"},\"potentialAction\":[{\"@type\":\"SearchAction\",\"target\":{\"@type\":\"EntryPoint\",\"urlTemplate\":\"https:\\\/\\\/subiton.com\\\/pt-br\\\/?s={search_term_string}\"},\"query-input\":{\"@type\":\"PropertyValueSpecification\",\"valueRequired\":true,\"valueName\":\"search_term_string\"}}],\"inLanguage\":\"pt-BR\"},{\"@type\":\"Organization\",\"@id\":\"https:\\\/\\\/subiton.com\\\/pt-br\\\/#organization\",\"name\":\"Subiton\",\"url\":\"https:\\\/\\\/subiton.com\\\/pt-br\\\/\",\"logo\":{\"@type\":\"ImageObject\",\"inLanguage\":\"pt-BR\",\"@id\":\"https:\\\/\\\/subiton.com\\\/pt-br\\\/#\\\/schema\\\/logo\\\/image\\\/\",\"url\":\"https:\\\/\\\/subiton.com\\\/wp-content\\\/uploads\\\/2017\\\/11\\\/logo_subiton_azul-1.png\",\"contentUrl\":\"https:\\\/\\\/subiton.com\\\/wp-content\\\/uploads\\\/2017\\\/11\\\/logo_subiton_azul-1.png\",\"width\":180,\"height\":43,\"caption\":\"Subiton\"},\"image\":{\"@id\":\"https:\\\/\\\/subiton.com\\\/pt-br\\\/#\\\/schema\\\/logo\\\/image\\\/\"},\"sameAs\":[\"https:\\\/\\\/www.linkedin.com\\\/company\\\/subiton-laboratorios-sl-sa\\\/\",\"https:\\\/\\\/www.youtube.com\\\/channel\\\/UC8B4_Z3h0_Q1agT-sABTYQw?view_as=subscriber\"]}]}<\/script>\n<!-- \/ Yoast SEO plugin. -->","yoast_head_json":{"title":"Subiton NAIL - Subiton","robots":{"index":"index","follow":"follow","max-snippet":"max-snippet:-1","max-image-preview":"max-image-preview:large","max-video-preview":"max-video-preview:-1"},"canonical":"https:\/\/subiton.com\/pt-br\/producto\/subiton-nail\/","og_locale":"pt_BR","og_type":"article","og_title":"Subiton NAIL - Subiton","og_description":"CLAVOS ENDOMEDULARES COM ANTIBI\u00d3TICO.  O clavo endomedular Subiton Nail (Pat Pend) \u00e9 um produto para ser utilizado em pacientes com fraturas diafis\u00e1rias de ossos longos, infectadas ou com alto risco de infec\u00e7\u00e3o. Cont\u00e9m um n\u00facleo em a\u00e7o cir\u00fargico recoberta de cimento com antibi\u00f3tico que ajuda no tratamento da infec\u00e7\u00e3o.  Os clavos Subiton Nail s\u00e3o produtos pr\u00e9-moldados, prontos para uso e de utiliza\u00e7\u00e3o temporar\u00e1ria. S\u00e3o implantados com o aux\u00edlio do set instrumental Subiton Nail DUAL H.    REF","og_url":"https:\/\/subiton.com\/pt-br\/producto\/subiton-nail\/","og_site_name":"Subiton","article_modified_time":"2024-06-04T13:05:33+00:00","og_image":[{"width":540,"height":400,"url":"https:\/\/subiton.com\/wp-content\/uploads\/2020\/09\/subiton-nail_ce1.jpg","type":"image\/jpeg"}],"twitter_card":"summary_large_image","twitter_misc":{"Est. tempo de leitura":"1 minuto"},"schema":{"@context":"https:\/\/schema.org","@graph":[{"@type":"WebPage","@id":"https:\/\/subiton.com\/pt-br\/producto\/subiton-nail\/","url":"https:\/\/subiton.com\/pt-br\/producto\/subiton-nail\/","name":"Subiton NAIL - Subiton","isPartOf":{"@id":"https:\/\/subiton.com\/pt-br\/#website"},"primaryImageOfPage":{"@id":"https:\/\/subiton.com\/pt-br\/producto\/subiton-nail\/#primaryimage"},"image":{"@id":"https:\/\/subiton.com\/pt-br\/producto\/subiton-nail\/#primaryimage"},"thumbnailUrl":"https:\/\/subiton.com\/wp-content\/uploads\/2020\/09\/subiton-nail_ce1.jpg","datePublished":"2018-04-13T19:43:13+00:00","dateModified":"2024-06-04T13:05:33+00:00","breadcrumb":{"@id":"https:\/\/subiton.com\/pt-br\/producto\/subiton-nail\/#breadcrumb"},"inLanguage":"pt-BR","potentialAction":[{"@type":"ReadAction","target":["https:\/\/subiton.com\/pt-br\/producto\/subiton-nail\/"]}]},{"@type":"ImageObject","inLanguage":"pt-BR","@id":"https:\/\/subiton.com\/pt-br\/producto\/subiton-nail\/#primaryimage","url":"https:\/\/subiton.com\/wp-content\/uploads\/2020\/09\/subiton-nail_ce1.jpg","contentUrl":"https:\/\/subiton.com\/wp-content\/uploads\/2020\/09\/subiton-nail_ce1.jpg","width":540,"height":400},{"@type":"BreadcrumbList","@id":"https:\/\/subiton.com\/pt-br\/producto\/subiton-nail\/#breadcrumb","itemListElement":[{"@type":"ListItem","position":1,"name":"Portada","item":"https:\/\/subiton.com\/pt-br\/"},{"@type":"ListItem","position":2,"name":"Produtos","item":"https:\/\/subiton.com\/pt-br\/produtos-port\/"},{"@type":"ListItem","position":3,"name":"Subiton NAIL"}]},{"@type":"WebSite","@id":"https:\/\/subiton.com\/pt-br\/#website","url":"https:\/\/subiton.com\/pt-br\/","name":"Subiton","description":"Laboratorios SL S.A.","publisher":{"@id":"https:\/\/subiton.com\/pt-br\/#organization"},"potentialAction":[{"@type":"SearchAction","target":{"@type":"EntryPoint","urlTemplate":"https:\/\/subiton.com\/pt-br\/?s={search_term_string}"},"query-input":{"@type":"PropertyValueSpecification","valueRequired":true,"valueName":"search_term_string"}}],"inLanguage":"pt-BR"},{"@type":"Organization","@id":"https:\/\/subiton.com\/pt-br\/#organization","name":"Subiton","url":"https:\/\/subiton.com\/pt-br\/","logo":{"@type":"ImageObject","inLanguage":"pt-BR","@id":"https:\/\/subiton.com\/pt-br\/#\/schema\/logo\/image\/","url":"https:\/\/subiton.com\/wp-content\/uploads\/2017\/11\/logo_subiton_azul-1.png","contentUrl":"https:\/\/subiton.com\/wp-content\/uploads\/2017\/11\/logo_subiton_azul-1.png","width":180,"height":43,"caption":"Subiton"},"image":{"@id":"https:\/\/subiton.com\/pt-br\/#\/schema\/logo\/image\/"},"sameAs":["https:\/\/www.linkedin.com\/company\/subiton-laboratorios-sl-sa\/","https:\/\/www.youtube.com\/channel\/UC8B4_Z3h0_Q1agT-sABTYQw?view_as=subscriber"]}]}},"_links":{"self":[{"href":"https:\/\/subiton.com\/pt-br\/wp-json\/wp\/v2\/product\/17491","targetHints":{"allow":["GET"]}}],"collection":[{"href":"https:\/\/subiton.com\/pt-br\/wp-json\/wp\/v2\/product"}],"about":[{"href":"https:\/\/subiton.com\/pt-br\/wp-json\/wp\/v2\/types\/product"}],"wp:featuredmedia":[{"embeddable":true,"href":"https:\/\/subiton.com\/pt-br\/wp-json\/wp\/v2\/media\/20058"}],"wp:attachment":[{"href":"https:\/\/subiton.com\/pt-br\/wp-json\/wp\/v2\/media?parent=17491"}],"wp:term":[{"taxonomy":"product_brand","embeddable":true,"href":"https:\/\/subiton.com\/pt-br\/wp-json\/wp\/v2\/product_brand?post=17491"},{"taxonomy":"product_cat","embeddable":true,"href":"https:\/\/subiton.com\/pt-br\/wp-json\/wp\/v2\/product_cat?post=17491"},{"taxonomy":"product_tag","embeddable":true,"href":"https:\/\/subiton.com\/pt-br\/wp-json\/wp\/v2\/product_tag?post=17491"}],"curies":[{"name":"wp","href":"https:\/\/api.w.org\/{rel}","templated":true}]}}