{"id":17473,"date":"2018-04-13T19:31:15","date_gmt":"2018-04-13T19:31:15","guid":{"rendered":"https:\/\/wp000740.ferozo.com\/producto\/subiton-gun\/"},"modified":"2018-04-18T18:03:24","modified_gmt":"2018-04-18T18:03:24","slug":"subiton-gun","status":"publish","type":"product","link":"https:\/\/subiton.com\/pt-br\/producto\/subiton-gun\/","title":{"rendered":"Subiton GUN"},"content":{"rendered":"","protected":false},"excerpt":{"rendered":"<p><strong>CIMENTO ACR\u00cdLICO DE APLICA\u00c7\u00c3O COM SERINGA.<\/strong><br \/>\n\u00c9 produzido especialmente para cimenta\u00e7\u00f5es de pr\u00f3teses de quadril. \u00c9 recomendado que seja utilizado com misturador a v\u00e1cuo <strong>Subimix V<\/strong>.<\/p>\n<ul>\n<li>Proporciona maior tempo de trabalho.<\/li>\n<li>Permite melhor introdu\u00e7\u00e3o do cimento no osso aumentando a vida \u00fatil da pr\u00f3tese.<\/li>\n<\/ul>\n<p>&nbsp;<\/p>\n<p>Os cimentos <strong>Subiton<\/strong> s\u00e3o utilizados para cimenta\u00e7\u00f5es e fixa\u00e7\u00f5es \u00f3sseas. Sua aplica\u00e7\u00e3o est\u00e1 indicada para Ortopedia e outras especialidades cir\u00fargicas em que seja necess\u00e1rio fixar elementos prot\u00e9ticos com um material acr\u00edlico est\u00e9ril.<\/p>\n<hr \/>\n<p><strong>Apresenta\u00e7\u00e3o:<\/strong><br \/>\n60g + 30ml &#8211; REF 880300<br \/>\n40g + 20ml &#8211; REF 880320<\/p>\n","protected":false},"featured_media":17749,"template":"","meta":{"_monsterinsights_skip_tracking":false,"_monsterinsights_sitenote_active":false,"_monsterinsights_sitenote_note":"","_monsterinsights_sitenote_category":0},"product_brand":[],"product_cat":[770,764,763,769],"product_tag":[],"class_list":{"0":"post-17473","1":"product","2":"type-product","3":"status-publish","4":"has-post-thumbnail","6":"product_cat-cimentos-oseos-ortopedia-pt-br","7":"product_cat-cimentos-oseos-pt-br","8":"product_cat-ortopedia-pt-br","9":"product_cat-traumatologia-pt-br","11":"first","12":"instock","13":"shipping-taxable","14":"product-type-simple"},"yoast_head":"<!-- This site is optimized with the Yoast SEO plugin v27.5 - https:\/\/yoast.com\/product\/yoast-seo-wordpress\/ -->\n<title>Subiton GUN - Subiton<\/title>\n<meta name=\"robots\" content=\"index, follow, max-snippet:-1, max-image-preview:large, max-video-preview:-1\" \/>\n<link rel=\"canonical\" href=\"https:\/\/subiton.com\/pt-br\/producto\/subiton-gun\/\" \/>\n<meta property=\"og:locale\" content=\"pt_BR\" \/>\n<meta property=\"og:type\" content=\"article\" \/>\n<meta property=\"og:title\" content=\"Subiton GUN - Subiton\" \/>\n<meta property=\"og:description\" content=\"CIMENTO ACR\u00cdLICO DE APLICA\u00c7\u00c3O COM SERINGA. \u00c9 produzido especialmente para cimenta\u00e7\u00f5es de pr\u00f3teses de quadril. \u00c9 recomendado que seja utilizado com misturador a v\u00e1cuo Subimix V.   Proporciona maior tempo de trabalho.  Permite melhor introdu\u00e7\u00e3o do cimento no osso aumentando a vida \u00fatil da pr\u00f3tese.  &nbsp;  Os cimentos Subiton s\u00e3o utilizados para cimenta\u00e7\u00f5es e fixa\u00e7\u00f5es \u00f3sseas. Sua aplica\u00e7\u00e3o est\u00e1 indicada para Ortopedia e outras especialidades cir\u00fargicas em que seja necess\u00e1rio fixar elementos prot\u00e9ticos com um material acr\u00edlico est\u00e9ril.    Apresenta\u00e7\u00e3o: 60g + 30ml - REF 880300 40g + 20ml - REF 880320\" \/>\n<meta property=\"og:url\" content=\"https:\/\/subiton.com\/pt-br\/producto\/subiton-gun\/\" \/>\n<meta property=\"og:site_name\" content=\"Subiton\" \/>\n<meta property=\"article:modified_time\" content=\"2018-04-18T18:03:24+00:00\" \/>\n<meta property=\"og:image\" content=\"https:\/\/subiton.com\/wp-content\/uploads\/2018\/04\/subiton-gun.jpg\" \/>\n\t<meta property=\"og:image:width\" content=\"540\" \/>\n\t<meta property=\"og:image:height\" content=\"400\" \/>\n\t<meta property=\"og:image:type\" content=\"image\/jpeg\" \/>\n<meta name=\"twitter:card\" content=\"summary_large_image\" \/>\n<script type=\"application\/ld+json\" class=\"yoast-schema-graph\">{\"@context\":\"https:\\\/\\\/schema.org\",\"@graph\":[{\"@type\":\"WebPage\",\"@id\":\"https:\\\/\\\/subiton.com\\\/pt-br\\\/producto\\\/subiton-gun\\\/\",\"url\":\"https:\\\/\\\/subiton.com\\\/pt-br\\\/producto\\\/subiton-gun\\\/\",\"name\":\"Subiton GUN - Subiton\",\"isPartOf\":{\"@id\":\"https:\\\/\\\/subiton.com\\\/pt-br\\\/#website\"},\"primaryImageOfPage\":{\"@id\":\"https:\\\/\\\/subiton.com\\\/pt-br\\\/producto\\\/subiton-gun\\\/#primaryimage\"},\"image\":{\"@id\":\"https:\\\/\\\/subiton.com\\\/pt-br\\\/producto\\\/subiton-gun\\\/#primaryimage\"},\"thumbnailUrl\":\"https:\\\/\\\/subiton.com\\\/wp-content\\\/uploads\\\/2018\\\/04\\\/subiton-gun.jpg\",\"datePublished\":\"2018-04-13T19:31:15+00:00\",\"dateModified\":\"2018-04-18T18:03:24+00:00\",\"breadcrumb\":{\"@id\":\"https:\\\/\\\/subiton.com\\\/pt-br\\\/producto\\\/subiton-gun\\\/#breadcrumb\"},\"inLanguage\":\"pt-BR\",\"potentialAction\":[{\"@type\":\"ReadAction\",\"target\":[\"https:\\\/\\\/subiton.com\\\/pt-br\\\/producto\\\/subiton-gun\\\/\"]}]},{\"@type\":\"ImageObject\",\"inLanguage\":\"pt-BR\",\"@id\":\"https:\\\/\\\/subiton.com\\\/pt-br\\\/producto\\\/subiton-gun\\\/#primaryimage\",\"url\":\"https:\\\/\\\/subiton.com\\\/wp-content\\\/uploads\\\/2018\\\/04\\\/subiton-gun.jpg\",\"contentUrl\":\"https:\\\/\\\/subiton.com\\\/wp-content\\\/uploads\\\/2018\\\/04\\\/subiton-gun.jpg\",\"width\":540,\"height\":400},{\"@type\":\"BreadcrumbList\",\"@id\":\"https:\\\/\\\/subiton.com\\\/pt-br\\\/producto\\\/subiton-gun\\\/#breadcrumb\",\"itemListElement\":[{\"@type\":\"ListItem\",\"position\":1,\"name\":\"Portada\",\"item\":\"https:\\\/\\\/subiton.com\\\/pt-br\\\/\"},{\"@type\":\"ListItem\",\"position\":2,\"name\":\"Produtos\",\"item\":\"https:\\\/\\\/subiton.com\\\/pt-br\\\/produtos-port\\\/\"},{\"@type\":\"ListItem\",\"position\":3,\"name\":\"Subiton GUN\"}]},{\"@type\":\"WebSite\",\"@id\":\"https:\\\/\\\/subiton.com\\\/pt-br\\\/#website\",\"url\":\"https:\\\/\\\/subiton.com\\\/pt-br\\\/\",\"name\":\"Subiton\",\"description\":\"Laboratorios SL S.A.\",\"publisher\":{\"@id\":\"https:\\\/\\\/subiton.com\\\/pt-br\\\/#organization\"},\"potentialAction\":[{\"@type\":\"SearchAction\",\"target\":{\"@type\":\"EntryPoint\",\"urlTemplate\":\"https:\\\/\\\/subiton.com\\\/pt-br\\\/?s={search_term_string}\"},\"query-input\":{\"@type\":\"PropertyValueSpecification\",\"valueRequired\":true,\"valueName\":\"search_term_string\"}}],\"inLanguage\":\"pt-BR\"},{\"@type\":\"Organization\",\"@id\":\"https:\\\/\\\/subiton.com\\\/pt-br\\\/#organization\",\"name\":\"Subiton\",\"url\":\"https:\\\/\\\/subiton.com\\\/pt-br\\\/\",\"logo\":{\"@type\":\"ImageObject\",\"inLanguage\":\"pt-BR\",\"@id\":\"https:\\\/\\\/subiton.com\\\/pt-br\\\/#\\\/schema\\\/logo\\\/image\\\/\",\"url\":\"https:\\\/\\\/subiton.com\\\/wp-content\\\/uploads\\\/2017\\\/11\\\/logo_subiton_azul-1.png\",\"contentUrl\":\"https:\\\/\\\/subiton.com\\\/wp-content\\\/uploads\\\/2017\\\/11\\\/logo_subiton_azul-1.png\",\"width\":180,\"height\":43,\"caption\":\"Subiton\"},\"image\":{\"@id\":\"https:\\\/\\\/subiton.com\\\/pt-br\\\/#\\\/schema\\\/logo\\\/image\\\/\"},\"sameAs\":[\"https:\\\/\\\/www.linkedin.com\\\/company\\\/subiton-laboratorios-sl-sa\\\/\",\"https:\\\/\\\/www.youtube.com\\\/channel\\\/UC8B4_Z3h0_Q1agT-sABTYQw?view_as=subscriber\"]}]}<\/script>\n<!-- \/ Yoast SEO plugin. -->","yoast_head_json":{"title":"Subiton GUN - Subiton","robots":{"index":"index","follow":"follow","max-snippet":"max-snippet:-1","max-image-preview":"max-image-preview:large","max-video-preview":"max-video-preview:-1"},"canonical":"https:\/\/subiton.com\/pt-br\/producto\/subiton-gun\/","og_locale":"pt_BR","og_type":"article","og_title":"Subiton GUN - Subiton","og_description":"CIMENTO ACR\u00cdLICO DE APLICA\u00c7\u00c3O COM SERINGA. \u00c9 produzido especialmente para cimenta\u00e7\u00f5es de pr\u00f3teses de quadril. \u00c9 recomendado que seja utilizado com misturador a v\u00e1cuo Subimix V.   Proporciona maior tempo de trabalho.  Permite melhor introdu\u00e7\u00e3o do cimento no osso aumentando a vida \u00fatil da pr\u00f3tese.  &nbsp;  Os cimentos Subiton s\u00e3o utilizados para cimenta\u00e7\u00f5es e fixa\u00e7\u00f5es \u00f3sseas. Sua aplica\u00e7\u00e3o est\u00e1 indicada para Ortopedia e outras especialidades cir\u00fargicas em que seja necess\u00e1rio fixar elementos prot\u00e9ticos com um material acr\u00edlico est\u00e9ril.    Apresenta\u00e7\u00e3o: 60g + 30ml - REF 880300 40g + 20ml - REF 880320","og_url":"https:\/\/subiton.com\/pt-br\/producto\/subiton-gun\/","og_site_name":"Subiton","article_modified_time":"2018-04-18T18:03:24+00:00","og_image":[{"width":540,"height":400,"url":"https:\/\/subiton.com\/wp-content\/uploads\/2018\/04\/subiton-gun.jpg","type":"image\/jpeg"}],"twitter_card":"summary_large_image","schema":{"@context":"https:\/\/schema.org","@graph":[{"@type":"WebPage","@id":"https:\/\/subiton.com\/pt-br\/producto\/subiton-gun\/","url":"https:\/\/subiton.com\/pt-br\/producto\/subiton-gun\/","name":"Subiton GUN - Subiton","isPartOf":{"@id":"https:\/\/subiton.com\/pt-br\/#website"},"primaryImageOfPage":{"@id":"https:\/\/subiton.com\/pt-br\/producto\/subiton-gun\/#primaryimage"},"image":{"@id":"https:\/\/subiton.com\/pt-br\/producto\/subiton-gun\/#primaryimage"},"thumbnailUrl":"https:\/\/subiton.com\/wp-content\/uploads\/2018\/04\/subiton-gun.jpg","datePublished":"2018-04-13T19:31:15+00:00","dateModified":"2018-04-18T18:03:24+00:00","breadcrumb":{"@id":"https:\/\/subiton.com\/pt-br\/producto\/subiton-gun\/#breadcrumb"},"inLanguage":"pt-BR","potentialAction":[{"@type":"ReadAction","target":["https:\/\/subiton.com\/pt-br\/producto\/subiton-gun\/"]}]},{"@type":"ImageObject","inLanguage":"pt-BR","@id":"https:\/\/subiton.com\/pt-br\/producto\/subiton-gun\/#primaryimage","url":"https:\/\/subiton.com\/wp-content\/uploads\/2018\/04\/subiton-gun.jpg","contentUrl":"https:\/\/subiton.com\/wp-content\/uploads\/2018\/04\/subiton-gun.jpg","width":540,"height":400},{"@type":"BreadcrumbList","@id":"https:\/\/subiton.com\/pt-br\/producto\/subiton-gun\/#breadcrumb","itemListElement":[{"@type":"ListItem","position":1,"name":"Portada","item":"https:\/\/subiton.com\/pt-br\/"},{"@type":"ListItem","position":2,"name":"Produtos","item":"https:\/\/subiton.com\/pt-br\/produtos-port\/"},{"@type":"ListItem","position":3,"name":"Subiton GUN"}]},{"@type":"WebSite","@id":"https:\/\/subiton.com\/pt-br\/#website","url":"https:\/\/subiton.com\/pt-br\/","name":"Subiton","description":"Laboratorios SL S.A.","publisher":{"@id":"https:\/\/subiton.com\/pt-br\/#organization"},"potentialAction":[{"@type":"SearchAction","target":{"@type":"EntryPoint","urlTemplate":"https:\/\/subiton.com\/pt-br\/?s={search_term_string}"},"query-input":{"@type":"PropertyValueSpecification","valueRequired":true,"valueName":"search_term_string"}}],"inLanguage":"pt-BR"},{"@type":"Organization","@id":"https:\/\/subiton.com\/pt-br\/#organization","name":"Subiton","url":"https:\/\/subiton.com\/pt-br\/","logo":{"@type":"ImageObject","inLanguage":"pt-BR","@id":"https:\/\/subiton.com\/pt-br\/#\/schema\/logo\/image\/","url":"https:\/\/subiton.com\/wp-content\/uploads\/2017\/11\/logo_subiton_azul-1.png","contentUrl":"https:\/\/subiton.com\/wp-content\/uploads\/2017\/11\/logo_subiton_azul-1.png","width":180,"height":43,"caption":"Subiton"},"image":{"@id":"https:\/\/subiton.com\/pt-br\/#\/schema\/logo\/image\/"},"sameAs":["https:\/\/www.linkedin.com\/company\/subiton-laboratorios-sl-sa\/","https:\/\/www.youtube.com\/channel\/UC8B4_Z3h0_Q1agT-sABTYQw?view_as=subscriber"]}]}},"_links":{"self":[{"href":"https:\/\/subiton.com\/pt-br\/wp-json\/wp\/v2\/product\/17473","targetHints":{"allow":["GET"]}}],"collection":[{"href":"https:\/\/subiton.com\/pt-br\/wp-json\/wp\/v2\/product"}],"about":[{"href":"https:\/\/subiton.com\/pt-br\/wp-json\/wp\/v2\/types\/product"}],"wp:featuredmedia":[{"embeddable":true,"href":"https:\/\/subiton.com\/pt-br\/wp-json\/wp\/v2\/media\/17749"}],"wp:attachment":[{"href":"https:\/\/subiton.com\/pt-br\/wp-json\/wp\/v2\/media?parent=17473"}],"wp:term":[{"taxonomy":"product_brand","embeddable":true,"href":"https:\/\/subiton.com\/pt-br\/wp-json\/wp\/v2\/product_brand?post=17473"},{"taxonomy":"product_cat","embeddable":true,"href":"https:\/\/subiton.com\/pt-br\/wp-json\/wp\/v2\/product_cat?post=17473"},{"taxonomy":"product_tag","embeddable":true,"href":"https:\/\/subiton.com\/pt-br\/wp-json\/wp\/v2\/product_tag?post=17473"}],"curies":[{"name":"wp","href":"https:\/\/api.w.org\/{rel}","templated":true}]}}