{"id":19541,"date":"2019-10-02T20:04:51","date_gmt":"2019-10-02T20:04:51","guid":{"rendered":""},"modified":"2026-01-22T16:55:16","modified_gmt":"2026-01-22T16:55:16","slug":"quem-somos","status":"publish","type":"page","link":"https:\/\/subiton.com\/pt-br\/quem-somos\/","title":{"rendered":"Quem Somos"},"content":{"rendered":"<div class=\"wpb-content-wrapper\"><p>[vc_row css_animation=&#8221;&#8221; row_type=&#8221;row&#8221; use_row_as_full_screen_section=&#8221;no&#8221; type=&#8221;grid&#8221; angled_section=&#8221;no&#8221; text_align=&#8221;left&#8221; background_image_as_pattern=&#8221;without_pattern&#8221; background_color=&#8221;#ffffff&#8221; padding_top=&#8221;60&#8243; padding_bottom=&#8221;30&#8243; z_index=&#8221;&#8221;][vc_column][vc_column_text css=&#8221;&#8221;]<\/p>\n<h3>QUEM SOMOS<\/h3>\n<p>[\/vc_column_text][vc_separator type=&#8221;transparent&#8221; down=&#8221;25&#8243;][vc_row_inner row_type=&#8221;row&#8221; type=&#8221;full_width&#8221; text_align=&#8221;left&#8221; css_animation=&#8221;&#8221; padding_top=&#8221;30&#8243;][vc_column_inner width=&#8221;2\/3&#8243;][vc_video link=&#8221;http:\/\/youtu.be\/RMVAE6Ch2Y4&#8243;][vc_separator type=&#8221;transparent&#8221; up=&#8221;20&#8243;][\/vc_column_inner][vc_column_inner width=&#8221;1\/3&#8243;][vc_column_text]<\/p>\n<h3><span style=\"color: #006fba;\">N\u00f3s somos a Subiton.<\/span><br \/>\nQualidade, experi\u00eancia e inova\u00e7\u00e3o a servi\u00e7o da sa\u00fade.<\/h3>\n<p>[\/vc_column_text][vc_separator type=&#8221;transparent&#8221; up=&#8221;10&#8243; down=&#8221;10&#8243;][vc_column_text]Uma empresa argentina, l\u00edder global no desenvolvimento de dispositivos m\u00e9dicos desde 1957. Temos presen\u00e7a comercial em mais de 110 pa\u00edses e uma infraestrutura de 7.000 m\u00b2 com plantas de produ\u00e7\u00e3o sustent\u00e1veis.<br \/>\nNosso sucesso como empresa se baseia em nossa s\u00f3lida estrutura de capital humano. Uma equipe multidisciplinar composta por 150 profissionais altamente especializados.<br \/>\nJuntos, dia ap\u00f3s dia, nos dedicamos a tornar nossa miss\u00e3o uma realidade: melhorar a qualidade de vida dos pacientes e otimizar o trabalho dos profissionais m\u00e9dicos por meio de produtos inovadores de m\u00e1xima confiabilidade e efic\u00e1cia.<\/p>\n<p>[\/vc_column_text][\/vc_column_inner][\/vc_row_inner][vc_separator type=&#8221;transparent&#8221; up=&#8221;20&#8243; down=&#8221;20&#8243;][\/vc_column][\/vc_row][vc_row row_type=&#8221;parallax&#8221; parallax_content_width=&#8221;in_grid&#8221; text_align=&#8221;left&#8221; full_screen_section_height=&#8221;no&#8221; anchor=&#8221;counters&#8221; background_image=&#8221;18324&#8243; section_height=&#8221;400&#8243;][vc_column][vc_separator type=&#8221;transparent&#8221; up=&#8221;40&#8243; down=&#8221;40&#8243;][vc_row_inner row_type=&#8221;row&#8221; type=&#8221;full_width&#8221; text_align=&#8221;left&#8221; css_animation=&#8221;&#8221; padding_top=&#8221;40&#8243;][vc_column_inner width=&#8221;1\/4&#8243;]<div class=\"q_counter_holder  center\" style=\"\" data-digit=\"1957\"><span class=\"counter  zero\" style=\"color: #262626;font-size: 60px;\">1957<\/span><p class=\"counter_text\" style=\"font-size: 15px;text-transform: uppercase;color: #262626;\">67 ANOS NA IND\u00daSTRIA DA SA\u00daDE<\/p><\/div>[vc_separator type=&#8221;transparent&#8221; up=&#8221;60&#8243; down=&#8221;2&#8243;][\/vc_column_inner][vc_column_inner width=&#8221;1\/4&#8243;]<div class=\"q_counter_holder  center\" style=\"\" data-digit=\"150\"><span class=\"counter  random\" style=\"color: #262626;font-size: 60px;font-weight: Default;\">150<\/span><p class=\"counter_text\" style=\"font-size: 15px;font-weight: Default;text-transform: uppercase;color: #262626;\">FUNCION\u00c1RIOS<\/p><\/div>[vc_separator type=&#8221;transparent&#8221; up=&#8221;60&#8243; down=&#8221;2&#8243;][\/vc_column_inner][vc_column_inner width=&#8221;1\/4&#8243;]<div class=\"q_counter_holder  center\" style=\"\" data-digit=\"7000\"><span class=\"counter  random\" style=\"color: #262626;font-size: 60px;font-weight: Default;\">7000<\/span><p class=\"counter_text\" style=\"font-size: 15px;font-weight: Default;text-transform: uppercase;color: #262626;\">M2 DE PRODU\u00c7\u00c3O E ADMINISTRA\u00c7\u00c3O<\/p><\/div>[vc_separator type=&#8221;transparent&#8221; up=&#8221;60&#8243; down=&#8221;2&#8243;][\/vc_column_inner][vc_column_inner width=&#8221;1\/4&#8243;]<div class=\"q_counter_holder  center\" style=\"\" data-digit=\"110\"><span class=\"counter  zero\" style=\"color: #262626;font-size: 60px;font-weight: Default;\">110<\/span><p class=\"counter_text\" style=\"font-size: 15px;font-weight: Default;text-transform: uppercase;color: #262626;\">VENDAS EM MAIS DE 110 PA\u00cdSES<\/p><\/div>[vc_separator type=&#8221;transparent&#8221; up=&#8221;60&#8243; down=&#8221;2&#8243;][\/vc_column_inner][\/vc_row_inner][\/vc_column][\/vc_row][vc_row css_animation=&#8221;&#8221; row_type=&#8221;row&#8221; use_row_as_full_screen_section=&#8221;no&#8221; type=&#8221;grid&#8221; angled_section=&#8221;no&#8221; text_align=&#8221;left&#8221; background_image_as_pattern=&#8221;without_pattern&#8221; background_color=&#8221;#ffffff&#8221; padding_top=&#8221;77&#8243; padding_bottom=&#8221;48&#8243;][vc_column width=&#8221;1\/3&#8243;][vc_row_inner row_type=&#8221;row&#8221; type=&#8221;full_width&#8221; text_align=&#8221;right&#8221; css_animation=&#8221;&#8221;][vc_column_inner][vc_column_text]<\/p>\n<h3 style=\"text-align: left;\">QUALIDADE<\/h3>\n<p>[\/vc_column_text][vc_column_text]<\/p>\n<p style=\"text-align: left;\">Nossos processos de design, desenvolvimento e fabrica\u00e7\u00e3o nos permitem controlar todas as etapas da produ\u00e7\u00e3o, garantindo a mais alta qualidade, desde as mat\u00e9rias-primas at\u00e9 o produto acabado.<\/p>\n<p>[\/vc_column_text][vc_separator type=&#8221;transparent&#8221; up=&#8221;25&#8243; down=&#8221;25&#8243;][vc_column_text]<\/p>\n<h3 style=\"text-align: left;\">CERTIFICA\u00c7\u00d5ES<\/h3>\n<p>[\/vc_column_text][vc_column_text]<br \/>\nUm compromisso s\u00f3lido e exigente com a excel\u00eancia nos consolidou como refer\u00eancia na ind\u00fastria, respaldados pelas mais importantes certifica\u00e7\u00f5es internacionais: ISO 13485 e CE Notified Body Number 0318, entre outras.<\/p>\n<p>Gra\u00e7as \u00e0 nossa filosofia de trabalho, conseguimos captar as necessidades dos pacientes e transform\u00e1-las em produtos inovadores, posicionando-nos como l\u00edderes e refer\u00eancias no mercado global de dispositivos m\u00e9dicos.<br \/>\n[\/vc_column_text][vc_separator type=&#8221;transparent&#8221; up=&#8221;25&#8243; down=&#8221;25&#8243;][\/vc_column_inner][\/vc_row_inner][\/vc_column][vc_column width=&#8221;2\/3&#8243;][vc_column_text]<\/p>\n<h4>LABORATORIOS SL EXPORTA MAIS DE 65% DE SUA PRODU\u00c7\u00c3O PARA 110 PA\u00cdSES, INCLUINDO AM\u00c9RICA, EUROPA, \u00c1FRICA DO NORTE, M\u00c9DIO ORIENTE E MUITO ORIENTE.<\/h4>\n<p>[\/vc_column_text][vc_separator type=&#8221;transparent&#8221; up=&#8221;25&#8243; down=&#8221;0&#8243;]<div class='q_progress_bar'><h6 class='progress_title_holder clearfix' style='color: #000000;'><span class='progress_title'><span>EUROPA<\/span><\/span><span class='progress_number' style='color: #262626;'><span>0<\/span>%<\/span><\/h6><div class='progress_content_outer' style='height: 10px;background-color: rgba(0,0,0,0.1);'><div data-percentage='29' class='progress_content' style='height: 10px;background-color: #006fba;'><\/div><\/div><\/div><div class='q_progress_bar'><h6 class='progress_title_holder clearfix' style='color: #000000;'><span class='progress_title'><span>AM\u00c9RICA LATINA<\/span><\/span><span class='progress_number' style='color: #262626;'><span>0<\/span>%<\/span><\/h6><div class='progress_content_outer' style='height: 10px;background-color: rgba(0,0,0,0.1);'><div data-percentage='60' class='progress_content' style='height: 10px;background-color: #006fba;'><\/div><\/div><\/div><div class='q_progress_bar'><h6 class='progress_title_holder clearfix' style='color: #000000;'><span class='progress_title'><span>\u00c1SIA<\/span><\/span><span class='progress_number' style='color: #000000;'><span>0<\/span>%<\/span><\/h6><div class='progress_content_outer' style='height: 10px;background-color: rgba(0,0,0,0.1);'><div data-percentage='7' class='progress_content' style='height: 10px;background-color: #006fba;'><\/div><\/div><\/div><div class='q_progress_bar'><h6 class='progress_title_holder clearfix' style='color: #000000;'><span class='progress_title'><span>EUA E \u00c1FRICA<\/span><\/span><span class='progress_number' style='color: #000000;'><span>0<\/span>%<\/span><\/h6><div class='progress_content_outer' style='height: 10px;background-color: rgba(0,0,0,0.1);'><div data-percentage='4' class='progress_content' style='height: 10px;background-color: #006fba;'><\/div><\/div><\/div>[\/vc_column][\/vc_row][vc_row css_animation=&#8221;&#8221; row_type=&#8221;row&#8221; use_row_as_full_screen_section=&#8221;no&#8221; type=&#8221;grid&#8221; angled_section=&#8221;no&#8221; text_align=&#8221;left&#8221; background_image_as_pattern=&#8221;without_pattern&#8221; anchor=&#8221;portfolio&#8221; padding_top=&#8221;52&#8243; padding_bottom=&#8221;0&#8243;][vc_column][vc_column_text]<\/p>\n<h3 style=\"text-align: center;\">7000 m<sup>2<\/sup> de Producci\u00f3n y Administraci\u00f3n<\/h3>\n<p>[\/vc_column_text][vc_separator type=&#8221;transparent&#8221; down=&#8221;38&#8243;][\/vc_column][\/vc_row][vc_row css_animation=&#8221;&#8221; row_type=&#8221;row&#8221; use_row_as_full_screen_section=&#8221;no&#8221; type=&#8221;full_width&#8221; angled_section=&#8221;no&#8221; text_align=&#8221;left&#8221; background_image_as_pattern=&#8221;without_pattern&#8221; anchor=&#8221;gallery&#8221;][vc_column][vc_gallery type=&#8221;image_grid&#8221; images=&#8221;19697,19694,19710,19707&#8243; img_size=&#8221;600&#215;600&#8243; column_number=&#8221;4&#8243; grayscale=&#8221;yes&#8221; images_space=&#8221;gallery_without_space&#8221;][\/vc_column][\/vc_row][vc_row css_animation=&#8221;&#8221; row_type=&#8221;row&#8221; use_row_as_full_screen_section=&#8221;no&#8221; type=&#8221;grid&#8221; angled_section=&#8221;no&#8221; text_align=&#8221;left&#8221; background_image_as_pattern=&#8221;without_pattern&#8221; background_color=&#8221;#006fba&#8221; padding_top=&#8221;25&#8243; padding_bottom=&#8221;25&#8243;][vc_column]<div class='qode_carousels_holder clearfix'><div class='qode_carousels' data-number-of-visible-items=''><ul class='slides'>Sorry, no posts matched your criteria.<\/ul><\/div><\/div>[\/vc_column][\/vc_row]<\/p>\n<\/div>","protected":false},"excerpt":{"rendered":"<p>[vc_row css_animation=&#8221;&#8221; row_type=&#8221;row&#8221; use_row_as_full_screen_section=&#8221;no&#8221; type=&#8221;grid&#8221; angled_section=&#8221;no&#8221; text_align=&#8221;left&#8221; background_image_as_pattern=&#8221;without_pattern&#8221; background_color=&#8221;#ffffff&#8221; padding_top=&#8221;60&#8243; padding_bottom=&#8221;30&#8243; z_index=&#8221;&#8221;][vc_column][vc_column_text css=&#8221;&#8221;] QUEM SOMOS [\/vc_column_text][vc_separator type=&#8221;transparent&#8221; down=&#8221;25&#8243;][vc_row_inner row_type=&#8221;row&#8221; type=&#8221;full_width&#8221; text_align=&#8221;left&#8221; css_animation=&#8221;&#8221; padding_top=&#8221;30&#8243;][vc_column_inner width=&#8221;2\/3&#8243;][vc_video link=&#8221;http:\/\/youtu.be\/RMVAE6Ch2Y4&#8243;][vc_separator type=&#8221;transparent&#8221; up=&#8221;20&#8243;][\/vc_column_inner][vc_column_inner width=&#8221;1\/3&#8243;][vc_column_text] N\u00f3s somos a Subiton. Qualidade, experi\u00eancia e inova\u00e7\u00e3o a servi\u00e7o da sa\u00fade. [\/vc_column_text][vc_separator type=&#8221;transparent&#8221; up=&#8221;10&#8243; down=&#8221;10&#8243;][vc_column_text]Uma empresa argentina, l\u00edder global no desenvolvimento de dispositivos m\u00e9dicos desde 1957. Temos presen\u00e7a comercial em mais de 110 pa\u00edses e uma infraestrutura de 7.000 m\u00b2 com plantas de produ\u00e7\u00e3o sustent\u00e1veis. Nosso sucesso como empresa se baseia em nossa s\u00f3lida estrutura de capital humano. Uma equipe multidisciplinar composta por 150 profissionais altamente especializados. Juntos, dia ap\u00f3s dia, nos dedicamos a tornar nossa miss\u00e3o uma realidade: melhorar a qualidade de vida dos pacientes e otimizar o trabalho dos&#8230;<\/p>\n","protected":false},"author":1,"featured_media":0,"parent":0,"menu_order":0,"comment_status":"open","ping_status":"open","template":"full_width.php","meta":{"_monsterinsights_skip_tracking":false,"_monsterinsights_sitenote_active":false,"_monsterinsights_sitenote_note":"","_monsterinsights_sitenote_category":0,"footnotes":""},"class_list":["post-19541","page","type-page","status-publish","hentry"],"yoast_head":"<!-- This site is optimized with the Yoast SEO plugin v27.5 - https:\/\/yoast.com\/product\/yoast-seo-wordpress\/ -->\n<title>Quem Somos - Subiton<\/title>\n<meta name=\"robots\" content=\"index, follow, max-snippet:-1, max-image-preview:large, max-video-preview:-1\" \/>\n<link rel=\"canonical\" href=\"https:\/\/subiton.com\/pt-br\/quem-somos\/\" \/>\n<meta property=\"og:locale\" content=\"pt_BR\" \/>\n<meta property=\"og:type\" content=\"article\" \/>\n<meta property=\"og:title\" content=\"Quem Somos - Subiton\" \/>\n<meta property=\"og:description\" content=\"[vc_row css_animation=&#8221;&#8221; row_type=&#8221;row&#8221; use_row_as_full_screen_section=&#8221;no&#8221; type=&#8221;grid&#8221; angled_section=&#8221;no&#8221; text_align=&#8221;left&#8221; background_image_as_pattern=&#8221;without_pattern&#8221; background_color=&#8221;#ffffff&#8221; padding_top=&#8221;60&#8243; padding_bottom=&#8221;30&#8243; z_index=&#8221;&#8221;][vc_column][vc_column_text css=&#8221;&#8221;] QUEM SOMOS [\/vc_column_text][vc_separator type=&#8221;transparent&#8221; down=&#8221;25&#8243;][vc_row_inner row_type=&#8221;row&#8221; type=&#8221;full_width&#8221; text_align=&#8221;left&#8221; css_animation=&#8221;&#8221; padding_top=&#8221;30&#8243;][vc_column_inner width=&#8221;2\/3&#8243;][vc_video link=&#8221;http:\/\/youtu.be\/RMVAE6Ch2Y4&#8243;][vc_separator type=&#8221;transparent&#8221; up=&#8221;20&#8243;][\/vc_column_inner][vc_column_inner width=&#8221;1\/3&#8243;][vc_column_text] N\u00f3s somos a Subiton. Qualidade, experi\u00eancia e inova\u00e7\u00e3o a servi\u00e7o da sa\u00fade. [\/vc_column_text][vc_separator type=&#8221;transparent&#8221; up=&#8221;10&#8243; down=&#8221;10&#8243;][vc_column_text]Uma empresa argentina, l\u00edder global no desenvolvimento de dispositivos m\u00e9dicos desde 1957. Temos presen\u00e7a comercial em mais de 110 pa\u00edses e uma infraestrutura de 7.000 m\u00b2 com plantas de produ\u00e7\u00e3o sustent\u00e1veis. Nosso sucesso como empresa se baseia em nossa s\u00f3lida estrutura de capital humano. Uma equipe multidisciplinar composta por 150 profissionais altamente especializados. Juntos, dia ap\u00f3s dia, nos dedicamos a tornar nossa miss\u00e3o uma realidade: melhorar a qualidade de vida dos pacientes e otimizar o trabalho dos...\" \/>\n<meta property=\"og:url\" content=\"https:\/\/subiton.com\/pt-br\/quem-somos\/\" \/>\n<meta property=\"og:site_name\" content=\"Subiton\" \/>\n<meta property=\"article:modified_time\" content=\"2026-01-22T16:55:16+00:00\" \/>\n<meta name=\"twitter:card\" content=\"summary_large_image\" \/>\n<meta name=\"twitter:label1\" content=\"Est. tempo de leitura\" \/>\n\t<meta name=\"twitter:data1\" content=\"4 minutos\" \/>\n<script type=\"application\/ld+json\" class=\"yoast-schema-graph\">{\"@context\":\"https:\\\/\\\/schema.org\",\"@graph\":[{\"@type\":\"WebPage\",\"@id\":\"https:\\\/\\\/subiton.com\\\/pt-br\\\/quem-somos\\\/\",\"url\":\"https:\\\/\\\/subiton.com\\\/pt-br\\\/quem-somos\\\/\",\"name\":\"Quem Somos - Subiton\",\"isPartOf\":{\"@id\":\"https:\\\/\\\/subiton.com\\\/pt-br\\\/#website\"},\"datePublished\":\"2019-10-02T20:04:51+00:00\",\"dateModified\":\"2026-01-22T16:55:16+00:00\",\"breadcrumb\":{\"@id\":\"https:\\\/\\\/subiton.com\\\/pt-br\\\/quem-somos\\\/#breadcrumb\"},\"inLanguage\":\"pt-BR\",\"potentialAction\":[{\"@type\":\"ReadAction\",\"target\":[\"https:\\\/\\\/subiton.com\\\/pt-br\\\/quem-somos\\\/\"]}]},{\"@type\":\"BreadcrumbList\",\"@id\":\"https:\\\/\\\/subiton.com\\\/pt-br\\\/quem-somos\\\/#breadcrumb\",\"itemListElement\":[{\"@type\":\"ListItem\",\"position\":1,\"name\":\"Portada\",\"item\":\"https:\\\/\\\/subiton.com\\\/pt-br\\\/\"},{\"@type\":\"ListItem\",\"position\":2,\"name\":\"Quem Somos\"}]},{\"@type\":\"WebSite\",\"@id\":\"https:\\\/\\\/subiton.com\\\/pt-br\\\/#website\",\"url\":\"https:\\\/\\\/subiton.com\\\/pt-br\\\/\",\"name\":\"Subiton\",\"description\":\"Laboratorios SL S.A.\",\"publisher\":{\"@id\":\"https:\\\/\\\/subiton.com\\\/pt-br\\\/#organization\"},\"potentialAction\":[{\"@type\":\"SearchAction\",\"target\":{\"@type\":\"EntryPoint\",\"urlTemplate\":\"https:\\\/\\\/subiton.com\\\/pt-br\\\/?s={search_term_string}\"},\"query-input\":{\"@type\":\"PropertyValueSpecification\",\"valueRequired\":true,\"valueName\":\"search_term_string\"}}],\"inLanguage\":\"pt-BR\"},{\"@type\":\"Organization\",\"@id\":\"https:\\\/\\\/subiton.com\\\/pt-br\\\/#organization\",\"name\":\"Subiton\",\"url\":\"https:\\\/\\\/subiton.com\\\/pt-br\\\/\",\"logo\":{\"@type\":\"ImageObject\",\"inLanguage\":\"pt-BR\",\"@id\":\"https:\\\/\\\/subiton.com\\\/pt-br\\\/#\\\/schema\\\/logo\\\/image\\\/\",\"url\":\"https:\\\/\\\/subiton.com\\\/wp-content\\\/uploads\\\/2017\\\/11\\\/logo_subiton_azul-1.png\",\"contentUrl\":\"https:\\\/\\\/subiton.com\\\/wp-content\\\/uploads\\\/2017\\\/11\\\/logo_subiton_azul-1.png\",\"width\":180,\"height\":43,\"caption\":\"Subiton\"},\"image\":{\"@id\":\"https:\\\/\\\/subiton.com\\\/pt-br\\\/#\\\/schema\\\/logo\\\/image\\\/\"},\"sameAs\":[\"https:\\\/\\\/www.linkedin.com\\\/company\\\/subiton-laboratorios-sl-sa\\\/\",\"https:\\\/\\\/www.youtube.com\\\/channel\\\/UC8B4_Z3h0_Q1agT-sABTYQw?view_as=subscriber\"]}]}<\/script>\n<!-- \/ Yoast SEO plugin. -->","yoast_head_json":{"title":"Quem Somos - Subiton","robots":{"index":"index","follow":"follow","max-snippet":"max-snippet:-1","max-image-preview":"max-image-preview:large","max-video-preview":"max-video-preview:-1"},"canonical":"https:\/\/subiton.com\/pt-br\/quem-somos\/","og_locale":"pt_BR","og_type":"article","og_title":"Quem Somos - Subiton","og_description":"[vc_row css_animation=&#8221;&#8221; row_type=&#8221;row&#8221; use_row_as_full_screen_section=&#8221;no&#8221; type=&#8221;grid&#8221; angled_section=&#8221;no&#8221; text_align=&#8221;left&#8221; background_image_as_pattern=&#8221;without_pattern&#8221; background_color=&#8221;#ffffff&#8221; padding_top=&#8221;60&#8243; padding_bottom=&#8221;30&#8243; z_index=&#8221;&#8221;][vc_column][vc_column_text css=&#8221;&#8221;] QUEM SOMOS [\/vc_column_text][vc_separator type=&#8221;transparent&#8221; down=&#8221;25&#8243;][vc_row_inner row_type=&#8221;row&#8221; type=&#8221;full_width&#8221; text_align=&#8221;left&#8221; css_animation=&#8221;&#8221; padding_top=&#8221;30&#8243;][vc_column_inner width=&#8221;2\/3&#8243;][vc_video link=&#8221;http:\/\/youtu.be\/RMVAE6Ch2Y4&#8243;][vc_separator type=&#8221;transparent&#8221; up=&#8221;20&#8243;][\/vc_column_inner][vc_column_inner width=&#8221;1\/3&#8243;][vc_column_text] N\u00f3s somos a Subiton. Qualidade, experi\u00eancia e inova\u00e7\u00e3o a servi\u00e7o da sa\u00fade. [\/vc_column_text][vc_separator type=&#8221;transparent&#8221; up=&#8221;10&#8243; down=&#8221;10&#8243;][vc_column_text]Uma empresa argentina, l\u00edder global no desenvolvimento de dispositivos m\u00e9dicos desde 1957. Temos presen\u00e7a comercial em mais de 110 pa\u00edses e uma infraestrutura de 7.000 m\u00b2 com plantas de produ\u00e7\u00e3o sustent\u00e1veis. Nosso sucesso como empresa se baseia em nossa s\u00f3lida estrutura de capital humano. Uma equipe multidisciplinar composta por 150 profissionais altamente especializados. Juntos, dia ap\u00f3s dia, nos dedicamos a tornar nossa miss\u00e3o uma realidade: melhorar a qualidade de vida dos pacientes e otimizar o trabalho dos...","og_url":"https:\/\/subiton.com\/pt-br\/quem-somos\/","og_site_name":"Subiton","article_modified_time":"2026-01-22T16:55:16+00:00","twitter_card":"summary_large_image","twitter_misc":{"Est. tempo de leitura":"4 minutos"},"schema":{"@context":"https:\/\/schema.org","@graph":[{"@type":"WebPage","@id":"https:\/\/subiton.com\/pt-br\/quem-somos\/","url":"https:\/\/subiton.com\/pt-br\/quem-somos\/","name":"Quem Somos - Subiton","isPartOf":{"@id":"https:\/\/subiton.com\/pt-br\/#website"},"datePublished":"2019-10-02T20:04:51+00:00","dateModified":"2026-01-22T16:55:16+00:00","breadcrumb":{"@id":"https:\/\/subiton.com\/pt-br\/quem-somos\/#breadcrumb"},"inLanguage":"pt-BR","potentialAction":[{"@type":"ReadAction","target":["https:\/\/subiton.com\/pt-br\/quem-somos\/"]}]},{"@type":"BreadcrumbList","@id":"https:\/\/subiton.com\/pt-br\/quem-somos\/#breadcrumb","itemListElement":[{"@type":"ListItem","position":1,"name":"Portada","item":"https:\/\/subiton.com\/pt-br\/"},{"@type":"ListItem","position":2,"name":"Quem Somos"}]},{"@type":"WebSite","@id":"https:\/\/subiton.com\/pt-br\/#website","url":"https:\/\/subiton.com\/pt-br\/","name":"Subiton","description":"Laboratorios SL S.A.","publisher":{"@id":"https:\/\/subiton.com\/pt-br\/#organization"},"potentialAction":[{"@type":"SearchAction","target":{"@type":"EntryPoint","urlTemplate":"https:\/\/subiton.com\/pt-br\/?s={search_term_string}"},"query-input":{"@type":"PropertyValueSpecification","valueRequired":true,"valueName":"search_term_string"}}],"inLanguage":"pt-BR"},{"@type":"Organization","@id":"https:\/\/subiton.com\/pt-br\/#organization","name":"Subiton","url":"https:\/\/subiton.com\/pt-br\/","logo":{"@type":"ImageObject","inLanguage":"pt-BR","@id":"https:\/\/subiton.com\/pt-br\/#\/schema\/logo\/image\/","url":"https:\/\/subiton.com\/wp-content\/uploads\/2017\/11\/logo_subiton_azul-1.png","contentUrl":"https:\/\/subiton.com\/wp-content\/uploads\/2017\/11\/logo_subiton_azul-1.png","width":180,"height":43,"caption":"Subiton"},"image":{"@id":"https:\/\/subiton.com\/pt-br\/#\/schema\/logo\/image\/"},"sameAs":["https:\/\/www.linkedin.com\/company\/subiton-laboratorios-sl-sa\/","https:\/\/www.youtube.com\/channel\/UC8B4_Z3h0_Q1agT-sABTYQw?view_as=subscriber"]}]}},"_links":{"self":[{"href":"https:\/\/subiton.com\/pt-br\/wp-json\/wp\/v2\/pages\/19541","targetHints":{"allow":["GET"]}}],"collection":[{"href":"https:\/\/subiton.com\/pt-br\/wp-json\/wp\/v2\/pages"}],"about":[{"href":"https:\/\/subiton.com\/pt-br\/wp-json\/wp\/v2\/types\/page"}],"author":[{"embeddable":true,"href":"https:\/\/subiton.com\/pt-br\/wp-json\/wp\/v2\/users\/1"}],"replies":[{"embeddable":true,"href":"https:\/\/subiton.com\/pt-br\/wp-json\/wp\/v2\/comments?post=19541"}],"version-history":[{"count":21,"href":"https:\/\/subiton.com\/pt-br\/wp-json\/wp\/v2\/pages\/19541\/revisions"}],"predecessor-version":[{"id":21252,"href":"https:\/\/subiton.com\/pt-br\/wp-json\/wp\/v2\/pages\/19541\/revisions\/21252"}],"wp:attachment":[{"href":"https:\/\/subiton.com\/pt-br\/wp-json\/wp\/v2\/media?parent=19541"}],"curies":[{"name":"wp","href":"https:\/\/api.w.org\/{rel}","templated":true}]}}