{"id":16052,"date":"2018-01-31T14:09:53","date_gmt":"2018-01-31T14:09:53","guid":{"rendered":"https:\/\/wp000740.ferozo.com\/?page_id=16052"},"modified":"2025-08-04T13:01:33","modified_gmt":"2025-08-04T13:01:33","slug":"tecnicas-cirurgicas","status":"publish","type":"page","link":"https:\/\/subiton.com\/pt-br\/tecnicas-cirurgicas\/","title":{"rendered":"T\u00e9cnicas cir\u00fargicas"},"content":{"rendered":"<div class=\"wpb-content-wrapper\"><p>[vc_row css_animation=&#8221;&#8221; row_type=&#8221;row&#8221; use_row_as_full_screen_section=&#8221;no&#8221; type=&#8221;grid&#8221; angled_section=&#8221;no&#8221; text_align=&#8221;left&#8221; background_image_as_pattern=&#8221;without_pattern&#8221; background_color=&#8221;#ffffff&#8221; padding_top=&#8221;60&#8243; padding_bottom=&#8221;60&#8243; el_class=&#8221;custom_color&#8221; z_index=&#8221;&#8221;][vc_column][vc_column_text]<\/p>\n<h3>T\u00c9CNICAS CIR\u00daRGICAS<\/h3>\n<p>[\/vc_column_text][vc_separator type=&#8221;transparent&#8221; up=&#8221;15&#8243; down=&#8221;15&#8243;][vc_row_inner row_type=&#8221;row&#8221; type=&#8221;grid&#8221; text_align=&#8221;left&#8221; css_animation=&#8221;&#8221;][vc_column_inner width=&#8221;1\/3&#8243;][vc_column_text]Este material \u00e9 destinado a distribuidores, t\u00e9cnicos de sala de cirurgia e profissionais da sa\u00fade.<\/p>\n<p>Ele foi realizado para fins educacionais e n\u00e3o se destina a substituir o treinamento que os m\u00e9dicos receberam, sendo responsabilidade do profissional respons\u00e1vel pelo tratamento adaptar a t\u00e9cnica a cada situa\u00e7\u00e3o cir\u00fargica espec\u00edfica.[\/vc_column_text][vc_separator type=&#8221;transparent&#8221; up=&#8221;10&#8243; down=&#8221;10&#8243;][\/vc_column_inner][vc_column_inner width=&#8221;1\/3&#8243;][vc_column_text]A prescri\u00e7\u00e3o dos nossos produtos e o uso deles s\u00e3o de responsabilidade exclusiva do m\u00e9dico especialista, quem dever\u00e1 estar devidamente familiarizado com eles antes de utiliz\u00e1-los pela primeira vez.<\/p>\n<p>A disponibilidade destes produtos est\u00e1 sujeita aos regulamentos particulares de cada pa\u00eds, sugere-se consultar o representante local da\u00a0<strong>Subiton<\/strong>.[\/vc_column_text][vc_separator type=&#8221;transparent&#8221; up=&#8221;10&#8243; down=&#8221;10&#8243;][\/vc_column_inner][vc_column_inner width=&#8221;1\/3&#8243;][vc_column_text]LABORATORIOS SL S. A. COMO PROPRIET\u00c1RIO DE MARCAS E DIREITOS DE PROPRIEDADE INTELECTUAL PRO\u00cdBE A C\u00d3PIA (PARCIAL OU TOTAL) OU EDI\u00c7\u00c3O DESTE MATERIAL, SEM O SEU CONSENTIMENTO FORMAL[\/vc_column_text][vc_separator type=&#8221;transparent&#8221; up=&#8221;10&#8243; down=&#8221;10&#8243;][\/vc_column_inner][\/vc_row_inner][\/vc_column][\/vc_row][vc_row css_animation=&#8221;&#8221; row_type=&#8221;row&#8221; use_row_as_full_screen_section=&#8221;no&#8221; type=&#8221;grid&#8221; angled_section=&#8221;no&#8221; text_align=&#8221;left&#8221; background_image_as_pattern=&#8221;without_pattern&#8221; background_color=&#8221;#ffffff&#8221; padding_bottom=&#8221;60&#8243; z_index=&#8221;&#8221;][vc_column][vc_row_inner row_type=&#8221;row&#8221; type=&#8221;full_width&#8221; text_align=&#8221;left&#8221; css_animation=&#8221;&#8221; padding_bottom=&#8221;25&#8243;][vc_column_inner width=&#8221;1\/3&#8243;]<div class=\"q_image_with_text_over\"><div class=\"shader\" ><\/div><img decoding=\"async\" itemprop=\"image\" src=\"https:\/\/subiton.com\/wp-content\/uploads\/2018\/04\/subiton-nail_n.jpg\" alt=\"\" \/><div class=\"text\"><table><tr><td><i class=\"qode_icon_font_awesome fa fa-cloud-download icon_holder fa-3x\" style=\"color: #ffffff;border-color: rgba(255,255,255,0.6);\" ><\/i><h3 class=\"caption \" style=\"\">Subiton NAIL Femoral<\/h3><\/td><\/tr><\/table><table><tr><td><div class=\"desc\"><\/p>\n<pre id=\"tw-target-text\" class=\"tw-data-text tw-ta tw-text-medium\" dir=\"ltr\" data-placeholder=\"Traducci\u00f3n\"><span lang=\"pt\" tabindex=\"0\">EM BREVE<\/span><\/pre>\n<p>[vc_separator type=&#8217;transparent&#8217; position=&#8217;center&#8217; color=&#8221;thickness=&#8221; up=&#8217;10&#8217; down=&#8217;10&#8217;]<\/p>\n<p><a  itemprop=\"url\" href=\"#\" target=\"_self\" data-hover-border-color=\"#006fba\" class=\"qbutton  default\" style=\"color: #ffffff; border-color: #ffffff; \">VER PDF<\/a><\/div><\/td><\/tr><\/table><\/div><\/div>[\/vc_column_inner][vc_column_inner width=&#8221;1\/3&#8243;]<div class=\"q_image_with_text_over\"><div class=\"shader\" ><\/div><img decoding=\"async\" itemprop=\"image\" src=\"https:\/\/subiton.com\/wp-content\/uploads\/2018\/04\/subiton-nail.jpg\" alt=\"\" \/><div class=\"text\"><table><tr><td><i class=\"qode_icon_font_awesome fa fa-cloud-download icon_holder fa-3x\" style=\"color: #ffffff;border-color: rgba(255,255,255,0.6);\" ><\/i><h3 class=\"caption \" style=\"\">Subiton NAIL Tibial<\/h3><\/td><\/tr><\/table><table><tr><td><div class=\"desc\"><span lang=\"pt\" tabindex=\"0\">EM BREVE<\/span><\/p>\n<p>[vc_separator type=&#8217;transparent&#8217; position=&#8217;center&#8217; color=&#8221; thickness=&#8221; up=&#8217;10&#8217; down=&#8217;10&#8217;]<\/p>\n<p><a  itemprop=\"url\" href=\"#\" target=\"_self\" data-hover-border-color=\"#006fba\" class=\"qbutton  default\" style=\"color: #ffffff; border-color: #ffffff; \">VER PDF<\/a><\/div><\/td><\/tr><\/table><\/div><\/div>[\/vc_column_inner][vc_column_inner width=&#8221;1\/3&#8243;]<div class=\"q_image_with_text_over\"><div class=\"shader\" ><\/div><img decoding=\"async\" itemprop=\"image\" src=\"https:\/\/subiton.com\/wp-content\/uploads\/2018\/04\/subiton-nail.jpg\" alt=\"\" \/><div class=\"text\"><table><tr><td><i class=\"qode_icon_font_awesome fa fa-cloud-download icon_holder fa-3x\" style=\"color: #ffffff;border-color: rgba(255,255,255,0.6);\" ><\/i><h3 class=\"caption \" style=\"\">Subiton NAIL DUAL H<\/h3><\/td><\/tr><\/table><table><tr><td><div class=\"desc\"><span lang=\"pt\" tabindex=\"0\">EM BREVE<\/span><\/p>\n<p>[vc_separator type=&#8217;transparent&#8217; position=&#8217;center&#8217; color=&#8221; thickness=&#8221; up=&#8217;10&#8217; down=&#8217;10&#8217;]<\/p>\n<p><a  itemprop=\"url\" href=\"#\" target=\"_self\" data-hover-border-color=\"#006fba\" class=\"qbutton  default\" style=\"color: #ffffff; border-color: #ffffff; \">VER PDF<\/a><\/div><\/td><\/tr><\/table><\/div><\/div>[\/vc_column_inner][\/vc_row_inner][vc_row_inner row_type=&#8221;row&#8221; type=&#8221;full_width&#8221; text_align=&#8221;left&#8221; css_animation=&#8221;&#8221; padding_bottom=&#8221;25&#8243;][vc_column_inner width=&#8221;1\/3&#8243;]<div class=\"q_image_with_text_over\"><div class=\"shader\" ><\/div><img decoding=\"async\" itemprop=\"image\" src=\"https:\/\/subiton.com\/wp-content\/uploads\/2018\/04\/subiton-espaciador_cadera_n-1.jpg\" alt=\"\" \/><div class=\"text\"><table><tr><td><i class=\"qode_icon_font_awesome fa fa-cloud-download icon_holder fa-3x\" style=\"color: #ffffff;border-color: rgba(255,255,255,0.6);\" ><\/i><h3 class=\"caption \" style=\"\">Sub-quadril espa\u00e7ador<\/h3><\/td><\/tr><\/table><table><tr><td><div class=\"desc\"><\/p>\n<pre id=\"tw-target-text\" class=\"tw-data-text tw-ta tw-text-medium\" dir=\"ltr\" data-placeholder=\"Traducci\u00f3n\"><span lang=\"pt\" tabindex=\"0\">EM BREVE<\/span><\/pre>\n<p>[vc_separator type=&#8217;transparent&#8217; position=&#8217;center&#8217; color=&#8221;thickness=&#8221; up=&#8217;10&#8217; down=&#8217;10&#8217;]<\/p>\n<p><a  itemprop=\"url\" href=\"#\" target=\"_self\" data-hover-border-color=\"#006fba\" class=\"qbutton  default\" style=\"color: #ffffff; border-color: #ffffff; \">VER PDF<\/a><\/div><\/td><\/tr><\/table><\/div><\/div>[\/vc_column_inner][vc_column_inner width=&#8221;1\/3&#8243;]<div class=\"q_image_with_text_over\"><div class=\"shader\" ><\/div><img decoding=\"async\" itemprop=\"image\" src=\"https:\/\/subiton.com\/wp-content\/uploads\/2018\/04\/subiton-espaciador_rodilla_n.jpg\" alt=\"\" \/><div class=\"text\"><table><tr><td><i class=\"qode_icon_font_awesome fa fa-cloud-download icon_holder fa-3x\" style=\"color: #ffffff;border-color: rgba(255,255,255,0.6);\" ><\/i><h3 class=\"caption \" style=\"\">Subiton espa\u00e7ador do joelho<\/h3><\/td><\/tr><\/table><table><tr><td><div class=\"desc\"><span lang=\"pt\" tabindex=\"0\">EM BREVE<\/span><\/p>\n<p>[vc_separator type=&#8217;transparent&#8217; position=&#8217;center&#8217; color=&#8221; thickness=&#8221; up=&#8217;10&#8217; down=&#8217;10&#8217;]<\/p>\n<p><a  itemprop=\"url\" href=\"#\" target=\"_self\" data-hover-border-color=\"#006fba\" class=\"qbutton  default\" style=\"color: #ffffff; border-color: #ffffff; \">VER PDF<\/a><\/div><\/td><\/tr><\/table><\/div><\/div>[\/vc_column_inner][vc_column_inner width=&#8221;1\/3&#8243;]<div class=\"q_image_with_text_over\"><div class=\"shader\" ><\/div><img decoding=\"async\" itemprop=\"image\" src=\"https:\/\/subiton.com\/wp-content\/uploads\/2018\/04\/subiton-espaciador_hombro_n-1.jpg\" alt=\"\" \/><div class=\"text\"><table><tr><td><i class=\"qode_icon_font_awesome fa fa-cloud-download icon_holder fa-3x\" style=\"color: #ffffff;border-color: rgba(255,255,255,0.6);\" ><\/i><h3 class=\"caption \" style=\"\">Subiton espa\u00e7ador do ombro<\/h3><\/td><\/tr><\/table><table><tr><td><div class=\"desc\"><span lang=\"pt\" tabindex=\"0\">EM BREVE<\/span><\/p>\n<p>[vc_separator type=&#8217;transparent&#8217; position=&#8217;center&#8217; color=&#8221; thickness=&#8221; up=&#8217;10&#8217; down=&#8217;10&#8217;]<\/p>\n<p><a  itemprop=\"url\" href=\"#\" target=\"_self\" data-hover-border-color=\"#006fba\" class=\"qbutton  default\" style=\"color: #ffffff; border-color: #ffffff; \">VER PDF<\/a><\/div><\/td><\/tr><\/table><\/div><\/div>[\/vc_column_inner][\/vc_row_inner][vc_row_inner row_type=&#8221;row&#8221; type=&#8221;full_width&#8221; text_align=&#8221;left&#8221; css_animation=&#8221;&#8221; padding_bottom=&#8221;25&#8243;][vc_column_inner width=&#8221;1\/3&#8243;]<div class=\"q_image_with_text_over\"><div class=\"shader\" ><\/div><img decoding=\"async\" itemprop=\"image\" src=\"https:\/\/subiton.com\/wp-content\/uploads\/2017\/12\/Set-Subiton-Cifo.jpg\" alt=\"\" \/><div class=\"text\"><table><tr><td><i class=\"qode_icon_font_awesome fa fa-cloud-download icon_holder fa-3x\" style=\"color: #ffffff;border-color: rgba(255,255,255,0.6);\" ><\/i><h3 class=\"caption \" style=\"\">Set Subiton CIFO<\/h3><\/td><\/tr><\/table><table><tr><td><div class=\"desc\"><span lang=\"pt\" tabindex=\"0\">EM BREVE<\/span><\/p>\n<p>[vc_separator type=&#8217;transparent&#8217; position=&#8217;center&#8217; color=&#8221; thickness=&#8221; up=&#8217;10&#8217; down=&#8217;10&#8217;]<\/p>\n<p><a  itemprop=\"url\" href=\"#\" target=\"_self\" data-hover-border-color=\"#006fba\" class=\"qbutton  default\" style=\"color: #ffffff; border-color: #ffffff; \">VER PDF<\/a><\/div><\/td><\/tr><\/table><\/div><\/div>[vc_separator type=&#8221;transparent&#8221; up=&#8221;10&#8243; down=&#8221;10&#8243;][\/vc_column_inner][vc_column_inner width=&#8221;1\/3&#8243;]<div class=\"q_image_with_text_over\"><div class=\"shader\" ><\/div><img decoding=\"async\" itemprop=\"image\" src=\"https:\/\/subiton.com\/wp-content\/uploads\/2018\/04\/set-subiton-vtp-integral.jpg\" alt=\"\" \/><div class=\"text\"><table><tr><td><i class=\"qode_icon_font_awesome fa fa-cloud-download icon_holder fa-3x\" style=\"color: #ffffff;border-color: rgba(255,255,255,0.6);\" ><\/i><h3 class=\"caption \" style=\"\">Set Subiton VTP Integral<\/h3><\/td><\/tr><\/table><table><tr><td><div class=\"desc\"><span lang=\"pt\" tabindex=\"0\">EM BREVE<\/span><\/p>\n<p>[vc_separator type=&#8217;transparent&#8217; position=&#8217;center&#8217; color=&#8221; thickness=&#8221; up=&#8217;10&#8217; down=&#8217;10&#8217;]<\/p>\n<p><a  itemprop=\"url\" href=\"#\" target=\"_self\" data-hover-border-color=\"#006fba\" class=\"qbutton  default\" style=\"color: #ffffff; border-color: #ffffff; \">VER PDF<\/a><\/div><\/td><\/tr><\/table><\/div><\/div>[vc_separator type=&#8221;transparent&#8221; up=&#8221;10&#8243; down=&#8221;10&#8243;][\/vc_column_inner][vc_column_inner width=&#8221;1\/3&#8243;]<div class=\"q_image_with_text_over\"><div class=\"shader\" ><\/div><img decoding=\"async\" itemprop=\"image\" src=\"https:\/\/subiton.com\/wp-content\/uploads\/2018\/04\/subiton-kit-femoral.jpg\" alt=\"\" \/><div class=\"text\"><table><tr><td><i class=\"qode_icon_font_awesome fa fa-cloud-download icon_holder fa-3x\" style=\"color: #ffffff;border-color: rgba(255,255,255,0.6);\" ><\/i><h3 class=\"caption \" style=\"\">Kit Femoral Subiton<\/h3><\/td><\/tr><\/table><table><tr><td><div class=\"desc\"><span lang=\"pt\" tabindex=\"0\">EM BREVE<\/span><\/p>\n<p>[vc_separator type=&#8217;transparent&#8217; position=&#8217;center&#8217; color=&#8221; thickness=&#8221; up=&#8217;10&#8217; down=&#8217;10&#8217;]<\/p>\n<p><a  itemprop=\"url\" href=\"#\" target=\"_self\" data-hover-border-color=\"#006fba\" class=\"qbutton  default\" style=\"color: #ffffff; border-color: #ffffff; \">VER PDF<\/a><\/div><\/td><\/tr><\/table><\/div><\/div>[vc_separator type=&#8221;transparent&#8221; up=&#8221;10&#8243; down=&#8221;10&#8243;][\/vc_column_inner][\/vc_row_inner][\/vc_column][\/vc_row]<\/p>\n<\/div>","protected":false},"excerpt":{"rendered":"<p>[vc_row css_animation=&#8221;&#8221; row_type=&#8221;row&#8221; use_row_as_full_screen_section=&#8221;no&#8221; type=&#8221;grid&#8221; angled_section=&#8221;no&#8221; text_align=&#8221;left&#8221; background_image_as_pattern=&#8221;without_pattern&#8221; background_color=&#8221;#ffffff&#8221; padding_top=&#8221;60&#8243; padding_bottom=&#8221;60&#8243; el_class=&#8221;custom_color&#8221; z_index=&#8221;&#8221;][vc_column][vc_column_text] T\u00c9CNICAS CIR\u00daRGICAS [\/vc_column_text][vc_separator type=&#8221;transparent&#8221; up=&#8221;15&#8243; down=&#8221;15&#8243;][vc_row_inner row_type=&#8221;row&#8221; type=&#8221;grid&#8221; text_align=&#8221;left&#8221; css_animation=&#8221;&#8221;][vc_column_inner width=&#8221;1\/3&#8243;][vc_column_text]Este material \u00e9 destinado a distribuidores, t\u00e9cnicos de sala de cirurgia e profissionais da sa\u00fade. Ele foi realizado para fins educacionais e n\u00e3o se destina a substituir o treinamento que os m\u00e9dicos receberam, sendo responsabilidade do profissional respons\u00e1vel pelo tratamento adaptar a t\u00e9cnica a cada situa\u00e7\u00e3o cir\u00fargica espec\u00edfica.[\/vc_column_text][vc_separator type=&#8221;transparent&#8221; up=&#8221;10&#8243; down=&#8221;10&#8243;][\/vc_column_inner][vc_column_inner width=&#8221;1\/3&#8243;][vc_column_text]A prescri\u00e7\u00e3o dos nossos produtos e o uso deles s\u00e3o de responsabilidade exclusiva do m\u00e9dico especialista, quem dever\u00e1 estar devidamente familiarizado com eles antes de utiliz\u00e1-los pela primeira vez. A disponibilidade destes produtos est\u00e1 sujeita aos regulamentos particulares de cada pa\u00eds, sugere-se consultar o representante local&#8230;<\/p>\n","protected":false},"author":1,"featured_media":0,"parent":0,"menu_order":0,"comment_status":"open","ping_status":"open","template":"full_width.php","meta":{"_monsterinsights_skip_tracking":false,"_monsterinsights_sitenote_active":false,"_monsterinsights_sitenote_note":"","_monsterinsights_sitenote_category":0,"footnotes":""},"class_list":["post-16052","page","type-page","status-publish","hentry"],"yoast_head":"<!-- This site is optimized with the Yoast SEO plugin v27.3 - https:\/\/yoast.com\/product\/yoast-seo-wordpress\/ -->\n<title>T\u00e9cnicas cir\u00fargicas - Subiton<\/title>\n<meta name=\"robots\" content=\"index, follow, max-snippet:-1, max-image-preview:large, max-video-preview:-1\" \/>\n<link rel=\"canonical\" href=\"https:\/\/subiton.com\/pt-br\/tecnicas-cirurgicas\/\" \/>\n<meta property=\"og:locale\" content=\"pt_BR\" \/>\n<meta property=\"og:type\" content=\"article\" \/>\n<meta property=\"og:title\" content=\"T\u00e9cnicas cir\u00fargicas - Subiton\" \/>\n<meta property=\"og:description\" content=\"[vc_row css_animation=&#8221;&#8221; row_type=&#8221;row&#8221; use_row_as_full_screen_section=&#8221;no&#8221; type=&#8221;grid&#8221; angled_section=&#8221;no&#8221; text_align=&#8221;left&#8221; background_image_as_pattern=&#8221;without_pattern&#8221; background_color=&#8221;#ffffff&#8221; padding_top=&#8221;60&#8243; padding_bottom=&#8221;60&#8243; el_class=&#8221;custom_color&#8221; z_index=&#8221;&#8221;][vc_column][vc_column_text] T\u00c9CNICAS CIR\u00daRGICAS [\/vc_column_text][vc_separator type=&#8221;transparent&#8221; up=&#8221;15&#8243; down=&#8221;15&#8243;][vc_row_inner row_type=&#8221;row&#8221; type=&#8221;grid&#8221; text_align=&#8221;left&#8221; css_animation=&#8221;&#8221;][vc_column_inner width=&#8221;1\/3&#8243;][vc_column_text]Este material \u00e9 destinado a distribuidores, t\u00e9cnicos de sala de cirurgia e profissionais da sa\u00fade. Ele foi realizado para fins educacionais e n\u00e3o se destina a substituir o treinamento que os m\u00e9dicos receberam, sendo responsabilidade do profissional respons\u00e1vel pelo tratamento adaptar a t\u00e9cnica a cada situa\u00e7\u00e3o cir\u00fargica espec\u00edfica.[\/vc_column_text][vc_separator type=&#8221;transparent&#8221; up=&#8221;10&#8243; down=&#8221;10&#8243;][\/vc_column_inner][vc_column_inner width=&#8221;1\/3&#8243;][vc_column_text]A prescri\u00e7\u00e3o dos nossos produtos e o uso deles s\u00e3o de responsabilidade exclusiva do m\u00e9dico especialista, quem dever\u00e1 estar devidamente familiarizado com eles antes de utiliz\u00e1-los pela primeira vez. A disponibilidade destes produtos est\u00e1 sujeita aos regulamentos particulares de cada pa\u00eds, sugere-se consultar o representante local...\" \/>\n<meta property=\"og:url\" content=\"https:\/\/subiton.com\/pt-br\/tecnicas-cirurgicas\/\" \/>\n<meta property=\"og:site_name\" content=\"Subiton\" \/>\n<meta property=\"article:modified_time\" content=\"2025-08-04T13:01:33+00:00\" \/>\n<meta name=\"twitter:card\" content=\"summary_large_image\" \/>\n<meta name=\"twitter:label1\" content=\"Est. tempo de leitura\" \/>\n\t<meta name=\"twitter:data1\" content=\"5 minutos\" \/>\n<script type=\"application\/ld+json\" class=\"yoast-schema-graph\">{\"@context\":\"https:\\\/\\\/schema.org\",\"@graph\":[{\"@type\":\"WebPage\",\"@id\":\"https:\\\/\\\/subiton.com\\\/pt-br\\\/tecnicas-cirurgicas\\\/\",\"url\":\"https:\\\/\\\/subiton.com\\\/pt-br\\\/tecnicas-cirurgicas\\\/\",\"name\":\"T\u00e9cnicas cir\u00fargicas - Subiton\",\"isPartOf\":{\"@id\":\"https:\\\/\\\/subiton.com\\\/pt-br\\\/#website\"},\"datePublished\":\"2018-01-31T14:09:53+00:00\",\"dateModified\":\"2025-08-04T13:01:33+00:00\",\"breadcrumb\":{\"@id\":\"https:\\\/\\\/subiton.com\\\/pt-br\\\/tecnicas-cirurgicas\\\/#breadcrumb\"},\"inLanguage\":\"pt-BR\",\"potentialAction\":[{\"@type\":\"ReadAction\",\"target\":[\"https:\\\/\\\/subiton.com\\\/pt-br\\\/tecnicas-cirurgicas\\\/\"]}]},{\"@type\":\"BreadcrumbList\",\"@id\":\"https:\\\/\\\/subiton.com\\\/pt-br\\\/tecnicas-cirurgicas\\\/#breadcrumb\",\"itemListElement\":[{\"@type\":\"ListItem\",\"position\":1,\"name\":\"Portada\",\"item\":\"https:\\\/\\\/subiton.com\\\/pt-br\\\/\"},{\"@type\":\"ListItem\",\"position\":2,\"name\":\"T\u00e9cnicas cir\u00fargicas\"}]},{\"@type\":\"WebSite\",\"@id\":\"https:\\\/\\\/subiton.com\\\/pt-br\\\/#website\",\"url\":\"https:\\\/\\\/subiton.com\\\/pt-br\\\/\",\"name\":\"Subiton\",\"description\":\"Laboratorios SL S.A.\",\"publisher\":{\"@id\":\"https:\\\/\\\/subiton.com\\\/pt-br\\\/#organization\"},\"potentialAction\":[{\"@type\":\"SearchAction\",\"target\":{\"@type\":\"EntryPoint\",\"urlTemplate\":\"https:\\\/\\\/subiton.com\\\/pt-br\\\/?s={search_term_string}\"},\"query-input\":{\"@type\":\"PropertyValueSpecification\",\"valueRequired\":true,\"valueName\":\"search_term_string\"}}],\"inLanguage\":\"pt-BR\"},{\"@type\":\"Organization\",\"@id\":\"https:\\\/\\\/subiton.com\\\/pt-br\\\/#organization\",\"name\":\"Subiton\",\"url\":\"https:\\\/\\\/subiton.com\\\/pt-br\\\/\",\"logo\":{\"@type\":\"ImageObject\",\"inLanguage\":\"pt-BR\",\"@id\":\"https:\\\/\\\/subiton.com\\\/pt-br\\\/#\\\/schema\\\/logo\\\/image\\\/\",\"url\":\"https:\\\/\\\/subiton.com\\\/wp-content\\\/uploads\\\/2017\\\/11\\\/logo_subiton_azul-1.png\",\"contentUrl\":\"https:\\\/\\\/subiton.com\\\/wp-content\\\/uploads\\\/2017\\\/11\\\/logo_subiton_azul-1.png\",\"width\":180,\"height\":43,\"caption\":\"Subiton\"},\"image\":{\"@id\":\"https:\\\/\\\/subiton.com\\\/pt-br\\\/#\\\/schema\\\/logo\\\/image\\\/\"},\"sameAs\":[\"https:\\\/\\\/www.linkedin.com\\\/company\\\/subiton-laboratorios-sl-sa\\\/\",\"https:\\\/\\\/www.youtube.com\\\/channel\\\/UC8B4_Z3h0_Q1agT-sABTYQw?view_as=subscriber\"]}]}<\/script>\n<!-- \/ Yoast SEO plugin. -->","yoast_head_json":{"title":"T\u00e9cnicas cir\u00fargicas - Subiton","robots":{"index":"index","follow":"follow","max-snippet":"max-snippet:-1","max-image-preview":"max-image-preview:large","max-video-preview":"max-video-preview:-1"},"canonical":"https:\/\/subiton.com\/pt-br\/tecnicas-cirurgicas\/","og_locale":"pt_BR","og_type":"article","og_title":"T\u00e9cnicas cir\u00fargicas - Subiton","og_description":"[vc_row css_animation=&#8221;&#8221; row_type=&#8221;row&#8221; use_row_as_full_screen_section=&#8221;no&#8221; type=&#8221;grid&#8221; angled_section=&#8221;no&#8221; text_align=&#8221;left&#8221; background_image_as_pattern=&#8221;without_pattern&#8221; background_color=&#8221;#ffffff&#8221; padding_top=&#8221;60&#8243; padding_bottom=&#8221;60&#8243; el_class=&#8221;custom_color&#8221; z_index=&#8221;&#8221;][vc_column][vc_column_text] T\u00c9CNICAS CIR\u00daRGICAS [\/vc_column_text][vc_separator type=&#8221;transparent&#8221; up=&#8221;15&#8243; down=&#8221;15&#8243;][vc_row_inner row_type=&#8221;row&#8221; type=&#8221;grid&#8221; text_align=&#8221;left&#8221; css_animation=&#8221;&#8221;][vc_column_inner width=&#8221;1\/3&#8243;][vc_column_text]Este material \u00e9 destinado a distribuidores, t\u00e9cnicos de sala de cirurgia e profissionais da sa\u00fade. Ele foi realizado para fins educacionais e n\u00e3o se destina a substituir o treinamento que os m\u00e9dicos receberam, sendo responsabilidade do profissional respons\u00e1vel pelo tratamento adaptar a t\u00e9cnica a cada situa\u00e7\u00e3o cir\u00fargica espec\u00edfica.[\/vc_column_text][vc_separator type=&#8221;transparent&#8221; up=&#8221;10&#8243; down=&#8221;10&#8243;][\/vc_column_inner][vc_column_inner width=&#8221;1\/3&#8243;][vc_column_text]A prescri\u00e7\u00e3o dos nossos produtos e o uso deles s\u00e3o de responsabilidade exclusiva do m\u00e9dico especialista, quem dever\u00e1 estar devidamente familiarizado com eles antes de utiliz\u00e1-los pela primeira vez. A disponibilidade destes produtos est\u00e1 sujeita aos regulamentos particulares de cada pa\u00eds, sugere-se consultar o representante local...","og_url":"https:\/\/subiton.com\/pt-br\/tecnicas-cirurgicas\/","og_site_name":"Subiton","article_modified_time":"2025-08-04T13:01:33+00:00","twitter_card":"summary_large_image","twitter_misc":{"Est. tempo de leitura":"5 minutos"},"schema":{"@context":"https:\/\/schema.org","@graph":[{"@type":"WebPage","@id":"https:\/\/subiton.com\/pt-br\/tecnicas-cirurgicas\/","url":"https:\/\/subiton.com\/pt-br\/tecnicas-cirurgicas\/","name":"T\u00e9cnicas cir\u00fargicas - Subiton","isPartOf":{"@id":"https:\/\/subiton.com\/pt-br\/#website"},"datePublished":"2018-01-31T14:09:53+00:00","dateModified":"2025-08-04T13:01:33+00:00","breadcrumb":{"@id":"https:\/\/subiton.com\/pt-br\/tecnicas-cirurgicas\/#breadcrumb"},"inLanguage":"pt-BR","potentialAction":[{"@type":"ReadAction","target":["https:\/\/subiton.com\/pt-br\/tecnicas-cirurgicas\/"]}]},{"@type":"BreadcrumbList","@id":"https:\/\/subiton.com\/pt-br\/tecnicas-cirurgicas\/#breadcrumb","itemListElement":[{"@type":"ListItem","position":1,"name":"Portada","item":"https:\/\/subiton.com\/pt-br\/"},{"@type":"ListItem","position":2,"name":"T\u00e9cnicas cir\u00fargicas"}]},{"@type":"WebSite","@id":"https:\/\/subiton.com\/pt-br\/#website","url":"https:\/\/subiton.com\/pt-br\/","name":"Subiton","description":"Laboratorios SL S.A.","publisher":{"@id":"https:\/\/subiton.com\/pt-br\/#organization"},"potentialAction":[{"@type":"SearchAction","target":{"@type":"EntryPoint","urlTemplate":"https:\/\/subiton.com\/pt-br\/?s={search_term_string}"},"query-input":{"@type":"PropertyValueSpecification","valueRequired":true,"valueName":"search_term_string"}}],"inLanguage":"pt-BR"},{"@type":"Organization","@id":"https:\/\/subiton.com\/pt-br\/#organization","name":"Subiton","url":"https:\/\/subiton.com\/pt-br\/","logo":{"@type":"ImageObject","inLanguage":"pt-BR","@id":"https:\/\/subiton.com\/pt-br\/#\/schema\/logo\/image\/","url":"https:\/\/subiton.com\/wp-content\/uploads\/2017\/11\/logo_subiton_azul-1.png","contentUrl":"https:\/\/subiton.com\/wp-content\/uploads\/2017\/11\/logo_subiton_azul-1.png","width":180,"height":43,"caption":"Subiton"},"image":{"@id":"https:\/\/subiton.com\/pt-br\/#\/schema\/logo\/image\/"},"sameAs":["https:\/\/www.linkedin.com\/company\/subiton-laboratorios-sl-sa\/","https:\/\/www.youtube.com\/channel\/UC8B4_Z3h0_Q1agT-sABTYQw?view_as=subscriber"]}]}},"_links":{"self":[{"href":"https:\/\/subiton.com\/pt-br\/wp-json\/wp\/v2\/pages\/16052","targetHints":{"allow":["GET"]}}],"collection":[{"href":"https:\/\/subiton.com\/pt-br\/wp-json\/wp\/v2\/pages"}],"about":[{"href":"https:\/\/subiton.com\/pt-br\/wp-json\/wp\/v2\/types\/page"}],"author":[{"embeddable":true,"href":"https:\/\/subiton.com\/pt-br\/wp-json\/wp\/v2\/users\/1"}],"replies":[{"embeddable":true,"href":"https:\/\/subiton.com\/pt-br\/wp-json\/wp\/v2\/comments?post=16052"}],"version-history":[{"count":3,"href":"https:\/\/subiton.com\/pt-br\/wp-json\/wp\/v2\/pages\/16052\/revisions"}],"predecessor-version":[{"id":20939,"href":"https:\/\/subiton.com\/pt-br\/wp-json\/wp\/v2\/pages\/16052\/revisions\/20939"}],"wp:attachment":[{"href":"https:\/\/subiton.com\/pt-br\/wp-json\/wp\/v2\/media?parent=16052"}],"curies":[{"name":"wp","href":"https:\/\/api.w.org\/{rel}","templated":true}]}}