{"id":16048,"date":"2018-01-31T14:06:13","date_gmt":"2018-01-31T14:06:13","guid":{"rendered":"https:\/\/wp000740.ferozo.com\/?page_id=16048"},"modified":"2024-05-31T18:31:53","modified_gmt":"2024-05-31T18:31:53","slug":"brochuras","status":"publish","type":"page","link":"https:\/\/subiton.com\/pt-br\/brochuras\/","title":{"rendered":"Brochuras"},"content":{"rendered":"<div class=\"wpb-content-wrapper\"><p>[vc_row css_animation=&#8221;&#8221; row_type=&#8221;row&#8221; use_row_as_full_screen_section=&#8221;no&#8221; type=&#8221;grid&#8221; angled_section=&#8221;no&#8221; text_align=&#8221;left&#8221; background_image_as_pattern=&#8221;without_pattern&#8221; background_color=&#8221;#ffffff&#8221; padding_top=&#8221;60&#8243; padding_bottom=&#8221;25&#8243; z_index=&#8221;&#8221;][vc_column][vc_column_text]<\/p>\n<h3>BROCHURES<\/h3>\n<p>&nbsp;<\/p>\n<p><span style=\"color: #999999;\">LABORATORIOS SL S. A. COMO PROPIET\u00c1RIO DE MARCAS REGISTRADAS E DIREITOS DE PROPIEDADE INTELECTUAL PROIBE A C\u00d3PIA (PARCIAL OU TOTAL) OU EDI\u00c7\u00c3O DESTE MATERIAL, SEM SEU CONSENTIMENTO.<\/span>[\/vc_column_text][vc_separator type=&#8221;transparent&#8221; up=&#8221;15&#8243; down=&#8221;15&#8243;][\/vc_column][\/vc_row][vc_row css_animation=&#8221;&#8221; row_type=&#8221;row&#8221; use_row_as_full_screen_section=&#8221;no&#8221; type=&#8221;grid&#8221; angled_section=&#8221;no&#8221; text_align=&#8221;left&#8221; background_image_as_pattern=&#8221;without_pattern&#8221; background_color=&#8221;#ffffff&#8221; padding_bottom=&#8221;25&#8243;][vc_column width=&#8221;1\/3&#8243;]<div class=\"q_image_with_text_over\"><div class=\"shader\" ><\/div><img decoding=\"async\" itemprop=\"image\" src=\"https:\/\/subiton.com\/wp-content\/uploads\/2018\/05\/subiton-catalogo-quir.jpg\" alt=\"\" \/><div class=\"text\"><table><tr><td><i class=\"qode_icon_font_awesome fa fa-cloud-download icon_holder fa-3x\" style=\"\" ><\/i><h3 class=\"caption \" style=\"\">CAT\u00c1LOGO CIR\u00daRGICO<\/h3><\/td><\/tr><\/table><table><tr><td><div class=\"desc\">Fa\u00e7a o download aqui nosso cat\u00e1logo completo de produtos.<\/p>\n<p><a  itemprop=\"url\" href=\"https:\/\/subiton.com\/wp-content\/uploads\/2018\/05\/Subiton-Catalogo-Quirurgico-17.pdf\" target=\"_blank\" data-hover-border-color=\"#262626\" class=\"qbutton  default\" style=\"color: #ffffff; border-color: #ffffff; \"> baixar pdf<\/a><\/div><\/td><\/tr><\/table><\/div><\/div>[\/vc_column][vc_column width=&#8221;1\/3&#8243;]<div class=\"q_image_with_text_over\"><div class=\"shader\" ><\/div><img decoding=\"async\" itemprop=\"image\" src=\"https:\/\/subiton.com\/wp-content\/uploads\/2024\/05\/subiton-catalogo-dent-2.jpg\" alt=\"\" \/><div class=\"text\"><table><tr><td><i class=\"qode_icon_font_awesome fa fa-cloud-download icon_holder fa-3x\" style=\"\" ><\/i><h3 class=\"caption \" style=\"\">CAT\u00c1LOGO DENTAL<\/h3><\/td><\/tr><\/table><table><tr><td><div class=\"desc\">Fa\u00e7a o download aqui nosso cat\u00e1logo completo de produtos.<\/p>\n<p><a  itemprop=\"url\" href=\"https:\/\/subiton.com\/wp-content\/uploads\/2024\/05\/Subiton_Catalogo-Dental_18.pdf\" target=\"_self\" data-hover-border-color=\"#262626\" class=\"qbutton  default\" style=\"color: #ffffff; border-color: #ffffff; \"> baixar pdf<\/a><\/div><\/td><\/tr><\/table><\/div><\/div>[\/vc_column][vc_column width=&#8221;1\/3&#8243;]<div class=\"q_image_with_text_over\"><div class=\"shader\" ><\/div><img decoding=\"async\" itemprop=\"image\" src=\"https:\/\/subiton.com\/wp-content\/uploads\/2018\/05\/subiton-catalogo-relleno.jpg\" alt=\"\" \/><div class=\"text\"><table><tr><td><i class=\"qode_icon_font_awesome fa fa-cloud-download icon_holder fa-3x\" style=\"\" ><\/i><h3 class=\"caption \" style=\"\">Subiton enchido osso<\/h3><\/td><\/tr><\/table><table><tr><td><div class=\"desc\">Os enchimentos \u00f3sseos fabricados pela Laboratorios SL s\u00e3o apresentados na forma de p\u00f3 ou gr\u00e2nulos est\u00e9reis, tendo sido projetados para servir como andaimes osteocondutores durante o processo de reparo de defeitos \u00f3sseos.<\/p>\n<p>[vc_separator type=&#8217;transparent&#8217; position=&#8217;center&#8217; color=&#8221;thickness=&#8221; up=&#8217;10&#8217; down=&#8217;10&#8217;]<\/p>\n<p><a  itemprop=\"url\" href=\"https:\/\/subiton.com\/wp-content\/uploads\/2018\/05\/subiton_relleno-oseo_es-en-por_5.pdf\" target=\"_blank\" data-hover-border-color=\"#262626\" class=\"qbutton  default\" style=\"color: #ffffff; border-color: #ffffff; \"> baixar pdf<\/a><\/div><\/td><\/tr><\/table><\/div><\/div>[\/vc_column][\/vc_row][vc_row css_animation=&#8221;&#8221; row_type=&#8221;row&#8221; use_row_as_full_screen_section=&#8221;no&#8221; type=&#8221;grid&#8221; angled_section=&#8221;no&#8221; text_align=&#8221;left&#8221; background_image_as_pattern=&#8221;without_pattern&#8221; background_color=&#8221;#ffffff&#8221; padding_bottom=&#8221;25&#8243;][vc_column width=&#8221;1\/3&#8243;]<div class=\"q_image_with_text_over\"><div class=\"shader\" ><\/div><img decoding=\"async\" itemprop=\"image\" src=\"https:\/\/subiton.com\/wp-content\/uploads\/2021\/09\/subiton-catalogo-acetabular.jpg\" alt=\"\" \/><div class=\"text\"><table><tr><td><i class=\"qode_icon_font_awesome fa fa-cloud-download icon_holder fa-3x\" style=\"\" ><\/i><h3 class=\"caption \" style=\"\">Subiton espa\u00e7ador acetabular do quadril<\/h3><\/td><\/tr><\/table><table><tr><td><div class=\"desc\">O Espa\u00e7ador de quadril com componente acetabular complementa a gama de produtos de espa\u00e7adores Subiton&#8230;<\/p>\n<p>[vc_separator type=&#8217;transparent&#8217; position=&#8217;center&#8217; color=&#8221;thickness=&#8221; up=&#8217;10&#8217; down=&#8217;10&#8217;]<\/p>\n<p><a  itemprop=\"url\" href=\"https:\/\/subiton.com\/wp-content\/uploads\/2021\/09\/Subiton-Acetabular.pdf\" target=\"_blank\" data-hover-border-color=\"#262626\" class=\"qbutton  default\" style=\"color: #ffffff; border-color: #ffffff; \">descargar pdf<\/a><\/div><\/td><\/tr><\/table><\/div><\/div>[\/vc_column][\/vc_row][vc_row css_animation=&#8221;&#8221; row_type=&#8221;row&#8221; use_row_as_full_screen_section=&#8221;no&#8221; type=&#8221;full_width&#8221; angled_section=&#8221;no&#8221; text_align=&#8221;left&#8221; background_image_as_pattern=&#8221;without_pattern&#8221; background_color=&#8221;#ffffff&#8221;][vc_column][vc_separator type=&#8221;transparent&#8221; down=&#8221;80&#8243;][\/vc_column][\/vc_row]<\/p>\n<\/div>","protected":false},"excerpt":{"rendered":"<p>[vc_row css_animation=&#8221;&#8221; row_type=&#8221;row&#8221; use_row_as_full_screen_section=&#8221;no&#8221; type=&#8221;grid&#8221; angled_section=&#8221;no&#8221; text_align=&#8221;left&#8221; background_image_as_pattern=&#8221;without_pattern&#8221; background_color=&#8221;#ffffff&#8221; padding_top=&#8221;60&#8243; padding_bottom=&#8221;25&#8243; z_index=&#8221;&#8221;][vc_column][vc_column_text] BROCHURES &nbsp; LABORATORIOS SL S. A. COMO PROPIET\u00c1RIO DE MARCAS REGISTRADAS E DIREITOS DE PROPIEDADE INTELECTUAL PROIBE A C\u00d3PIA (PARCIAL OU TOTAL) OU EDI\u00c7\u00c3O DESTE MATERIAL, SEM SEU CONSENTIMENTO.[\/vc_column_text][vc_separator type=&#8221;transparent&#8221; up=&#8221;15&#8243; down=&#8221;15&#8243;][\/vc_column][\/vc_row][vc_row css_animation=&#8221;&#8221; row_type=&#8221;row&#8221; use_row_as_full_screen_section=&#8221;no&#8221; type=&#8221;grid&#8221; angled_section=&#8221;no&#8221; text_align=&#8221;left&#8221; background_image_as_pattern=&#8221;without_pattern&#8221; background_color=&#8221;#ffffff&#8221; padding_bottom=&#8221;25&#8243;][vc_column width=&#8221;1\/3&#8243;][\/vc_column][vc_column width=&#8221;1\/3&#8243;][\/vc_column][vc_column width=&#8221;1\/3&#8243;][\/vc_column][\/vc_row][vc_row css_animation=&#8221;&#8221; row_type=&#8221;row&#8221; use_row_as_full_screen_section=&#8221;no&#8221; type=&#8221;grid&#8221; angled_section=&#8221;no&#8221; text_align=&#8221;left&#8221; background_image_as_pattern=&#8221;without_pattern&#8221; background_color=&#8221;#ffffff&#8221; padding_bottom=&#8221;25&#8243;][vc_column width=&#8221;1\/3&#8243;][\/vc_column][\/vc_row][vc_row css_animation=&#8221;&#8221; row_type=&#8221;row&#8221; use_row_as_full_screen_section=&#8221;no&#8221; type=&#8221;full_width&#8221; angled_section=&#8221;no&#8221; text_align=&#8221;left&#8221; background_image_as_pattern=&#8221;without_pattern&#8221; background_color=&#8221;#ffffff&#8221;][vc_column][vc_separator type=&#8221;transparent&#8221; down=&#8221;80&#8243;][\/vc_column][\/vc_row]<\/p>\n","protected":false},"author":1,"featured_media":0,"parent":0,"menu_order":0,"comment_status":"open","ping_status":"open","template":"full_width.php","meta":{"_monsterinsights_skip_tracking":false,"_monsterinsights_sitenote_active":false,"_monsterinsights_sitenote_note":"","_monsterinsights_sitenote_category":0,"footnotes":""},"class_list":["post-16048","page","type-page","status-publish","hentry"],"yoast_head":"<!-- This site is optimized with the Yoast SEO plugin v27.3 - https:\/\/yoast.com\/product\/yoast-seo-wordpress\/ -->\n<title>Brochuras - Subiton<\/title>\n<meta name=\"robots\" content=\"index, follow, max-snippet:-1, max-image-preview:large, max-video-preview:-1\" \/>\n<link rel=\"canonical\" href=\"https:\/\/subiton.com\/pt-br\/brochuras\/\" \/>\n<meta property=\"og:locale\" content=\"pt_BR\" \/>\n<meta property=\"og:type\" content=\"article\" \/>\n<meta property=\"og:title\" content=\"Brochuras - Subiton\" \/>\n<meta property=\"og:description\" content=\"[vc_row css_animation=&#8221;&#8221; row_type=&#8221;row&#8221; use_row_as_full_screen_section=&#8221;no&#8221; type=&#8221;grid&#8221; angled_section=&#8221;no&#8221; text_align=&#8221;left&#8221; background_image_as_pattern=&#8221;without_pattern&#8221; background_color=&#8221;#ffffff&#8221; padding_top=&#8221;60&#8243; padding_bottom=&#8221;25&#8243; z_index=&#8221;&#8221;][vc_column][vc_column_text] BROCHURES &nbsp; LABORATORIOS SL S. A. COMO PROPIET\u00c1RIO DE MARCAS REGISTRADAS E DIREITOS DE PROPIEDADE INTELECTUAL PROIBE A C\u00d3PIA (PARCIAL OU TOTAL) OU EDI\u00c7\u00c3O DESTE MATERIAL, SEM SEU CONSENTIMENTO.[\/vc_column_text][vc_separator type=&#8221;transparent&#8221; up=&#8221;15&#8243; down=&#8221;15&#8243;][\/vc_column][\/vc_row][vc_row css_animation=&#8221;&#8221; row_type=&#8221;row&#8221; use_row_as_full_screen_section=&#8221;no&#8221; type=&#8221;grid&#8221; angled_section=&#8221;no&#8221; text_align=&#8221;left&#8221; background_image_as_pattern=&#8221;without_pattern&#8221; background_color=&#8221;#ffffff&#8221; padding_bottom=&#8221;25&#8243;][vc_column width=&#8221;1\/3&#8243;][\/vc_column][vc_column width=&#8221;1\/3&#8243;][\/vc_column][vc_column width=&#8221;1\/3&#8243;][\/vc_column][\/vc_row][vc_row css_animation=&#8221;&#8221; row_type=&#8221;row&#8221; use_row_as_full_screen_section=&#8221;no&#8221; type=&#8221;grid&#8221; angled_section=&#8221;no&#8221; text_align=&#8221;left&#8221; background_image_as_pattern=&#8221;without_pattern&#8221; background_color=&#8221;#ffffff&#8221; padding_bottom=&#8221;25&#8243;][vc_column width=&#8221;1\/3&#8243;][\/vc_column][\/vc_row][vc_row css_animation=&#8221;&#8221; row_type=&#8221;row&#8221; use_row_as_full_screen_section=&#8221;no&#8221; type=&#8221;full_width&#8221; angled_section=&#8221;no&#8221; text_align=&#8221;left&#8221; background_image_as_pattern=&#8221;without_pattern&#8221; background_color=&#8221;#ffffff&#8221;][vc_column][vc_separator type=&#8221;transparent&#8221; down=&#8221;80&#8243;][\/vc_column][\/vc_row]\" \/>\n<meta property=\"og:url\" content=\"https:\/\/subiton.com\/pt-br\/brochuras\/\" \/>\n<meta property=\"og:site_name\" content=\"Subiton\" \/>\n<meta property=\"article:modified_time\" content=\"2024-05-31T18:31:53+00:00\" \/>\n<meta name=\"twitter:card\" content=\"summary_large_image\" \/>\n<meta name=\"twitter:label1\" content=\"Est. tempo de leitura\" \/>\n\t<meta name=\"twitter:data1\" content=\"2 minutos\" \/>\n<script type=\"application\/ld+json\" class=\"yoast-schema-graph\">{\"@context\":\"https:\\\/\\\/schema.org\",\"@graph\":[{\"@type\":\"WebPage\",\"@id\":\"https:\\\/\\\/subiton.com\\\/pt-br\\\/brochuras\\\/\",\"url\":\"https:\\\/\\\/subiton.com\\\/pt-br\\\/brochuras\\\/\",\"name\":\"Brochuras - Subiton\",\"isPartOf\":{\"@id\":\"https:\\\/\\\/subiton.com\\\/pt-br\\\/#website\"},\"datePublished\":\"2018-01-31T14:06:13+00:00\",\"dateModified\":\"2024-05-31T18:31:53+00:00\",\"breadcrumb\":{\"@id\":\"https:\\\/\\\/subiton.com\\\/pt-br\\\/brochuras\\\/#breadcrumb\"},\"inLanguage\":\"pt-BR\",\"potentialAction\":[{\"@type\":\"ReadAction\",\"target\":[\"https:\\\/\\\/subiton.com\\\/pt-br\\\/brochuras\\\/\"]}]},{\"@type\":\"BreadcrumbList\",\"@id\":\"https:\\\/\\\/subiton.com\\\/pt-br\\\/brochuras\\\/#breadcrumb\",\"itemListElement\":[{\"@type\":\"ListItem\",\"position\":1,\"name\":\"Portada\",\"item\":\"https:\\\/\\\/subiton.com\\\/pt-br\\\/\"},{\"@type\":\"ListItem\",\"position\":2,\"name\":\"Brochuras\"}]},{\"@type\":\"WebSite\",\"@id\":\"https:\\\/\\\/subiton.com\\\/pt-br\\\/#website\",\"url\":\"https:\\\/\\\/subiton.com\\\/pt-br\\\/\",\"name\":\"Subiton\",\"description\":\"Laboratorios SL S.A.\",\"publisher\":{\"@id\":\"https:\\\/\\\/subiton.com\\\/pt-br\\\/#organization\"},\"potentialAction\":[{\"@type\":\"SearchAction\",\"target\":{\"@type\":\"EntryPoint\",\"urlTemplate\":\"https:\\\/\\\/subiton.com\\\/pt-br\\\/?s={search_term_string}\"},\"query-input\":{\"@type\":\"PropertyValueSpecification\",\"valueRequired\":true,\"valueName\":\"search_term_string\"}}],\"inLanguage\":\"pt-BR\"},{\"@type\":\"Organization\",\"@id\":\"https:\\\/\\\/subiton.com\\\/pt-br\\\/#organization\",\"name\":\"Subiton\",\"url\":\"https:\\\/\\\/subiton.com\\\/pt-br\\\/\",\"logo\":{\"@type\":\"ImageObject\",\"inLanguage\":\"pt-BR\",\"@id\":\"https:\\\/\\\/subiton.com\\\/pt-br\\\/#\\\/schema\\\/logo\\\/image\\\/\",\"url\":\"https:\\\/\\\/subiton.com\\\/wp-content\\\/uploads\\\/2017\\\/11\\\/logo_subiton_azul-1.png\",\"contentUrl\":\"https:\\\/\\\/subiton.com\\\/wp-content\\\/uploads\\\/2017\\\/11\\\/logo_subiton_azul-1.png\",\"width\":180,\"height\":43,\"caption\":\"Subiton\"},\"image\":{\"@id\":\"https:\\\/\\\/subiton.com\\\/pt-br\\\/#\\\/schema\\\/logo\\\/image\\\/\"},\"sameAs\":[\"https:\\\/\\\/www.linkedin.com\\\/company\\\/subiton-laboratorios-sl-sa\\\/\",\"https:\\\/\\\/www.youtube.com\\\/channel\\\/UC8B4_Z3h0_Q1agT-sABTYQw?view_as=subscriber\"]}]}<\/script>\n<!-- \/ Yoast SEO plugin. -->","yoast_head_json":{"title":"Brochuras - Subiton","robots":{"index":"index","follow":"follow","max-snippet":"max-snippet:-1","max-image-preview":"max-image-preview:large","max-video-preview":"max-video-preview:-1"},"canonical":"https:\/\/subiton.com\/pt-br\/brochuras\/","og_locale":"pt_BR","og_type":"article","og_title":"Brochuras - Subiton","og_description":"[vc_row css_animation=&#8221;&#8221; row_type=&#8221;row&#8221; use_row_as_full_screen_section=&#8221;no&#8221; type=&#8221;grid&#8221; angled_section=&#8221;no&#8221; text_align=&#8221;left&#8221; background_image_as_pattern=&#8221;without_pattern&#8221; background_color=&#8221;#ffffff&#8221; padding_top=&#8221;60&#8243; padding_bottom=&#8221;25&#8243; z_index=&#8221;&#8221;][vc_column][vc_column_text] BROCHURES &nbsp; LABORATORIOS SL S. A. COMO PROPIET\u00c1RIO DE MARCAS REGISTRADAS E DIREITOS DE PROPIEDADE INTELECTUAL PROIBE A C\u00d3PIA (PARCIAL OU TOTAL) OU EDI\u00c7\u00c3O DESTE MATERIAL, SEM SEU CONSENTIMENTO.[\/vc_column_text][vc_separator type=&#8221;transparent&#8221; up=&#8221;15&#8243; down=&#8221;15&#8243;][\/vc_column][\/vc_row][vc_row css_animation=&#8221;&#8221; row_type=&#8221;row&#8221; use_row_as_full_screen_section=&#8221;no&#8221; type=&#8221;grid&#8221; angled_section=&#8221;no&#8221; text_align=&#8221;left&#8221; background_image_as_pattern=&#8221;without_pattern&#8221; background_color=&#8221;#ffffff&#8221; padding_bottom=&#8221;25&#8243;][vc_column width=&#8221;1\/3&#8243;][\/vc_column][vc_column width=&#8221;1\/3&#8243;][\/vc_column][vc_column width=&#8221;1\/3&#8243;][\/vc_column][\/vc_row][vc_row css_animation=&#8221;&#8221; row_type=&#8221;row&#8221; use_row_as_full_screen_section=&#8221;no&#8221; type=&#8221;grid&#8221; angled_section=&#8221;no&#8221; text_align=&#8221;left&#8221; background_image_as_pattern=&#8221;without_pattern&#8221; background_color=&#8221;#ffffff&#8221; padding_bottom=&#8221;25&#8243;][vc_column width=&#8221;1\/3&#8243;][\/vc_column][\/vc_row][vc_row css_animation=&#8221;&#8221; row_type=&#8221;row&#8221; use_row_as_full_screen_section=&#8221;no&#8221; type=&#8221;full_width&#8221; angled_section=&#8221;no&#8221; text_align=&#8221;left&#8221; background_image_as_pattern=&#8221;without_pattern&#8221; background_color=&#8221;#ffffff&#8221;][vc_column][vc_separator type=&#8221;transparent&#8221; down=&#8221;80&#8243;][\/vc_column][\/vc_row]","og_url":"https:\/\/subiton.com\/pt-br\/brochuras\/","og_site_name":"Subiton","article_modified_time":"2024-05-31T18:31:53+00:00","twitter_card":"summary_large_image","twitter_misc":{"Est. tempo de leitura":"2 minutos"},"schema":{"@context":"https:\/\/schema.org","@graph":[{"@type":"WebPage","@id":"https:\/\/subiton.com\/pt-br\/brochuras\/","url":"https:\/\/subiton.com\/pt-br\/brochuras\/","name":"Brochuras - Subiton","isPartOf":{"@id":"https:\/\/subiton.com\/pt-br\/#website"},"datePublished":"2018-01-31T14:06:13+00:00","dateModified":"2024-05-31T18:31:53+00:00","breadcrumb":{"@id":"https:\/\/subiton.com\/pt-br\/brochuras\/#breadcrumb"},"inLanguage":"pt-BR","potentialAction":[{"@type":"ReadAction","target":["https:\/\/subiton.com\/pt-br\/brochuras\/"]}]},{"@type":"BreadcrumbList","@id":"https:\/\/subiton.com\/pt-br\/brochuras\/#breadcrumb","itemListElement":[{"@type":"ListItem","position":1,"name":"Portada","item":"https:\/\/subiton.com\/pt-br\/"},{"@type":"ListItem","position":2,"name":"Brochuras"}]},{"@type":"WebSite","@id":"https:\/\/subiton.com\/pt-br\/#website","url":"https:\/\/subiton.com\/pt-br\/","name":"Subiton","description":"Laboratorios SL S.A.","publisher":{"@id":"https:\/\/subiton.com\/pt-br\/#organization"},"potentialAction":[{"@type":"SearchAction","target":{"@type":"EntryPoint","urlTemplate":"https:\/\/subiton.com\/pt-br\/?s={search_term_string}"},"query-input":{"@type":"PropertyValueSpecification","valueRequired":true,"valueName":"search_term_string"}}],"inLanguage":"pt-BR"},{"@type":"Organization","@id":"https:\/\/subiton.com\/pt-br\/#organization","name":"Subiton","url":"https:\/\/subiton.com\/pt-br\/","logo":{"@type":"ImageObject","inLanguage":"pt-BR","@id":"https:\/\/subiton.com\/pt-br\/#\/schema\/logo\/image\/","url":"https:\/\/subiton.com\/wp-content\/uploads\/2017\/11\/logo_subiton_azul-1.png","contentUrl":"https:\/\/subiton.com\/wp-content\/uploads\/2017\/11\/logo_subiton_azul-1.png","width":180,"height":43,"caption":"Subiton"},"image":{"@id":"https:\/\/subiton.com\/pt-br\/#\/schema\/logo\/image\/"},"sameAs":["https:\/\/www.linkedin.com\/company\/subiton-laboratorios-sl-sa\/","https:\/\/www.youtube.com\/channel\/UC8B4_Z3h0_Q1agT-sABTYQw?view_as=subscriber"]}]}},"_links":{"self":[{"href":"https:\/\/subiton.com\/pt-br\/wp-json\/wp\/v2\/pages\/16048","targetHints":{"allow":["GET"]}}],"collection":[{"href":"https:\/\/subiton.com\/pt-br\/wp-json\/wp\/v2\/pages"}],"about":[{"href":"https:\/\/subiton.com\/pt-br\/wp-json\/wp\/v2\/types\/page"}],"author":[{"embeddable":true,"href":"https:\/\/subiton.com\/pt-br\/wp-json\/wp\/v2\/users\/1"}],"replies":[{"embeddable":true,"href":"https:\/\/subiton.com\/pt-br\/wp-json\/wp\/v2\/comments?post=16048"}],"version-history":[{"count":11,"href":"https:\/\/subiton.com\/pt-br\/wp-json\/wp\/v2\/pages\/16048\/revisions"}],"predecessor-version":[{"id":20646,"href":"https:\/\/subiton.com\/pt-br\/wp-json\/wp\/v2\/pages\/16048\/revisions\/20646"}],"wp:attachment":[{"href":"https:\/\/subiton.com\/pt-br\/wp-json\/wp\/v2\/media?parent=16048"}],"curies":[{"name":"wp","href":"https:\/\/api.w.org\/{rel}","templated":true}]}}