{"id":17518,"date":"2018-04-16T13:29:44","date_gmt":"2018-04-16T13:29:44","guid":{"rendered":"https:\/\/wp000740.ferozo.com\/producto\/aguja-subiton-vtp\/"},"modified":"2018-05-19T14:28:30","modified_gmt":"2018-05-19T14:28:30","slug":"subiton-vtp-cannula","status":"publish","type":"product","link":"https:\/\/subiton.com\/en\/producto\/subiton-vtp-cannula\/","title":{"rendered":"Subiton VTP cannula"},"content":{"rendered":"","protected":false},"excerpt":{"rendered":"<p><strong>VERTEBRAL BODY PUNCTURE CANNULA FOR VETEBROPLASTY.<\/strong><\/p>\n<p>Manufactured in surgical stainless steel.<br \/>\nBeveled edged and luer lock.<br \/>\nMandrel safety locking system.<\/p>\n<hr \/>\n<p>Compatible with <strong>Set Subiton VTP<\/strong> \/ <strong>Set Subiton VTP Integral<\/strong>.<\/p>\n<p>\u00d8 2,4 x 100 mm &#8211; REF 880495<br \/>\n\u00d8 3,0 x 100 mm &#8211; REF 880490<br \/>\n\u00d8 3,0 x 150 mm &#8211; REF 880491<\/p>\n","protected":false},"featured_media":17840,"template":"","meta":{"_monsterinsights_skip_tracking":false,"_monsterinsights_sitenote_active":false,"_monsterinsights_sitenote_note":"","_monsterinsights_sitenote_category":0},"product_brand":[],"product_cat":[645,651],"product_tag":[],"class_list":{"0":"post-17518","1":"product","2":"type-product","3":"status-publish","4":"has-post-thumbnail","6":"product_cat-neurosurgery","7":"product_cat-vertebroplasty","9":"first","10":"instock","11":"shipping-taxable","12":"product-type-simple"},"yoast_head":"<!-- This site is optimized with the Yoast SEO plugin v27.5 - https:\/\/yoast.com\/product\/yoast-seo-wordpress\/ -->\n<title>Subiton VTP cannula - Subiton<\/title>\n<meta name=\"robots\" content=\"index, follow, max-snippet:-1, max-image-preview:large, max-video-preview:-1\" \/>\n<link rel=\"canonical\" href=\"https:\/\/subiton.com\/en\/producto\/subiton-vtp-cannula\/\" \/>\n<meta property=\"og:locale\" content=\"en_US\" \/>\n<meta property=\"og:type\" content=\"article\" \/>\n<meta property=\"og:title\" content=\"Subiton VTP cannula - Subiton\" \/>\n<meta property=\"og:description\" content=\"VERTEBRAL BODY PUNCTURE CANNULA FOR VETEBROPLASTY.  Manufactured in surgical stainless steel. Beveled edged and luer lock. Mandrel safety locking system.    Compatible with Set Subiton VTP \/ Set Subiton VTP Integral.  \u00d8 2,4 x 100 mm - REF 880495 \u00d8 3,0 x 100 mm - REF 880490 \u00d8 3,0 x 150 mm - REF 880491\" \/>\n<meta property=\"og:url\" content=\"https:\/\/subiton.com\/en\/producto\/subiton-vtp-cannula\/\" \/>\n<meta property=\"og:site_name\" content=\"Subiton\" \/>\n<meta property=\"article:modified_time\" content=\"2018-05-19T14:28:30+00:00\" \/>\n<meta property=\"og:image\" content=\"https:\/\/subiton.com\/wp-content\/uploads\/2018\/04\/subiton-vtp-aguja.jpg\" \/>\n\t<meta property=\"og:image:width\" content=\"540\" \/>\n\t<meta property=\"og:image:height\" content=\"400\" \/>\n\t<meta property=\"og:image:type\" content=\"image\/jpeg\" \/>\n<meta name=\"twitter:card\" content=\"summary_large_image\" \/>\n<script type=\"application\/ld+json\" class=\"yoast-schema-graph\">{\"@context\":\"https:\\\/\\\/schema.org\",\"@graph\":[{\"@type\":\"WebPage\",\"@id\":\"https:\\\/\\\/subiton.com\\\/en\\\/producto\\\/subiton-vtp-cannula\\\/\",\"url\":\"https:\\\/\\\/subiton.com\\\/en\\\/producto\\\/subiton-vtp-cannula\\\/\",\"name\":\"Subiton VTP cannula - Subiton\",\"isPartOf\":{\"@id\":\"https:\\\/\\\/subiton.com\\\/en\\\/#website\"},\"primaryImageOfPage\":{\"@id\":\"https:\\\/\\\/subiton.com\\\/en\\\/producto\\\/subiton-vtp-cannula\\\/#primaryimage\"},\"image\":{\"@id\":\"https:\\\/\\\/subiton.com\\\/en\\\/producto\\\/subiton-vtp-cannula\\\/#primaryimage\"},\"thumbnailUrl\":\"https:\\\/\\\/subiton.com\\\/wp-content\\\/uploads\\\/2018\\\/04\\\/subiton-vtp-aguja.jpg\",\"datePublished\":\"2018-04-16T13:29:44+00:00\",\"dateModified\":\"2018-05-19T14:28:30+00:00\",\"breadcrumb\":{\"@id\":\"https:\\\/\\\/subiton.com\\\/en\\\/producto\\\/subiton-vtp-cannula\\\/#breadcrumb\"},\"inLanguage\":\"en-US\",\"potentialAction\":[{\"@type\":\"ReadAction\",\"target\":[\"https:\\\/\\\/subiton.com\\\/en\\\/producto\\\/subiton-vtp-cannula\\\/\"]}]},{\"@type\":\"ImageObject\",\"inLanguage\":\"en-US\",\"@id\":\"https:\\\/\\\/subiton.com\\\/en\\\/producto\\\/subiton-vtp-cannula\\\/#primaryimage\",\"url\":\"https:\\\/\\\/subiton.com\\\/wp-content\\\/uploads\\\/2018\\\/04\\\/subiton-vtp-aguja.jpg\",\"contentUrl\":\"https:\\\/\\\/subiton.com\\\/wp-content\\\/uploads\\\/2018\\\/04\\\/subiton-vtp-aguja.jpg\",\"width\":540,\"height\":400},{\"@type\":\"BreadcrumbList\",\"@id\":\"https:\\\/\\\/subiton.com\\\/en\\\/producto\\\/subiton-vtp-cannula\\\/#breadcrumb\",\"itemListElement\":[{\"@type\":\"ListItem\",\"position\":1,\"name\":\"Portada\",\"item\":\"https:\\\/\\\/subiton.com\\\/en\\\/\"},{\"@type\":\"ListItem\",\"position\":2,\"name\":\"Products\",\"item\":\"https:\\\/\\\/subiton.com\\\/en\\\/products\\\/\"},{\"@type\":\"ListItem\",\"position\":3,\"name\":\"Subiton VTP cannula\"}]},{\"@type\":\"WebSite\",\"@id\":\"https:\\\/\\\/subiton.com\\\/en\\\/#website\",\"url\":\"https:\\\/\\\/subiton.com\\\/en\\\/\",\"name\":\"Subiton\",\"description\":\"Laboratorios SL S.A.\",\"publisher\":{\"@id\":\"https:\\\/\\\/subiton.com\\\/en\\\/#organization\"},\"potentialAction\":[{\"@type\":\"SearchAction\",\"target\":{\"@type\":\"EntryPoint\",\"urlTemplate\":\"https:\\\/\\\/subiton.com\\\/en\\\/?s={search_term_string}\"},\"query-input\":{\"@type\":\"PropertyValueSpecification\",\"valueRequired\":true,\"valueName\":\"search_term_string\"}}],\"inLanguage\":\"en-US\"},{\"@type\":\"Organization\",\"@id\":\"https:\\\/\\\/subiton.com\\\/en\\\/#organization\",\"name\":\"Subiton\",\"url\":\"https:\\\/\\\/subiton.com\\\/en\\\/\",\"logo\":{\"@type\":\"ImageObject\",\"inLanguage\":\"en-US\",\"@id\":\"https:\\\/\\\/subiton.com\\\/en\\\/#\\\/schema\\\/logo\\\/image\\\/\",\"url\":\"https:\\\/\\\/subiton.com\\\/wp-content\\\/uploads\\\/2017\\\/11\\\/logo_subiton_azul-1.png\",\"contentUrl\":\"https:\\\/\\\/subiton.com\\\/wp-content\\\/uploads\\\/2017\\\/11\\\/logo_subiton_azul-1.png\",\"width\":180,\"height\":43,\"caption\":\"Subiton\"},\"image\":{\"@id\":\"https:\\\/\\\/subiton.com\\\/en\\\/#\\\/schema\\\/logo\\\/image\\\/\"},\"sameAs\":[\"https:\\\/\\\/www.linkedin.com\\\/company\\\/subiton-laboratorios-sl-sa\\\/\",\"https:\\\/\\\/www.youtube.com\\\/channel\\\/UC8B4_Z3h0_Q1agT-sABTYQw?view_as=subscriber\"]}]}<\/script>\n<!-- \/ Yoast SEO plugin. -->","yoast_head_json":{"title":"Subiton VTP cannula - Subiton","robots":{"index":"index","follow":"follow","max-snippet":"max-snippet:-1","max-image-preview":"max-image-preview:large","max-video-preview":"max-video-preview:-1"},"canonical":"https:\/\/subiton.com\/en\/producto\/subiton-vtp-cannula\/","og_locale":"en_US","og_type":"article","og_title":"Subiton VTP cannula - Subiton","og_description":"VERTEBRAL BODY PUNCTURE CANNULA FOR VETEBROPLASTY.  Manufactured in surgical stainless steel. Beveled edged and luer lock. Mandrel safety locking system.    Compatible with Set Subiton VTP \/ Set Subiton VTP Integral.  \u00d8 2,4 x 100 mm - REF 880495 \u00d8 3,0 x 100 mm - REF 880490 \u00d8 3,0 x 150 mm - REF 880491","og_url":"https:\/\/subiton.com\/en\/producto\/subiton-vtp-cannula\/","og_site_name":"Subiton","article_modified_time":"2018-05-19T14:28:30+00:00","og_image":[{"width":540,"height":400,"url":"https:\/\/subiton.com\/wp-content\/uploads\/2018\/04\/subiton-vtp-aguja.jpg","type":"image\/jpeg"}],"twitter_card":"summary_large_image","schema":{"@context":"https:\/\/schema.org","@graph":[{"@type":"WebPage","@id":"https:\/\/subiton.com\/en\/producto\/subiton-vtp-cannula\/","url":"https:\/\/subiton.com\/en\/producto\/subiton-vtp-cannula\/","name":"Subiton VTP cannula - Subiton","isPartOf":{"@id":"https:\/\/subiton.com\/en\/#website"},"primaryImageOfPage":{"@id":"https:\/\/subiton.com\/en\/producto\/subiton-vtp-cannula\/#primaryimage"},"image":{"@id":"https:\/\/subiton.com\/en\/producto\/subiton-vtp-cannula\/#primaryimage"},"thumbnailUrl":"https:\/\/subiton.com\/wp-content\/uploads\/2018\/04\/subiton-vtp-aguja.jpg","datePublished":"2018-04-16T13:29:44+00:00","dateModified":"2018-05-19T14:28:30+00:00","breadcrumb":{"@id":"https:\/\/subiton.com\/en\/producto\/subiton-vtp-cannula\/#breadcrumb"},"inLanguage":"en-US","potentialAction":[{"@type":"ReadAction","target":["https:\/\/subiton.com\/en\/producto\/subiton-vtp-cannula\/"]}]},{"@type":"ImageObject","inLanguage":"en-US","@id":"https:\/\/subiton.com\/en\/producto\/subiton-vtp-cannula\/#primaryimage","url":"https:\/\/subiton.com\/wp-content\/uploads\/2018\/04\/subiton-vtp-aguja.jpg","contentUrl":"https:\/\/subiton.com\/wp-content\/uploads\/2018\/04\/subiton-vtp-aguja.jpg","width":540,"height":400},{"@type":"BreadcrumbList","@id":"https:\/\/subiton.com\/en\/producto\/subiton-vtp-cannula\/#breadcrumb","itemListElement":[{"@type":"ListItem","position":1,"name":"Portada","item":"https:\/\/subiton.com\/en\/"},{"@type":"ListItem","position":2,"name":"Products","item":"https:\/\/subiton.com\/en\/products\/"},{"@type":"ListItem","position":3,"name":"Subiton VTP cannula"}]},{"@type":"WebSite","@id":"https:\/\/subiton.com\/en\/#website","url":"https:\/\/subiton.com\/en\/","name":"Subiton","description":"Laboratorios SL S.A.","publisher":{"@id":"https:\/\/subiton.com\/en\/#organization"},"potentialAction":[{"@type":"SearchAction","target":{"@type":"EntryPoint","urlTemplate":"https:\/\/subiton.com\/en\/?s={search_term_string}"},"query-input":{"@type":"PropertyValueSpecification","valueRequired":true,"valueName":"search_term_string"}}],"inLanguage":"en-US"},{"@type":"Organization","@id":"https:\/\/subiton.com\/en\/#organization","name":"Subiton","url":"https:\/\/subiton.com\/en\/","logo":{"@type":"ImageObject","inLanguage":"en-US","@id":"https:\/\/subiton.com\/en\/#\/schema\/logo\/image\/","url":"https:\/\/subiton.com\/wp-content\/uploads\/2017\/11\/logo_subiton_azul-1.png","contentUrl":"https:\/\/subiton.com\/wp-content\/uploads\/2017\/11\/logo_subiton_azul-1.png","width":180,"height":43,"caption":"Subiton"},"image":{"@id":"https:\/\/subiton.com\/en\/#\/schema\/logo\/image\/"},"sameAs":["https:\/\/www.linkedin.com\/company\/subiton-laboratorios-sl-sa\/","https:\/\/www.youtube.com\/channel\/UC8B4_Z3h0_Q1agT-sABTYQw?view_as=subscriber"]}]}},"_links":{"self":[{"href":"https:\/\/subiton.com\/en\/wp-json\/wp\/v2\/product\/17518","targetHints":{"allow":["GET"]}}],"collection":[{"href":"https:\/\/subiton.com\/en\/wp-json\/wp\/v2\/product"}],"about":[{"href":"https:\/\/subiton.com\/en\/wp-json\/wp\/v2\/types\/product"}],"wp:featuredmedia":[{"embeddable":true,"href":"https:\/\/subiton.com\/en\/wp-json\/wp\/v2\/media\/17840"}],"wp:attachment":[{"href":"https:\/\/subiton.com\/en\/wp-json\/wp\/v2\/media?parent=17518"}],"wp:term":[{"taxonomy":"product_brand","embeddable":true,"href":"https:\/\/subiton.com\/en\/wp-json\/wp\/v2\/product_brand?post=17518"},{"taxonomy":"product_cat","embeddable":true,"href":"https:\/\/subiton.com\/en\/wp-json\/wp\/v2\/product_cat?post=17518"},{"taxonomy":"product_tag","embeddable":true,"href":"https:\/\/subiton.com\/en\/wp-json\/wp\/v2\/product_tag?post=17518"}],"curies":[{"name":"wp","href":"https:\/\/api.w.org\/{rel}","templated":true}]}}