{"id":19562,"date":"2019-10-02T20:55:19","date_gmt":"2019-10-02T20:55:19","guid":{"rendered":""},"modified":"2025-08-05T19:00:21","modified_gmt":"2025-08-05T19:00:21","slug":"work-with-us","status":"publish","type":"page","link":"https:\/\/subiton.com\/en\/work-with-us\/","title":{"rendered":"Work with us"},"content":{"rendered":"<div class=\"wpb-content-wrapper\"><p>[vc_row css_animation=&#8221;&#8221; row_type=&#8221;row&#8221; use_row_as_full_screen_section=&#8221;no&#8221; type=&#8221;grid&#8221; header_style=&#8221;light&#8221; angled_section=&#8221;no&#8221; text_align=&#8221;left&#8221; background_image_as_pattern=&#8221;without_pattern&#8221; padding_top=&#8221;60&#8243; padding_bottom=&#8221;50&#8243; z_index=&#8221;&#8221;][vc_column][vc_column_text]<\/p>\n<h3>DO YOU WANT TO BE PART OF LABORATORIOS SL S.A. TEAM?<\/h3>\n<p>[\/vc_column_text][vc_separator type=&#8221;transparent&#8221; up=&#8221;15&#8243; down=&#8221;15&#8243;][vc_row_inner row_type=&#8221;row&#8221; type=&#8221;full_width&#8221; text_align=&#8221;left&#8221; css_animation=&#8221;&#8221;][vc_column_inner width=&#8221;1\/3&#8243;][vc_column_text]If you are interested in the idea of \u200b\u200bbeing part of Laboratorios SL S.A. Send us your CV to enter our database and thus be able to inform you about future job searches. Please, fill in your details and attach your CV.[\/vc_column_text][\/vc_column_inner][vc_column_inner width=&#8221;2\/3&#8243;]\n<div class=\"wpcf7 no-js\" id=\"wpcf7-f19581-o1\" lang=\"es-ES\" dir=\"ltr\" data-wpcf7-id=\"19581\">\n<div class=\"screen-reader-response\"><p role=\"status\" aria-live=\"polite\" aria-atomic=\"true\"><\/p> <ul><\/ul><\/div>\n<form action=\"\/en\/wp-json\/wp\/v2\/pages\/19562#wpcf7-f19581-o1\" method=\"post\" class=\"wpcf7-form init cf7_custom_style_1\" aria-label=\"Formulario de contacto\" enctype=\"multipart\/form-data\" novalidate=\"novalidate\" data-status=\"init\">\n<fieldset class=\"hidden-fields-container\"><input type=\"hidden\" name=\"_wpcf7\" value=\"19581\" \/><input type=\"hidden\" name=\"_wpcf7_version\" value=\"6.1.5\" \/><input type=\"hidden\" name=\"_wpcf7_locale\" value=\"es_ES\" \/><input type=\"hidden\" name=\"_wpcf7_unit_tag\" value=\"wpcf7-f19581-o1\" \/><input type=\"hidden\" name=\"_wpcf7_container_post\" value=\"0\" \/><input type=\"hidden\" name=\"_wpcf7_posted_data_hash\" value=\"\" \/><input type=\"hidden\" name=\"_wpcf7_recaptcha_response\" value=\"\" \/>\n<\/fieldset>\n<p><span class=\"wpcf7-form-control-wrap\" data-name=\"your-name\"><input size=\"40\" maxlength=\"400\" class=\"wpcf7-form-control wpcf7-text wpcf7-validates-as-required\" aria-required=\"true\" aria-invalid=\"false\" placeholder=\"Nombre y Apellido*\" value=\"\" type=\"text\" name=\"your-name\" \/><\/span>\n<\/p>\n<p><span class=\"wpcf7-form-control-wrap\" data-name=\"dni\"><input class=\"wpcf7-form-control wpcf7-number wpcf7-validates-as-required wpcf7-validates-as-number\" aria-required=\"true\" aria-invalid=\"false\" placeholder=\"DNI*\" value=\"\" type=\"number\" name=\"dni\" \/><\/span>\n<\/p>\n<p><span class=\"wpcf7-form-control-wrap\" data-name=\"your-email\"><input size=\"40\" maxlength=\"400\" class=\"wpcf7-form-control wpcf7-email wpcf7-validates-as-required wpcf7-text wpcf7-validates-as-email\" aria-required=\"true\" aria-invalid=\"false\" placeholder=\"E-mail*\" value=\"\" type=\"email\" name=\"your-email\" \/><\/span>\n<\/p>\n<p><span class=\"wpcf7-form-control-wrap\" data-name=\"profesion-formacion-ocupacion\"><input size=\"40\" maxlength=\"400\" class=\"wpcf7-form-control wpcf7-text wpcf7-validates-as-required\" aria-required=\"true\" aria-invalid=\"false\" placeholder=\"Profesi\u00f3n \/ Formaci\u00f3n \/ Ocupaci\u00f3n*\" value=\"\" type=\"text\" name=\"profesion-formacion-ocupacion\" \/><\/span>\n<\/p>\n<p><span class=\"wpcf7-form-control-wrap\" data-name=\"referencia\"><input size=\"40\" maxlength=\"400\" class=\"wpcf7-form-control wpcf7-text\" aria-invalid=\"false\" placeholder=\"REFERENCIA B\u00fasqueda activa\" value=\"\" type=\"text\" name=\"referencia\" \/><\/span>\n<\/p>\n<p><small> IMPORTANTE: Cargar s\u00f3lo archivos en formato WORD o PDF que no excedan los 4 megas.<br \/>\n<span class=\"wpcf7-form-control-wrap\" data-name=\"cargar-cv\"><input size=\"40\" class=\"wpcf7-form-control wpcf7-file\" accept=\".docx,.pdf\" aria-invalid=\"false\" type=\"file\" name=\"cargar-cv\" \/><\/span> <\/small>\n<\/p>\n<p><input class=\"wpcf7-form-control wpcf7-submit has-spinner\" type=\"submit\" value=\"Enviar\" \/>\n<\/p><div class=\"wpcf7-response-output\" aria-hidden=\"true\"><\/div>\n<\/form>\n<\/div>\n[\/vc_column_inner][\/vc_row_inner][\/vc_column][\/vc_row][vc_row css_animation=&#8221;&#8221; row_type=&#8221;row&#8221; use_row_as_full_screen_section=&#8221;no&#8221; type=&#8221;grid&#8221; angled_section=&#8221;no&#8221; text_align=&#8221;left&#8221; background_image_as_pattern=&#8221;without_pattern&#8221; z_index=&#8221;&#8221;][vc_column][vc_column_text]<\/p>\n<h3>ACTIVE SEARCHES<\/h3>\n<p>[\/vc_column_text][vc_separator type=&#8221;transparent&#8221; up=&#8221;15&#8243; down=&#8221;15&#8243;][\/vc_column][\/vc_row][vc_row css_animation=&#8221;&#8221; row_type=&#8221;row&#8221; use_row_as_full_screen_section=&#8221;no&#8221; type=&#8221;full_width&#8221; angled_section=&#8221;no&#8221; text_align=&#8221;left&#8221; background_image_as_pattern=&#8221;without_pattern&#8221; z_index=&#8221;&#8221; padding_bottom=&#8221;80&#8243;][vc_column][vc_row_inner row_type=&#8221;row&#8221; type=&#8221;grid&#8221; text_align=&#8221;left&#8221; css_animation=&#8221;&#8221; background_color=&#8221;#efefef&#8221; padding_top=&#8221;25&#8243; padding_bottom=&#8221;25&#8243;][vc_column_inner width=&#8221;1\/3&#8243;][vc_single_image image=&#8221;20970&#8243; img_size=&#8221;large&#8221; css=&#8221;&#8221; qode_css_animation=&#8221;&#8221;][vc_separator type=&#8221;transparent&#8221; up=&#8221;15&#8243; down=&#8221;15&#8243;][\/vc_column_inner][vc_column_inner width=&#8221;1\/3&#8243;][vc_column_text css=&#8221;&#8221;]<\/p>\n<h3><strong>Analista SR. Regulaci\u00f3n y Calidad<\/strong><\/h3>\n<p><strong>Seleccionaremos Profesional o estudiante del \u00e1rea Ingenier\u00eda, Farmacia, Bioqu\u00edmica o Qu\u00edmica para para desempe\u00f1arse como Analista Sr. de Regulaci\u00f3n y Calidad.<\/strong><\/p>\n<p>&nbsp;<\/p>\n<p><strong><u>Funciones<\/u>:\u00a0<\/strong><\/p>\n<ul>\n<li>Asegurar el cumplimiento de las regulaciones nacionales e internacionales en los procesos y sistemas de Laboratorios SL S.A.<\/li>\n<li>Brindar soporte regulatorio a los sectores impactados por las normativas vigentes.<\/li>\n<\/ul>\n<p>&nbsp;<\/p>\n<p><strong><u>Espec\u00edficas<\/u><\/strong><\/p>\n<ul>\n<li>Confeccionar la documentaci\u00f3n t\u00e9cnica para la aprobaci\u00f3n de registros de productos, en los diferentes mercados nacionales e internacionales.<\/li>\n<li>Preparar la documentaci\u00f3n referente a evaluaci\u00f3n cl\u00ednica y seguimiento pos comercializaci\u00f3n de los productos.<\/li>\n<li>Proporcionar soporte a solicitudes de clientes.<\/li>\n<li>Velar por el mantenimiento de la documentaci\u00f3n interna del sector de regulaci\u00f3n.<\/li>\n<li>Intervenir en la gesti\u00f3n de cambios del sector de regulaci\u00f3n.<\/li>\n<li>Participar en los proyectos regulatorios de la empresa.<\/li>\n<li>Disertar capacitaciones regulatorias.<\/li>\n<li>Formar parte de los involucrados en auditor\u00edas internas y externas e inspecciones.<\/li>\n<\/ul>\n<p>[\/vc_column_text][vc_separator type=&#8221;transparent&#8221; up=&#8221;15&#8243; down=&#8221;15&#8243;][\/vc_column_inner][vc_column_inner width=&#8221;1\/3&#8243;][vc_column_text css=&#8221;&#8221;]<strong>Conocimientos\u00a0<\/strong><\/p>\n<ul>\n<li>Profesional o estudiante del \u00e1rea Ingenier\u00eda\/Farmacia\/Bioqu\u00edmica\/Qu\u00edmica (no excluyente).<\/li>\n<li>Conocimientos de Sistema de Aseguramiento de la Calidad (tipo ISO 13485 o ISO 9001) (excluyente)<\/li>\n<li>Experiencia de 2 a\u00f1os o m\u00e1s en posiciones similares.<\/li>\n<li>Ingl\u00e9s t\u00e9cnico (no excluyente).<\/li>\n<li>Manejo avanzado de Office (excluyente).<\/li>\n<li>Conocimientos de estad\u00edstica (no excluyente).<\/li>\n<\/ul>\n<p>&nbsp;<\/p>\n<p><strong>Habilidades y actitudes<\/strong><\/p>\n<ul>\n<li>Trabajo en equipo.<\/li>\n<li>Responsabilidad.<\/li>\n<li>Compromiso.<\/li>\n<li>Capacidad de adaptaci\u00f3n a los cambios.<\/li>\n<li>Buenas relaciones interpersonales.<\/li>\n<li>Flexibilidad.<\/li>\n<li>Pro actividad.<\/li>\n<li>Eficiencia y eficacia.<\/li>\n<\/ul>\n<p>&nbsp;<\/p>\n<p>&nbsp;<\/p>\n<p><strong>Zona de trabajo:<\/strong>\u00a0Tortuguitas, \u00c1rea de Promoci\u00f3n el Tri\u00e1ngulo.<\/p>\n<p><strong>Turno\/Horario:<\/strong> full-time \/ lunes a viernes 7 a 16 hs. o 7.30 a 16.30 hs.<\/p>\n<p><strong>Sector:<\/strong> Regulaci\u00f3n y Calidad.<\/p>\n<hr \/>\n<p>Buenas condiciones de contrataci\u00f3n. Comedor en Planta y otros beneficios.<br \/><strong>Esperamos tu Cv. Postulate!<\/strong>[\/vc_column_text][\/vc_column_inner][\/vc_row_inner][\/vc_column][\/vc_row][vc_row css_animation=&#8221;&#8221; row_type=&#8221;row&#8221; use_row_as_full_screen_section=&#8221;no&#8221; type=&#8221;full_width&#8221; angled_section=&#8221;no&#8221; text_align=&#8221;left&#8221; background_image_as_pattern=&#8221;without_pattern&#8221; z_index=&#8221;&#8221; padding_bottom=&#8221;80&#8243;][vc_column][vc_row_inner row_type=&#8221;row&#8221; type=&#8221;grid&#8221; text_align=&#8221;left&#8221; css_animation=&#8221;&#8221; background_color=&#8221;#efefef&#8221; padding_top=&#8221;25&#8243; padding_bottom=&#8221;25&#8243;][vc_column_inner width=&#8221;1\/3&#8243;][vc_single_image image=&#8221;20973&#8243; img_size=&#8221;large&#8221; css=&#8221;&#8221; qode_css_animation=&#8221;&#8221;][vc_separator type=&#8221;transparent&#8221; up=&#8221;15&#8243; down=&#8221;15&#8243;][\/vc_column_inner][vc_column_inner width=&#8221;1\/3&#8243;][vc_column_text css=&#8221;&#8221;]<\/p>\n<h3>Operador M\u00faltiple \/ Sector Metal\u00fargica<\/h3>\n<p><strong>Seleccionaremos Operador M\u00faltiple para el \u00e1rea Metal\u00fargica. La persona que ocupe esta posici\u00f3n deber\u00e1 realizar todas las tareas de ajuste y armado dentro del sector.<\/strong><\/p>\n<p>&nbsp;<\/p>\n<p><strong>Espec\u00edficas<\/strong><\/p>\n<ul>\n<li>Armado de pistolas.<\/li>\n<li>Armado de agujas VTP.<\/li>\n<li>Armado de cajas de instrumental.<\/li>\n<li>Armado de espaciadores de prueba.<\/li>\n<li>Preparaci\u00f3n de clavos endomedulares.<\/li>\n<li>Pulido de superficies.<\/li>\n<li>Grabado l\u00e1ser.<\/li>\n<li>Blastinado.<\/li>\n<li>Soldadura l\u00e1ser.<\/li>\n<\/ul>\n<p>[\/vc_column_text][vc_separator type=&#8221;transparent&#8221; up=&#8221;15&#8243; down=&#8221;15&#8243;][\/vc_column_inner][vc_column_inner width=&#8221;1\/3&#8243;][vc_column_text css=&#8221;&#8221;]<strong>Requisitos \/ Conocimientos\u00a0<\/strong><\/p>\n<ul>\n<li>Secundario completo con Anal\u00edtico.<\/li>\n<li>Se evaluar\u00e1n conocimientos t\u00e9cnicos.<\/li>\n<li>Manejo de instrumentos de medici\u00f3n (calibres y micr\u00f3metros).<\/li>\n<li>M\u00e1quinas convencionales por arranque de viruta.<\/li>\n<li>Lectura de planos.<\/li>\n<li>Conocimiento de diferentes tipos de soldadura.<\/li>\n<li>Conocimiento de materiales.<\/li>\n<\/ul>\n<p>&nbsp;<\/p>\n<p>&nbsp;<\/p>\n<p><strong>Zona de trabajo:<\/strong>\u00a0Tortuguitas, \u00c1rea de Promoci\u00f3n el Tri\u00e1ngulo.<\/p>\n<p><strong>Turno\/Horario:<\/strong> turnos de 9 hs. (<span data-olk-copy-source=\"MessageBody\">pueden rotar turno ma\u00f1ana, tarde o noche) <\/span>\/ Disponibilidad para realizar horas extras y turnos rotativos.<\/p>\n<p><strong>Sector:<\/strong> Metal\u00fargica.<\/p>\n<hr \/>\n<p>Buenas condiciones de contrataci\u00f3n. Comedor en Planta y otros beneficios.<br \/><strong>Esperamos tu Cv. Postulate!<\/strong>[\/vc_column_text][\/vc_column_inner][\/vc_row_inner][\/vc_column][\/vc_row]<\/p>\n<\/div>","protected":false},"excerpt":{"rendered":"<p>[vc_row css_animation=&#8221;&#8221; row_type=&#8221;row&#8221; use_row_as_full_screen_section=&#8221;no&#8221; type=&#8221;grid&#8221; header_style=&#8221;light&#8221; angled_section=&#8221;no&#8221; text_align=&#8221;left&#8221; background_image_as_pattern=&#8221;without_pattern&#8221; padding_top=&#8221;60&#8243; padding_bottom=&#8221;50&#8243; z_index=&#8221;&#8221;][vc_column][vc_column_text] DO YOU WANT TO BE PART OF LABORATORIOS SL S.A. TEAM? [\/vc_column_text][vc_separator type=&#8221;transparent&#8221; up=&#8221;15&#8243; down=&#8221;15&#8243;][vc_row_inner row_type=&#8221;row&#8221; type=&#8221;full_width&#8221; text_align=&#8221;left&#8221; css_animation=&#8221;&#8221;][vc_column_inner width=&#8221;1\/3&#8243;][vc_column_text]If you are interested in the idea of \u200b\u200bbeing part of Laboratorios SL S.A. Send us your CV to enter our database and thus be able to inform you about future job searches. Please, fill in your details and attach your CV.[\/vc_column_text][\/vc_column_inner][vc_column_inner width=&#8221;2\/3&#8243;][\/vc_column_inner][\/vc_row_inner][\/vc_column][\/vc_row][vc_row css_animation=&#8221;&#8221; row_type=&#8221;row&#8221; use_row_as_full_screen_section=&#8221;no&#8221; type=&#8221;grid&#8221; angled_section=&#8221;no&#8221; text_align=&#8221;left&#8221; background_image_as_pattern=&#8221;without_pattern&#8221; z_index=&#8221;&#8221;][vc_column][vc_column_text] ACTIVE SEARCHES [\/vc_column_text][vc_separator type=&#8221;transparent&#8221; up=&#8221;15&#8243; down=&#8221;15&#8243;][\/vc_column][\/vc_row][vc_row css_animation=&#8221;&#8221; row_type=&#8221;row&#8221; use_row_as_full_screen_section=&#8221;no&#8221; type=&#8221;full_width&#8221; angled_section=&#8221;no&#8221; text_align=&#8221;left&#8221; background_image_as_pattern=&#8221;without_pattern&#8221; z_index=&#8221;&#8221; padding_bottom=&#8221;80&#8243;][vc_column][vc_row_inner row_type=&#8221;row&#8221; type=&#8221;grid&#8221; text_align=&#8221;left&#8221; css_animation=&#8221;&#8221; background_color=&#8221;#efefef&#8221; padding_top=&#8221;25&#8243; padding_bottom=&#8221;25&#8243;][vc_column_inner width=&#8221;1\/3&#8243;][vc_single_image image=&#8221;20970&#8243; img_size=&#8221;large&#8221; css=&#8221;&#8221; qode_css_animation=&#8221;&#8221;][vc_separator type=&#8221;transparent&#8221; up=&#8221;15&#8243; down=&#8221;15&#8243;][\/vc_column_inner][vc_column_inner width=&#8221;1\/3&#8243;][vc_column_text css=&#8221;&#8221;] Analista SR. Regulaci\u00f3n y Calidad Seleccionaremos&#8230;<\/p>\n","protected":false},"author":1,"featured_media":0,"parent":0,"menu_order":0,"comment_status":"open","ping_status":"closed","template":"full_width.php","meta":{"_monsterinsights_skip_tracking":false,"_monsterinsights_sitenote_active":false,"_monsterinsights_sitenote_note":"","_monsterinsights_sitenote_category":0,"footnotes":""},"class_list":["post-19562","page","type-page","status-publish","hentry"],"yoast_head":"<!-- This site is optimized with the Yoast SEO plugin v27.3 - https:\/\/yoast.com\/product\/yoast-seo-wordpress\/ -->\n<title>Work with us - Subiton<\/title>\n<meta name=\"robots\" content=\"index, follow, max-snippet:-1, max-image-preview:large, max-video-preview:-1\" \/>\n<link rel=\"canonical\" href=\"https:\/\/subiton.com\/en\/work-with-us\/\" \/>\n<meta property=\"og:locale\" content=\"en_US\" \/>\n<meta property=\"og:type\" content=\"article\" \/>\n<meta property=\"og:title\" content=\"Work with us - Subiton\" \/>\n<meta property=\"og:description\" content=\"[vc_row css_animation=&#8221;&#8221; row_type=&#8221;row&#8221; use_row_as_full_screen_section=&#8221;no&#8221; type=&#8221;grid&#8221; header_style=&#8221;light&#8221; angled_section=&#8221;no&#8221; text_align=&#8221;left&#8221; background_image_as_pattern=&#8221;without_pattern&#8221; padding_top=&#8221;60&#8243; padding_bottom=&#8221;50&#8243; z_index=&#8221;&#8221;][vc_column][vc_column_text] DO YOU WANT TO BE PART OF LABORATORIOS SL S.A. TEAM? [\/vc_column_text][vc_separator type=&#8221;transparent&#8221; up=&#8221;15&#8243; down=&#8221;15&#8243;][vc_row_inner row_type=&#8221;row&#8221; type=&#8221;full_width&#8221; text_align=&#8221;left&#8221; css_animation=&#8221;&#8221;][vc_column_inner width=&#8221;1\/3&#8243;][vc_column_text]If you are interested in the idea of \u200b\u200bbeing part of Laboratorios SL S.A. Send us your CV to enter our database and thus be able to inform you about future job searches. Please, fill in your details and attach your CV.[\/vc_column_text][\/vc_column_inner][vc_column_inner width=&#8221;2\/3&#8243;][\/vc_column_inner][\/vc_row_inner][\/vc_column][\/vc_row][vc_row css_animation=&#8221;&#8221; row_type=&#8221;row&#8221; use_row_as_full_screen_section=&#8221;no&#8221; type=&#8221;grid&#8221; angled_section=&#8221;no&#8221; text_align=&#8221;left&#8221; background_image_as_pattern=&#8221;without_pattern&#8221; z_index=&#8221;&#8221;][vc_column][vc_column_text] ACTIVE SEARCHES [\/vc_column_text][vc_separator type=&#8221;transparent&#8221; up=&#8221;15&#8243; down=&#8221;15&#8243;][\/vc_column][\/vc_row][vc_row css_animation=&#8221;&#8221; row_type=&#8221;row&#8221; use_row_as_full_screen_section=&#8221;no&#8221; type=&#8221;full_width&#8221; angled_section=&#8221;no&#8221; text_align=&#8221;left&#8221; background_image_as_pattern=&#8221;without_pattern&#8221; z_index=&#8221;&#8221; padding_bottom=&#8221;80&#8243;][vc_column][vc_row_inner row_type=&#8221;row&#8221; type=&#8221;grid&#8221; text_align=&#8221;left&#8221; css_animation=&#8221;&#8221; background_color=&#8221;#efefef&#8221; padding_top=&#8221;25&#8243; padding_bottom=&#8221;25&#8243;][vc_column_inner width=&#8221;1\/3&#8243;][vc_single_image image=&#8221;20970&#8243; img_size=&#8221;large&#8221; css=&#8221;&#8221; qode_css_animation=&#8221;&#8221;][vc_separator type=&#8221;transparent&#8221; up=&#8221;15&#8243; down=&#8221;15&#8243;][\/vc_column_inner][vc_column_inner width=&#8221;1\/3&#8243;][vc_column_text css=&#8221;&#8221;] Analista SR. Regulaci\u00f3n y Calidad Seleccionaremos...\" \/>\n<meta property=\"og:url\" content=\"https:\/\/subiton.com\/en\/work-with-us\/\" \/>\n<meta property=\"og:site_name\" content=\"Subiton\" \/>\n<meta property=\"article:modified_time\" content=\"2025-08-05T19:00:21+00:00\" \/>\n<meta name=\"twitter:card\" content=\"summary_large_image\" \/>\n<meta name=\"twitter:label1\" content=\"Est. reading time\" \/>\n\t<meta name=\"twitter:data1\" content=\"4 minutes\" \/>\n<script type=\"application\/ld+json\" class=\"yoast-schema-graph\">{\"@context\":\"https:\\\/\\\/schema.org\",\"@graph\":[{\"@type\":\"WebPage\",\"@id\":\"https:\\\/\\\/subiton.com\\\/en\\\/work-with-us\\\/\",\"url\":\"https:\\\/\\\/subiton.com\\\/en\\\/work-with-us\\\/\",\"name\":\"Work with us - Subiton\",\"isPartOf\":{\"@id\":\"https:\\\/\\\/subiton.com\\\/en\\\/#website\"},\"datePublished\":\"2019-10-02T20:55:19+00:00\",\"dateModified\":\"2025-08-05T19:00:21+00:00\",\"breadcrumb\":{\"@id\":\"https:\\\/\\\/subiton.com\\\/en\\\/work-with-us\\\/#breadcrumb\"},\"inLanguage\":\"en-US\",\"potentialAction\":[{\"@type\":\"ReadAction\",\"target\":[\"https:\\\/\\\/subiton.com\\\/en\\\/work-with-us\\\/\"]}]},{\"@type\":\"BreadcrumbList\",\"@id\":\"https:\\\/\\\/subiton.com\\\/en\\\/work-with-us\\\/#breadcrumb\",\"itemListElement\":[{\"@type\":\"ListItem\",\"position\":1,\"name\":\"Portada\",\"item\":\"https:\\\/\\\/subiton.com\\\/en\\\/\"},{\"@type\":\"ListItem\",\"position\":2,\"name\":\"Work with us\"}]},{\"@type\":\"WebSite\",\"@id\":\"https:\\\/\\\/subiton.com\\\/en\\\/#website\",\"url\":\"https:\\\/\\\/subiton.com\\\/en\\\/\",\"name\":\"Subiton\",\"description\":\"Laboratorios SL S.A.\",\"publisher\":{\"@id\":\"https:\\\/\\\/subiton.com\\\/en\\\/#organization\"},\"potentialAction\":[{\"@type\":\"SearchAction\",\"target\":{\"@type\":\"EntryPoint\",\"urlTemplate\":\"https:\\\/\\\/subiton.com\\\/en\\\/?s={search_term_string}\"},\"query-input\":{\"@type\":\"PropertyValueSpecification\",\"valueRequired\":true,\"valueName\":\"search_term_string\"}}],\"inLanguage\":\"en-US\"},{\"@type\":\"Organization\",\"@id\":\"https:\\\/\\\/subiton.com\\\/en\\\/#organization\",\"name\":\"Subiton\",\"url\":\"https:\\\/\\\/subiton.com\\\/en\\\/\",\"logo\":{\"@type\":\"ImageObject\",\"inLanguage\":\"en-US\",\"@id\":\"https:\\\/\\\/subiton.com\\\/en\\\/#\\\/schema\\\/logo\\\/image\\\/\",\"url\":\"https:\\\/\\\/subiton.com\\\/wp-content\\\/uploads\\\/2017\\\/11\\\/logo_subiton_azul-1.png\",\"contentUrl\":\"https:\\\/\\\/subiton.com\\\/wp-content\\\/uploads\\\/2017\\\/11\\\/logo_subiton_azul-1.png\",\"width\":180,\"height\":43,\"caption\":\"Subiton\"},\"image\":{\"@id\":\"https:\\\/\\\/subiton.com\\\/en\\\/#\\\/schema\\\/logo\\\/image\\\/\"},\"sameAs\":[\"https:\\\/\\\/www.linkedin.com\\\/company\\\/subiton-laboratorios-sl-sa\\\/\",\"https:\\\/\\\/www.youtube.com\\\/channel\\\/UC8B4_Z3h0_Q1agT-sABTYQw?view_as=subscriber\"]}]}<\/script>\n<!-- \/ Yoast SEO plugin. -->","yoast_head_json":{"title":"Work with us - Subiton","robots":{"index":"index","follow":"follow","max-snippet":"max-snippet:-1","max-image-preview":"max-image-preview:large","max-video-preview":"max-video-preview:-1"},"canonical":"https:\/\/subiton.com\/en\/work-with-us\/","og_locale":"en_US","og_type":"article","og_title":"Work with us - Subiton","og_description":"[vc_row css_animation=&#8221;&#8221; row_type=&#8221;row&#8221; use_row_as_full_screen_section=&#8221;no&#8221; type=&#8221;grid&#8221; header_style=&#8221;light&#8221; angled_section=&#8221;no&#8221; text_align=&#8221;left&#8221; background_image_as_pattern=&#8221;without_pattern&#8221; padding_top=&#8221;60&#8243; padding_bottom=&#8221;50&#8243; z_index=&#8221;&#8221;][vc_column][vc_column_text] DO YOU WANT TO BE PART OF LABORATORIOS SL S.A. TEAM? [\/vc_column_text][vc_separator type=&#8221;transparent&#8221; up=&#8221;15&#8243; down=&#8221;15&#8243;][vc_row_inner row_type=&#8221;row&#8221; type=&#8221;full_width&#8221; text_align=&#8221;left&#8221; css_animation=&#8221;&#8221;][vc_column_inner width=&#8221;1\/3&#8243;][vc_column_text]If you are interested in the idea of \u200b\u200bbeing part of Laboratorios SL S.A. Send us your CV to enter our database and thus be able to inform you about future job searches. Please, fill in your details and attach your CV.[\/vc_column_text][\/vc_column_inner][vc_column_inner width=&#8221;2\/3&#8243;][\/vc_column_inner][\/vc_row_inner][\/vc_column][\/vc_row][vc_row css_animation=&#8221;&#8221; row_type=&#8221;row&#8221; use_row_as_full_screen_section=&#8221;no&#8221; type=&#8221;grid&#8221; angled_section=&#8221;no&#8221; text_align=&#8221;left&#8221; background_image_as_pattern=&#8221;without_pattern&#8221; z_index=&#8221;&#8221;][vc_column][vc_column_text] ACTIVE SEARCHES [\/vc_column_text][vc_separator type=&#8221;transparent&#8221; up=&#8221;15&#8243; down=&#8221;15&#8243;][\/vc_column][\/vc_row][vc_row css_animation=&#8221;&#8221; row_type=&#8221;row&#8221; use_row_as_full_screen_section=&#8221;no&#8221; type=&#8221;full_width&#8221; angled_section=&#8221;no&#8221; text_align=&#8221;left&#8221; background_image_as_pattern=&#8221;without_pattern&#8221; z_index=&#8221;&#8221; padding_bottom=&#8221;80&#8243;][vc_column][vc_row_inner row_type=&#8221;row&#8221; type=&#8221;grid&#8221; text_align=&#8221;left&#8221; css_animation=&#8221;&#8221; background_color=&#8221;#efefef&#8221; padding_top=&#8221;25&#8243; padding_bottom=&#8221;25&#8243;][vc_column_inner width=&#8221;1\/3&#8243;][vc_single_image image=&#8221;20970&#8243; img_size=&#8221;large&#8221; css=&#8221;&#8221; qode_css_animation=&#8221;&#8221;][vc_separator type=&#8221;transparent&#8221; up=&#8221;15&#8243; down=&#8221;15&#8243;][\/vc_column_inner][vc_column_inner width=&#8221;1\/3&#8243;][vc_column_text css=&#8221;&#8221;] Analista SR. Regulaci\u00f3n y Calidad Seleccionaremos...","og_url":"https:\/\/subiton.com\/en\/work-with-us\/","og_site_name":"Subiton","article_modified_time":"2025-08-05T19:00:21+00:00","twitter_card":"summary_large_image","twitter_misc":{"Est. reading time":"4 minutes"},"schema":{"@context":"https:\/\/schema.org","@graph":[{"@type":"WebPage","@id":"https:\/\/subiton.com\/en\/work-with-us\/","url":"https:\/\/subiton.com\/en\/work-with-us\/","name":"Work with us - Subiton","isPartOf":{"@id":"https:\/\/subiton.com\/en\/#website"},"datePublished":"2019-10-02T20:55:19+00:00","dateModified":"2025-08-05T19:00:21+00:00","breadcrumb":{"@id":"https:\/\/subiton.com\/en\/work-with-us\/#breadcrumb"},"inLanguage":"en-US","potentialAction":[{"@type":"ReadAction","target":["https:\/\/subiton.com\/en\/work-with-us\/"]}]},{"@type":"BreadcrumbList","@id":"https:\/\/subiton.com\/en\/work-with-us\/#breadcrumb","itemListElement":[{"@type":"ListItem","position":1,"name":"Portada","item":"https:\/\/subiton.com\/en\/"},{"@type":"ListItem","position":2,"name":"Work with us"}]},{"@type":"WebSite","@id":"https:\/\/subiton.com\/en\/#website","url":"https:\/\/subiton.com\/en\/","name":"Subiton","description":"Laboratorios SL S.A.","publisher":{"@id":"https:\/\/subiton.com\/en\/#organization"},"potentialAction":[{"@type":"SearchAction","target":{"@type":"EntryPoint","urlTemplate":"https:\/\/subiton.com\/en\/?s={search_term_string}"},"query-input":{"@type":"PropertyValueSpecification","valueRequired":true,"valueName":"search_term_string"}}],"inLanguage":"en-US"},{"@type":"Organization","@id":"https:\/\/subiton.com\/en\/#organization","name":"Subiton","url":"https:\/\/subiton.com\/en\/","logo":{"@type":"ImageObject","inLanguage":"en-US","@id":"https:\/\/subiton.com\/en\/#\/schema\/logo\/image\/","url":"https:\/\/subiton.com\/wp-content\/uploads\/2017\/11\/logo_subiton_azul-1.png","contentUrl":"https:\/\/subiton.com\/wp-content\/uploads\/2017\/11\/logo_subiton_azul-1.png","width":180,"height":43,"caption":"Subiton"},"image":{"@id":"https:\/\/subiton.com\/en\/#\/schema\/logo\/image\/"},"sameAs":["https:\/\/www.linkedin.com\/company\/subiton-laboratorios-sl-sa\/","https:\/\/www.youtube.com\/channel\/UC8B4_Z3h0_Q1agT-sABTYQw?view_as=subscriber"]}]}},"_links":{"self":[{"href":"https:\/\/subiton.com\/en\/wp-json\/wp\/v2\/pages\/19562","targetHints":{"allow":["GET"]}}],"collection":[{"href":"https:\/\/subiton.com\/en\/wp-json\/wp\/v2\/pages"}],"about":[{"href":"https:\/\/subiton.com\/en\/wp-json\/wp\/v2\/types\/page"}],"author":[{"embeddable":true,"href":"https:\/\/subiton.com\/en\/wp-json\/wp\/v2\/users\/1"}],"replies":[{"embeddable":true,"href":"https:\/\/subiton.com\/en\/wp-json\/wp\/v2\/comments?post=19562"}],"version-history":[{"count":19,"href":"https:\/\/subiton.com\/en\/wp-json\/wp\/v2\/pages\/19562\/revisions"}],"predecessor-version":[{"id":20982,"href":"https:\/\/subiton.com\/en\/wp-json\/wp\/v2\/pages\/19562\/revisions\/20982"}],"wp:attachment":[{"href":"https:\/\/subiton.com\/en\/wp-json\/wp\/v2\/media?parent=19562"}],"curies":[{"name":"wp","href":"https:\/\/api.w.org\/{rel}","templated":true}]}}